{"id":87,"date":"2022-08-22T18:56:48","date_gmt":"2022-08-22T18:56:48","guid":{"rendered":"https:\/\/generales.uprrp.edu\/upward-bound\/?page_id=87"},"modified":"2022-08-24T17:44:40","modified_gmt":"2022-08-24T17:44:40","slug":"ofrecimientos","status":"publish","type":"page","link":"https:\/\/generales.uprrp.edu\/upward-bound\/ofrecimientos\/","title":{"rendered":"Ofrecimientos"},"content":{"rendered":"<ul>\n<li>Clases enriquecedoras de ingl\u00e9s, espa\u00f1ol, ciencias y matem\u00e1ticas. S\u00e1bados de 8:00 a.m. &#8211; 1:00 p.m.<\/li>\n<li>Campamento de verano que incluye cursos acad\u00e9micos, actividades y talleres.<\/li>\n<li>Tutor\u00edas 3:00 p.m. &#8211; 5:00 p.m. de lunes &#8211; jueves.<\/li>\n<li>Orientaci\u00f3n y consejer\u00eda para ayudar a los estudiantes a definir sus metas ocupacionales, acad\u00e9micas y personales.<\/li>\n<li>Repasos para las PAA.<\/li>\n<li>Actividades extracurriculares, viajes estudiantiles, visitas a museos, universidades y otros lugares de inter\u00e9s.<\/li>\n<\/ul>\n<p>&nbsp;<\/p>\n<p><iframe title=\"STEAM Leadership Academy Puerto Rico 2021\" width=\"708\" height=\"398\" src=\"https:\/\/www.youtube.com\/embed\/yw5QCHILzug?feature=oembed\" frameborder=\"0\" allow=\"accelerometer; autoplay; clipboard-write; encrypted-media; gyroscope; picture-in-picture\" allowfullscreen><\/iframe><\/p>\n","protected":false},"excerpt":{"rendered":"<p>Clases enriquecedoras de ingl\u00e9s, espa\u00f1ol, ciencias y matem\u00e1ticas. S\u00e1bados de 8:00 a.m. &#8211; 1:00 p.m. Campamento de verano que incluye cursos acad\u00e9micos, actividades y talleres. Tutor\u00edas 3:00 p.m. &#8211; 5:00 p.m. de lunes &#8211; jueves. Orientaci\u00f3n y consejer\u00eda para ayudar a los estudiantes a definir sus metas ocupacionales, acad\u00e9micas y personales. Repasos para las PAA.<\/p>\n","protected":false},"author":11,"featured_media":0,"parent":0,"menu_order":0,"comment_status":"closed","ping_status":"closed","template":"","meta":{"footnotes":""},"class_list":["post-87","page","type-page","status-publish"],"amp_enabled":true,"_links":{"self":[{"href":"https:\/\/generales.uprrp.edu\/upward-bound\/wp-json\/wp\/v2\/pages\/87","targetHints":{"allow":["GET"]}}],"collection":[{"href":"https:\/\/generales.uprrp.edu\/upward-bound\/wp-json\/wp\/v2\/pages"}],"about":[{"href":"https:\/\/generales.uprrp.edu\/upward-bound\/wp-json\/wp\/v2\/types\/page"}],"author":[{"embeddable":true,"href":"https:\/\/generales.uprrp.edu\/upward-bound\/wp-json\/wp\/v2\/users\/11"}],"replies":[{"embeddable":true,"href":"https:\/\/generales.uprrp.edu\/upward-bound\/wp-json\/wp\/v2\/comments?post=87"}],"version-history":[{"count":5,"href":"https:\/\/generales.uprrp.edu\/upward-bound\/wp-json\/wp\/v2\/pages\/87\/revisions"}],"predecessor-version":[{"id":104,"href":"https:\/\/generales.uprrp.edu\/upward-bound\/wp-json\/wp\/v2\/pages\/87\/revisions\/104"}],"wp:attachment":[{"href":"https:\/\/generales.uprrp.edu\/upward-bound\/wp-json\/wp\/v2\/media?parent=87"}],"curies":[{"name":"wp","href":"https:\/\/api.w.org\/{rel}","templated":true}]}}