{"id":163,"date":"2025-04-02T19:37:09","date_gmt":"2025-04-02T19:37:09","guid":{"rendered":"https:\/\/generales.uprrp.edu\/upward-bound\/?page_id=163"},"modified":"2025-04-02T19:37:09","modified_gmt":"2025-04-02T19:37:09","slug":"personal-administrativo","status":"publish","type":"page","link":"https:\/\/generales.uprrp.edu\/upward-bound\/personal-administrativo\/","title":{"rendered":"Personal Administrativo"},"content":{"rendered":"<p>Dra. Mara Luna P\u00e9rez<br \/>\nDirectora<br \/>\nmara.luna@upr.edu<\/p>\n<p>Dr. Alfredo Santiago Ortega<br \/>\nDirector Asociado<br \/>\nalfredo.santiago2@upr.edu<\/p>\n<p>Sra. Iris Delgado<br \/>\n<span data-olk-copy-source=\"MessageBody\">Oficial Administrativo I<\/span><br \/>\niris.delgado@upr.edu<\/p>\n<p>Profa. Mariana Franqui<br \/>\nConsejera<br \/>\nmariana.franqui@upr.edu<\/p>\n<p class=\"p1\"><span data-olk-copy-source=\"MessageBody\">Clarissa P\u00e9rez Nieves<\/span><br \/>\nAsist. de C\u00e1tedra Orientaci\u00f3n<\/p>\n","protected":false},"excerpt":{"rendered":"<p>Dra. Mara Luna P\u00e9rez Directora mara.luna@upr.edu Dr. Alfredo Santiago Ortega Director Asociado alfredo.santiago2@upr.edu Sra. Iris Delgado Oficial Administrativo I iris.delgado@upr.edu Profa. Mariana Franqui Consejera mariana.franqui@upr.edu Clarissa P\u00e9rez Nieves Asist. de C\u00e1tedra Orientaci\u00f3n<\/p>\n","protected":false},"author":11,"featured_media":0,"parent":0,"menu_order":0,"comment_status":"closed","ping_status":"closed","template":"","meta":{"footnotes":""},"class_list":["post-163","page","type-page","status-publish"],"amp_enabled":true,"_links":{"self":[{"href":"https:\/\/generales.uprrp.edu\/upward-bound\/wp-json\/wp\/v2\/pages\/163","targetHints":{"allow":["GET"]}}],"collection":[{"href":"https:\/\/generales.uprrp.edu\/upward-bound\/wp-json\/wp\/v2\/pages"}],"about":[{"href":"https:\/\/generales.uprrp.edu\/upward-bound\/wp-json\/wp\/v2\/types\/page"}],"author":[{"embeddable":true,"href":"https:\/\/generales.uprrp.edu\/upward-bound\/wp-json\/wp\/v2\/users\/11"}],"replies":[{"embeddable":true,"href":"https:\/\/generales.uprrp.edu\/upward-bound\/wp-json\/wp\/v2\/comments?post=163"}],"version-history":[{"count":1,"href":"https:\/\/generales.uprrp.edu\/upward-bound\/wp-json\/wp\/v2\/pages\/163\/revisions"}],"predecessor-version":[{"id":164,"href":"https:\/\/generales.uprrp.edu\/upward-bound\/wp-json\/wp\/v2\/pages\/163\/revisions\/164"}],"wp:attachment":[{"href":"https:\/\/generales.uprrp.edu\/upward-bound\/wp-json\/wp\/v2\/media?parent=163"}],"curies":[{"name":"wp","href":"https:\/\/api.w.org\/{rel}","templated":true}]}}