{"id":13,"date":"2017-02-22T17:20:46","date_gmt":"2017-02-22T17:20:46","guid":{"rendered":"http:\/\/generalesdv.uprrp.edu\/upward-bound\/?page_id=13"},"modified":"2025-03-31T18:53:27","modified_gmt":"2025-03-31T18:53:27","slug":"sobre-upward-bound","status":"publish","type":"page","link":"https:\/\/generales.uprrp.edu\/upward-bound\/","title":{"rendered":"Sobre Upward Bound"},"content":{"rendered":"\t\t<div data-elementor-type=\"wp-page\" data-elementor-id=\"13\" class=\"elementor elementor-13\">\n\t\t\t\t\t\t<section class=\"elementor-section elementor-top-section elementor-element elementor-element-db3f94d elementor-section-boxed elementor-section-height-default elementor-section-height-default\" data-id=\"db3f94d\" data-element_type=\"section\" data-e-type=\"section\">\n\t\t\t\t\t\t<div class=\"elementor-container elementor-column-gap-default\">\n\t\t\t\t\t<div class=\"elementor-column elementor-col-100 elementor-top-column elementor-element elementor-element-6422a6e\" data-id=\"6422a6e\" data-element_type=\"column\" data-e-type=\"column\">\n\t\t\t<div class=\"elementor-widget-wrap elementor-element-populated\">\n\t\t\t\t\t\t<div class=\"elementor-element elementor-element-39eda9b elementor-widget elementor-widget-text-editor\" data-id=\"39eda9b\" data-element_type=\"widget\" data-e-type=\"widget\" data-widget_type=\"text-editor.default\">\n\t\t\t\t<div class=\"elementor-widget-container\">\n\t\t\t\t\t\t\t\t\t<h4>Sobre Upward Bound<\/h4><p>Upward Bound es un programa educativo creado especialmente para estudiantes de escuela superior desde el noveno grado que provienen de familias de primera generaci\u00f3n de universitarios y con ingresos econ\u00f3micos limitados. Los interesados en participar deben aspirar a una carrera Universitaria en el futuro y desear mejorar sus destrezas acad\u00e9micas para lograr esta meta.<\/p><h4>Metas y objetivos<\/h4><p>En el Programa Upward Bound promovemos en los participantes la motivaci\u00f3n por el estudio y la superaci\u00f3n, estableci\u00e9ndose metas a corto y largo plazo para que prosigan estudios universitarios para lograr un bachillerato y obtener mejores oportunidades de empleo en el futuro.<\/p>\t\t\t\t\t\t\t\t<\/div>\n\t\t\t\t<\/div>\n\t\t\t\t\t<\/div>\n\t\t<\/div>\n\t\t\t\t\t<\/div>\n\t\t<\/section>\n\t\t\t\t<\/div>\n\t\t","protected":false},"excerpt":{"rendered":"<p>Sobre Upward Bound Upward Bound es un programa educativo creado especialmente para estudiantes de escuela superior desde el noveno grado que provienen de familias de primera generaci\u00f3n de universitarios y con ingresos econ\u00f3micos limitados. Los interesados en participar deben aspirar a una carrera Universitaria en el futuro y desear mejorar sus destrezas acad\u00e9micas para lograr<\/p>\n","protected":false},"author":16,"featured_media":0,"parent":0,"menu_order":0,"comment_status":"closed","ping_status":"closed","template":"page-templates\/blocks.php","meta":{"footnotes":""},"class_list":["post-13","page","type-page","status-publish"],"amp_enabled":false,"_links":{"self":[{"href":"https:\/\/generales.uprrp.edu\/upward-bound\/wp-json\/wp\/v2\/pages\/13","targetHints":{"allow":["GET"]}}],"collection":[{"href":"https:\/\/generales.uprrp.edu\/upward-bound\/wp-json\/wp\/v2\/pages"}],"about":[{"href":"https:\/\/generales.uprrp.edu\/upward-bound\/wp-json\/wp\/v2\/types\/page"}],"author":[{"embeddable":true,"href":"https:\/\/generales.uprrp.edu\/upward-bound\/wp-json\/wp\/v2\/users\/16"}],"replies":[{"embeddable":true,"href":"https:\/\/generales.uprrp.edu\/upward-bound\/wp-json\/wp\/v2\/comments?post=13"}],"version-history":[{"count":22,"href":"https:\/\/generales.uprrp.edu\/upward-bound\/wp-json\/wp\/v2\/pages\/13\/revisions"}],"predecessor-version":[{"id":158,"href":"https:\/\/generales.uprrp.edu\/upward-bound\/wp-json\/wp\/v2\/pages\/13\/revisions\/158"}],"wp:attachment":[{"href":"https:\/\/generales.uprrp.edu\/upward-bound\/wp-json\/wp\/v2\/media?parent=13"}],"curies":[{"name":"wp","href":"https:\/\/api.w.org\/{rel}","templated":true}]}}