{"id":9,"date":"2017-02-16T15:16:18","date_gmt":"2017-02-16T15:16:18","guid":{"rendered":"http:\/\/generalesdv.uprrp.edu\/trio\/?page_id=9"},"modified":"2017-09-14T18:04:35","modified_gmt":"2017-09-14T18:04:35","slug":"programas-trio","status":"publish","type":"page","link":"https:\/\/generales.uprrp.edu\/trio\/","title":{"rendered":"Talent Search"},"content":{"rendered":"<h3 style=\"text-align: left\"><img decoding=\"async\" class=\" wp-image-107 alignleft\" src=\"https:\/\/generales.uprrp.edu\/trio\/wp-content\/uploads\/sites\/16\/2017\/02\/377807_358672510816752_902298399_n-235x300.jpg\" alt=\"\" width=\"150\" height=\"192\" srcset=\"https:\/\/generales.uprrp.edu\/trio\/wp-content\/uploads\/sites\/16\/2017\/02\/377807_358672510816752_902298399_n-235x300.jpg 235w, https:\/\/generales.uprrp.edu\/trio\/wp-content\/uploads\/sites\/16\/2017\/02\/377807_358672510816752_902298399_n-233x300.jpg 233w, https:\/\/generales.uprrp.edu\/trio\/wp-content\/uploads\/sites\/16\/2017\/02\/377807_358672510816752_902298399_n.jpg 603w, https:\/\/generales.uprrp.edu\/trio\/wp-content\/uploads\/sites\/16\/2017\/02\/377807_358672510816752_902298399_n-235x300@2x.jpg 470w, https:\/\/generales.uprrp.edu\/trio\/wp-content\/uploads\/sites\/16\/2017\/02\/377807_358672510816752_902298399_n-233x300@2x.jpg 466w\" sizes=\"(max-width: 150px) 100vw, 150px\" \/>Sobre Talent Search<\/h3>\n<p style=\"text-align: left\">El Programa TRIO Talent Search es auspiciado por el Departamento de Educaci\u00f3n de los Estados Unidos en coordinaci\u00f3n con la Facultad de Estudios Generales de la Universidad de Puerto Rico, Recinto de R\u00edo Piedras. Este Programa ofrece servicios educativos a 1,046 j\u00f3venes de 17 escuelas p\u00fablicas en R\u00edo Piedras, Hato Rey, Santurce, Fajardo y Vieques.<\/p>\n<h3><\/h3>\n<h3>Metas<\/h3>\n<p>Las metas principales son:<\/p>\n<ul>\n<li>promover y facilitar la retenci\u00f3n y el aprovechamiento acad\u00e9mico de los estudiantes;<\/li>\n<li>enriquecer y facilitar el desarrollo personal, acad\u00e9mico y cultural de los estudiantes;<\/li>\n<li>promover y facilitar que estudiantes talentosos de escasos recursos econ\u00f3micos y primera generaci\u00f3n universitaria contin\u00faen y completen estudios a nivel postsecundario.<\/li>\n<\/ul>\n<h3>Servicios<\/h3>\n<p>Los servicios que ofrece el programa son los siguientes:<\/p>\n<ul>\n<li>Orientaci\u00f3n sobre ayudas econ\u00f3micas y FAFSA.<\/li>\n<li>Mini-cursos de Ingl\u00e9s conversacional y gramatical, Espa\u00f1ol, Matem\u00e1ticas y Ciencias (Biolog\u00eda, F\u00edsica y Qu\u00edmica).<\/li>\n<li>Tutor\u00edas individuales y grupales en Ingl\u00e9s, Espa\u00f1ol, Matem\u00e1ticas, Ciencias y Computadora.<\/li>\n<li>Orientaci\u00f3n personal, vocacional y acad\u00e9mica.<\/li>\n<li>Talleres especiales (uso de laboratorios, conservaci\u00f3n del medio ambiente, idiomas, geometr\u00eda, \u00e1lgebra y otros).<\/li>\n<li>Visitas a instituciones universitarias y a centros de trabajo.<\/li>\n<li>Tutor\u00eda para el examen del PEAU (College Board).<\/li>\n<li>Viajes, conferencias y actividades para promover el desarrollo cultural.<\/li>\n<li>Preparaci\u00f3n para la vida universitaria.<\/li>\n<li>Tutor\u00edas y orientaci\u00f3n para estudiantes que no hayan completado la escuela superior.<\/li>\n<li>Desarrollo de liderato.<\/li>\n<\/ul>\n<h3>Requisitos de elegibilidad:<\/h3>\n<ul>\n<li>Estudiantes con escasos recursos econ\u00f3micos y ser, potencialmente, primera generaci\u00f3n universitaria (tener padres que no hayan obtenido bachillerato).<\/li>\n<li>Estudiantes con potencial para continuar estudios postsecundarios de escuelas p\u00fablicas participantes de nivel elemental, intermedio y superior.<\/li>\n<li>Estudiantes que no hayan completado la escuela superior.<\/li>\n<\/ul>\n","protected":false},"excerpt":{"rendered":"<p>Sobre Talent Search El Programa TRIO Talent Search es auspiciado por el Departamento de Educaci\u00f3n de los Estados Unidos en coordinaci\u00f3n con la Facultad de Estudios Generales de la Universidad de Puerto Rico, Recinto de R\u00edo Piedras. Este Programa ofrece servicios educativos a 1,046 j\u00f3venes de 17 escuelas p\u00fablicas en R\u00edo Piedras, Hato Rey, Santurce,<\/p>\n","protected":false},"author":16,"featured_media":0,"parent":0,"menu_order":0,"comment_status":"closed","ping_status":"closed","template":"","meta":{"footnotes":""},"class_list":["post-9","page","type-page","status-publish"],"amp_enabled":false,"_links":{"self":[{"href":"https:\/\/generales.uprrp.edu\/trio\/wp-json\/wp\/v2\/pages\/9","targetHints":{"allow":["GET"]}}],"collection":[{"href":"https:\/\/generales.uprrp.edu\/trio\/wp-json\/wp\/v2\/pages"}],"about":[{"href":"https:\/\/generales.uprrp.edu\/trio\/wp-json\/wp\/v2\/types\/page"}],"author":[{"embeddable":true,"href":"https:\/\/generales.uprrp.edu\/trio\/wp-json\/wp\/v2\/users\/16"}],"replies":[{"embeddable":true,"href":"https:\/\/generales.uprrp.edu\/trio\/wp-json\/wp\/v2\/comments?post=9"}],"version-history":[{"count":16,"href":"https:\/\/generales.uprrp.edu\/trio\/wp-json\/wp\/v2\/pages\/9\/revisions"}],"predecessor-version":[{"id":123,"href":"https:\/\/generales.uprrp.edu\/trio\/wp-json\/wp\/v2\/pages\/9\/revisions\/123"}],"wp:attachment":[{"href":"https:\/\/generales.uprrp.edu\/trio\/wp-json\/wp\/v2\/media?parent=9"}],"curies":[{"name":"wp","href":"https:\/\/api.w.org\/{rel}","templated":true}]}}