{"id":52,"date":"2017-03-01T20:11:00","date_gmt":"2017-03-01T20:11:00","guid":{"rendered":"http:\/\/generalesdv.uprrp.edu\/psae\/?page_id=52"},"modified":"2019-08-08T15:45:17","modified_gmt":"2019-08-08T15:45:17","slug":"componentes-del-programa","status":"publish","type":"page","link":"https:\/\/generales.uprrp.edu\/psae\/componentes-del-programa\/","title":{"rendered":"Componentes del Programa"},"content":{"rendered":"<h1 style=\"text-align: center\">COMPONENTE ACAD\u00c9MICO<\/h1>\n<p><span style=\"color: #000000\">El Componente Acad\u00e9mico y de Tutor\u00edas se conoce por ser la espina dorsal del PSAE. El estudiante recibe herramientas para enfrentar los retos de sus cursos por parte de un grupo de tutores, estudiantes sobresalientes en sus disciplinas, que a su vez han enfrentado los obst\u00e1culos de la vida universitaria. El tutor, conoce el d\u00eda a d\u00eda de la vida universitaria y los retos que conlleva por lo cual se convierte no tan solo es un mentor de una materia sino un ejemplo del \u00e9xito acad\u00e9mico.<\/span><\/p>\n<p><span style=\"color: #000000\">El componente acad\u00e9mico ofrece:<\/span><\/p>\n<ul>\n<li><span style=\"color: #000000\">Verano intensivo en ingl\u00e9s, espa\u00f1ol, matem\u00e1ticas, ciencias y computadoras.<\/span><\/li>\n<li><span style=\"color: #000000\">Tutor\u00edas en todos los cursos de la Facultad de Estudios Generales, matem\u00e1ticas y m\u00e9todos cuantitativos.<\/span><\/li>\n<li><span style=\"color: #000000\">Oportunidad de participar en actividades auspiciadas por la Asociaci\u00f3n Caribe\u00f1a de los Programas TRIO y el COE (Council for Opportunity in Education).<\/span><\/li>\n<li><span style=\"color: #000000\">Certamen literario y competencias variadas (afiches, postales, fotograf\u00edas, entre otros).<\/span><\/li>\n<li><span style=\"color: #000000\">Seminario de l\u00edderes.<\/span><\/li>\n<li><span style=\"color: #000000\">Viajes de estudios.<\/span><\/li>\n<\/ul>\n<hr \/>\n<h1 style=\"text-align: center\">SERVICIOS DE CONSEJER\u00cdA, ORIENTACI\u00d3N Y MENTOR\u00cdA<\/h1>\n<p><span style=\"color: #000000\">La experiencia de la vida universitaria ofrece una serie de retos a lo cuales se acumulan las circunstancias de cada estudiante no solo acade\u0301micas sino personales. Es importante para cada estudiante manejar estas situaciones y crear un buen balance entre lo acad\u00e9mico y lo personal. Por esta razo\u0301n el Programa cuenta con los servicios de Consejeri\u0301a, Mentori\u0301a y Orientacio\u0301n con el objetivo de brindar herramientas al estudiante para enfrentar los problemas tanto externos como internos de la Academia. Es nuestro intere\u0301s que el estudiante no solo trascienda exitosamente estos retos sino que logre su transicio\u0301n de Escuela Superior a la Universidad, logrando su proceso de matricula exitosamente y aprovechando todos los servicios que provee el Recinto (Ayudas Financiera, Escuela Graduada, Intercambios) y logre pasar sus cursos y graduarse con el mejor promedio posible.<\/span><\/p>\n<h3 style=\"text-align: left\"><span style=\"color: #ff0000\">ORIENTACI\u00d3N ACAD\u00c9MICA<\/span><\/h3>\n<p><strong><span style=\"color: #000000\">Se ofrece la informaci\u00f3n que el estudiante necesita en relaci\u00f3n con:<\/span><\/strong><\/p>\n<ul>\n<li><span style=\"color: #000000\">Procesos de matr\u00edcula.<\/span><\/li>\n<li><span style=\"color: #000000\">Requisitos de admisi\u00f3n a las distintas facultades con sus respectivas concentraciones y carga acad\u00e9mica.<\/span><\/li>\n<li><span style=\"color: #000000\">Asesoramiento sobre bajas totales, parciales y probatoria acad\u00e9mica.<\/span><\/li>\n<li><span style=\"color: #000000\">Manejo del tiempo.<\/span><\/li>\n<li><span style=\"color: #000000\">Estudios graduados.<\/span><\/li>\n<\/ul>\n<h3 style=\"text-align: left\"><span style=\"color: #ff0000\">ORIENTACI\u00d3N VOCACIONAL<\/span><\/h3>\n<p><strong><span style=\"color: #000000\">El estudiante recibe orientaci\u00f3n para que aprenda a:<\/span><\/strong><\/p>\n<ul>\n<li><span style=\"color: #000000\">descubrir alternativas vocacionales, intereses y aptitudes mediante la administraci\u00f3n de pruebas estandarizadas<\/span><\/li>\n<li><span style=\"color: #000000\">desarrollar destrezas para la toma de decisiones vocacionales<\/span><\/li>\n<li><span style=\"color: #000000\">establecer la relaci\u00f3n entre la labor acad\u00e9mica y los requisitos para estudiar determinada profesi\u00f3n<\/span><\/li>\n<\/ul>\n<h3 style=\"text-align: left\"><span style=\"color: #ff0000\">ORIENTACI\u00d3N PERSONAL<\/span><\/h3>\n<p><strong><span style=\"color: #000000\">El estudiante recibe ayuda en situaciones tales como:<\/span><\/strong><\/p>\n<ul>\n<li><span style=\"color: #000000\">Ajustes a la vida universitaria.<\/span><\/li>\n<li><span style=\"color: #000000\">Dificultad en relaciones interpersonales.<\/span><\/li>\n<li><span style=\"color: #000000\">Problemas familiares.<\/span><\/li>\n<li><span style=\"color: #000000\">Dificultades en completar solicitud de asistencia.<\/span><\/li>\n<li><span style=\"color: #000000\">Econ\u00f3mica literacia financiera y econ\u00f3mica.<\/span><\/li>\n<li><span style=\"color: #000000\">Experiencia en servicio voluntario.<\/span><\/li>\n<\/ul>\n<p style=\"text-align: center\"><strong><span style=\"color: #000000\">Mediante la asistencia del mentor se asegura que el estudiante:<\/span><\/strong><\/p>\n<ul>\n<li><span style=\"color: #000000\">Se integre exitosamente a la comunidad acade\u0301mica.<\/span><\/li>\n<li><span style=\"color: #000000\">Se incorpore a los sistemas sociales de la institucio\u0301n para hacerlos conscientes de los servicios que esta\u0301n a su disposicio\u0301n.<\/span><\/li>\n<li><span style=\"color: #000000\">Trabaje directamente con su gui\u0301a acade\u0301mico que le sirve de apoyo personal y modelo profesional.<\/span><\/li>\n<\/ul>\n<hr \/>\n<h1 style=\"text-align: center\">COMPONENTE CULTURAL<\/h1>\n<p><span style=\"color: #000000\">Las actividades culturales representan una parte importante no solo de nuestro Programa sino de la experiencia acade\u0301mica. Si bien la universidad nos prepara para convertirnos en seres capaces y profesionales no hay duda de que la Academia necesita trascender del salo\u0301n de clase y brindar este conocimiento aprendido a la sociedad que la rodea. El PSAE reconoce esta importancia y durante an\u0303os nuestros estudiantes han aprendido de su entorno en actividades de contenido, hist\u00f3rico, social, cultural y cienti\u0301fico. Los que participan del PSAE han conocido sus playas en Puerto Rico, La flora y fauna costaricense, la cultura de nuestra hermana Rep.Dominica e incluso la cultura de los Estados Unidos y Espan\u0303a. Estas experiencias otorgan a la comunidad de nuestro Programa una educacio\u0301n completa que va ma\u0301s alla\u0301 de su salo\u0301n de clase y combina la diversidad de otros lugares de Puerto Rico y el mundo.<\/span><\/p>\n<ul>\n<li><strong><span style=\"color: #000000\">El Programa organiza visitas a museos, galer\u00edas de arte y otros lugares de inter\u00e9s hist\u00f3rico, cient\u00edfico o human\u00edstico. <\/span><\/strong><\/li>\n<li><strong><span style=\"color: #000000\">Le provee al estudiante la oportunidad de asistir a obras teatrales y a conferencias en y fuera de la instituci\u00f3n. <\/span><\/strong><\/li>\n<li><strong><span style=\"color: #000000\">Adem\u00e1s, organiza viajes a otros lugares en el Caribe y los Estados Unidos y provee oportunidades de aprendizaje en el servicio voluntario.<\/span><\/strong><\/li>\n<\/ul>\n","protected":false},"excerpt":{"rendered":"<p>COMPONENTE ACAD\u00c9MICO El Componente Acad\u00e9mico y de Tutor\u00edas se conoce por ser la espina dorsal del PSAE. El estudiante recibe herramientas para enfrentar los retos de sus cursos por parte de un grupo de tutores, estudiantes sobresalientes en sus disciplinas, que a su vez han enfrentado los obst\u00e1culos de la vida universitaria. El tutor, conoce<\/p>\n","protected":false},"author":16,"featured_media":0,"parent":0,"menu_order":0,"comment_status":"closed","ping_status":"closed","template":"","meta":{"footnotes":""},"class_list":["post-52","page","type-page","status-publish"],"amp_enabled":true,"_links":{"self":[{"href":"https:\/\/generales.uprrp.edu\/psae\/wp-json\/wp\/v2\/pages\/52","targetHints":{"allow":["GET"]}}],"collection":[{"href":"https:\/\/generales.uprrp.edu\/psae\/wp-json\/wp\/v2\/pages"}],"about":[{"href":"https:\/\/generales.uprrp.edu\/psae\/wp-json\/wp\/v2\/types\/page"}],"author":[{"embeddable":true,"href":"https:\/\/generales.uprrp.edu\/psae\/wp-json\/wp\/v2\/users\/16"}],"replies":[{"embeddable":true,"href":"https:\/\/generales.uprrp.edu\/psae\/wp-json\/wp\/v2\/comments?post=52"}],"version-history":[{"count":2,"href":"https:\/\/generales.uprrp.edu\/psae\/wp-json\/wp\/v2\/pages\/52\/revisions"}],"predecessor-version":[{"id":164,"href":"https:\/\/generales.uprrp.edu\/psae\/wp-json\/wp\/v2\/pages\/52\/revisions\/164"}],"wp:attachment":[{"href":"https:\/\/generales.uprrp.edu\/psae\/wp-json\/wp\/v2\/media?parent=52"}],"curies":[{"name":"wp","href":"https:\/\/api.w.org\/{rel}","templated":true}]}}