{"id":408,"date":"2022-11-08T19:06:09","date_gmt":"2022-11-08T19:06:09","guid":{"rendered":"https:\/\/generales.uprrp.edu\/psae\/?page_id=408"},"modified":"2025-09-04T13:11:28","modified_gmt":"2025-09-04T13:11:28","slug":"cronologia-del-psae","status":"publish","type":"page","link":"https:\/\/generales.uprrp.edu\/psae\/cronologia-del-psae\/","title":{"rendered":"Cronolog\u00eda del PSAE"},"content":{"rendered":"<p><strong>1968-71<\/strong>\u00a0\u2013 Programa Experimental en la Base Buchanan llamado Centro Experimental de Estudios Universitarios.<\/p>\n<p><strong>1971-73<\/strong>\u00a0\u2013 Programa Experimental de Estudios Universitarios ubicado en la Facultad de Estudios Generales (PEXU).<\/p>\n<p><strong>1973-74<\/strong>\u00a0\u2013 Primer a\u00f1o que recibe fondos federales. Comienza llam\u00e1ndose Programa de Servicios Acad\u00e9micos Especiales (PSAE).<\/p>\n<p><strong>1973-1990<\/strong>\u00a0\u2013 El Programa brinda servicios a estudiantes que originalmente hab\u00edan sido denegados a la UPR, PSAE les admite condicionadamente para estudiar en el Recinto.<\/p>\n<p><strong>1991<\/strong>\u00a0\u2013 Actualidad \u2013 Participan los estudiantes regulares admitidos al Recinto y que cumplan con los criterios establecidos en la propuesta federal.<\/p>\n<p><strong>2010<\/strong>\u00a0\u2013 El Programa pasa a llamarse Programa de Servicios Acad\u00e9micos Educativos, manteniendo nuestras siglas hist\u00f3ricas.<\/p>\n<p><strong>2015<\/strong>\u00a0\u2013 Se aprueba propuesta de fondos federales que garantiza 5 a\u00f1os de financiaci\u00f3n.<\/p>\n<p><strong>2016<\/strong>\u00a0\u2013 El Programa pasa a llamarse Programa de Servicios de Apoyo al Estudiante, a\u00fan manteniendo nuestras siglas hist\u00f3ricas.<\/p>\n<p><strong>2025<\/strong> \u2013 Se acepta nuevamente la propuesta para otro ciclo de cinco a\u00f1os.<\/p>\n","protected":false},"excerpt":{"rendered":"<p>1968-71\u00a0\u2013 Programa Experimental en la Base Buchanan llamado Centro Experimental de Estudios Universitarios. 1971-73\u00a0\u2013 Programa Experimental de Estudios Universitarios ubicado en la Facultad de Estudios Generales (PEXU). 1973-74\u00a0\u2013 Primer a\u00f1o que recibe fondos federales. Comienza llam\u00e1ndose Programa de Servicios Acad\u00e9micos Especiales (PSAE). 1973-1990\u00a0\u2013 El Programa brinda servicios a estudiantes que originalmente hab\u00edan sido denegados a<\/p>\n","protected":false},"author":11,"featured_media":0,"parent":0,"menu_order":0,"comment_status":"closed","ping_status":"closed","template":"","meta":{"footnotes":""},"class_list":["post-408","page","type-page","status-publish"],"amp_enabled":true,"_links":{"self":[{"href":"https:\/\/generales.uprrp.edu\/psae\/wp-json\/wp\/v2\/pages\/408","targetHints":{"allow":["GET"]}}],"collection":[{"href":"https:\/\/generales.uprrp.edu\/psae\/wp-json\/wp\/v2\/pages"}],"about":[{"href":"https:\/\/generales.uprrp.edu\/psae\/wp-json\/wp\/v2\/types\/page"}],"author":[{"embeddable":true,"href":"https:\/\/generales.uprrp.edu\/psae\/wp-json\/wp\/v2\/users\/11"}],"replies":[{"embeddable":true,"href":"https:\/\/generales.uprrp.edu\/psae\/wp-json\/wp\/v2\/comments?post=408"}],"version-history":[{"count":4,"href":"https:\/\/generales.uprrp.edu\/psae\/wp-json\/wp\/v2\/pages\/408\/revisions"}],"predecessor-version":[{"id":567,"href":"https:\/\/generales.uprrp.edu\/psae\/wp-json\/wp\/v2\/pages\/408\/revisions\/567"}],"wp:attachment":[{"href":"https:\/\/generales.uprrp.edu\/psae\/wp-json\/wp\/v2\/media?parent=408"}],"curies":[{"name":"wp","href":"https:\/\/api.w.org\/{rel}","templated":true}]}}