{"id":405,"date":"2022-11-08T19:03:42","date_gmt":"2022-11-08T19:03:42","guid":{"rendered":"https:\/\/generales.uprrp.edu\/psae\/?page_id=405"},"modified":"2024-09-26T17:54:37","modified_gmt":"2024-09-26T17:54:37","slug":"historia-del-psae","status":"publish","type":"page","link":"https:\/\/generales.uprrp.edu\/psae\/historia-del-psae\/","title":{"rendered":"Historia del PSAE"},"content":{"rendered":"<p>El Programa de Servicios de Apoyo al Estudiante (PSAE) fue creado bajo el T\u00edtulo IV de la Ley Federal de Educaci\u00f3n Superior y es subvencionados con fondos del Departamento de Educaci\u00f3n de los Estados Unidos. El PSAE est\u00e1 dise\u00f1ado para servir a estudiantes de primera generaci\u00f3n universitaria, de bajos ingresos econ\u00f3micos y\/o con diversidad funcional para que completen exitosamente un programa de estudio a nivel de bachillerato. Los y las participantes del PSAE reciben servicios de apoyo en consejer\u00eda, mentor\u00eda, tutor\u00eda individual y grupal, orientaci\u00f3n en la selecci\u00f3n de cursos, ayuda econ\u00f3mica, vivienda, exposici\u00f3n a actividades culturales y viajes durante su carrera universitaria.<\/p>\n<p>El PSAE ha sido un programa exitoso en sus m\u00e1s de 50 a\u00f1os de existencia en la Facultad de Estudios Generales. El ciclo de la propuesta actual comenz\u00f3 en el a\u00f1o 2020, pasando por un proceso extremadamente competitivo y cubre el per\u00edodo desde el 1 de septiembre de 2020 hasta el 31 de agosto de 2025. Se redact\u00f3 una nueva propuesta para el ciclo 2025-2030. El Programa representa un financiamiento, por parte del Departamento de Educaci\u00f3n de los Estados Unidos, de m\u00e1s de un mill\u00f3n d\u00f3lares en fondos externos al Recinto de R\u00edo Piedras.<\/p>\n","protected":false},"excerpt":{"rendered":"<p>El Programa de Servicios de Apoyo al Estudiante (PSAE) fue creado bajo el T\u00edtulo IV de la Ley Federal de Educaci\u00f3n Superior y es subvencionados con fondos del Departamento de Educaci\u00f3n de los Estados Unidos. El PSAE est\u00e1 dise\u00f1ado para servir a estudiantes de primera generaci\u00f3n universitaria, de bajos ingresos econ\u00f3micos y\/o con diversidad funcional<\/p>\n","protected":false},"author":11,"featured_media":0,"parent":0,"menu_order":0,"comment_status":"closed","ping_status":"closed","template":"","meta":{"footnotes":""},"class_list":["post-405","page","type-page","status-publish"],"amp_enabled":true,"_links":{"self":[{"href":"https:\/\/generales.uprrp.edu\/psae\/wp-json\/wp\/v2\/pages\/405","targetHints":{"allow":["GET"]}}],"collection":[{"href":"https:\/\/generales.uprrp.edu\/psae\/wp-json\/wp\/v2\/pages"}],"about":[{"href":"https:\/\/generales.uprrp.edu\/psae\/wp-json\/wp\/v2\/types\/page"}],"author":[{"embeddable":true,"href":"https:\/\/generales.uprrp.edu\/psae\/wp-json\/wp\/v2\/users\/11"}],"replies":[{"embeddable":true,"href":"https:\/\/generales.uprrp.edu\/psae\/wp-json\/wp\/v2\/comments?post=405"}],"version-history":[{"count":2,"href":"https:\/\/generales.uprrp.edu\/psae\/wp-json\/wp\/v2\/pages\/405\/revisions"}],"predecessor-version":[{"id":509,"href":"https:\/\/generales.uprrp.edu\/psae\/wp-json\/wp\/v2\/pages\/405\/revisions\/509"}],"wp:attachment":[{"href":"https:\/\/generales.uprrp.edu\/psae\/wp-json\/wp\/v2\/media?parent=405"}],"curies":[{"name":"wp","href":"https:\/\/api.w.org\/{rel}","templated":true}]}}