{"id":40,"date":"2017-03-01T19:47:34","date_gmt":"2017-03-01T19:47:34","guid":{"rendered":"http:\/\/generalesdv.uprrp.edu\/psae\/?page_id=40"},"modified":"2023-03-17T19:39:59","modified_gmt":"2023-03-17T19:39:59","slug":"pre-universitario","status":"publish","type":"page","link":"https:\/\/generales.uprrp.edu\/psae\/pre-universitario\/","title":{"rendered":"Pre Universitario"},"content":{"rendered":"<p><span style=\"color: #000000\">La transici\u00f3n de la escuela superior a la Universidad representa un cambio lleno de retos y nuevos encuentros. Es por esta raz\u00f3n que PSAE provee una experiencia de verano de 4 semanas en la cual el estudiante comienza a conocer su nuevo ambiente universitario: cursos, profesores, facultades, desempe\u00f1o acad\u00e9mico y su entorno tanto interno como externo a la Universidad. El objetivo de este proceso es que el estudiante llegue en agosto con la ventaja de que conoce los retos a enfrentar, su nuevo hogar acad\u00e9mico y a sus compa\u00f1eros. Es de esta forma que ya en su primer a\u00f1o, el estudiante de PSAE no entra como &#8220;prepa&#8221; sino como un estudiante que conoce y est\u00e1 al tanto de su Recinto.<\/span><\/p>\n<p><span style=\"color: #000000\">Todo estudiante que haya sido seleccionado para participar del Programa debe asistir al Pre Universitario como parte de los requisitos de ser estudiante activo del PSAE y para continuar recibiendo los servicios. <strong>La denegaci\u00f3n al PSAE no afecta, de ninguna manera, la Admisi\u00f3n General a la Universidad de Puerto Rico, Recinto de R\u00edo Piedras.<\/strong><\/span><\/p>\n<p><iframe title=\"Pre Uni 2022\" width=\"708\" height=\"398\" src=\"https:\/\/www.youtube.com\/embed\/11nTZinebCo?feature=oembed\" frameborder=\"0\" allow=\"accelerometer; autoplay; clipboard-write; encrypted-media; gyroscope; picture-in-picture; web-share\" allowfullscreen><\/iframe><\/p>\n","protected":false},"excerpt":{"rendered":"<p>La transici\u00f3n de la escuela superior a la Universidad representa un cambio lleno de retos y nuevos encuentros. Es por esta raz\u00f3n que PSAE provee una experiencia de verano de 4 semanas en la cual el estudiante comienza a conocer su nuevo ambiente universitario: cursos, profesores, facultades, desempe\u00f1o acad\u00e9mico y su entorno tanto interno como<\/p>\n","protected":false},"author":16,"featured_media":0,"parent":0,"menu_order":0,"comment_status":"closed","ping_status":"closed","template":"","meta":{"footnotes":""},"class_list":["post-40","page","type-page","status-publish"],"amp_enabled":true,"_links":{"self":[{"href":"https:\/\/generales.uprrp.edu\/psae\/wp-json\/wp\/v2\/pages\/40","targetHints":{"allow":["GET"]}}],"collection":[{"href":"https:\/\/generales.uprrp.edu\/psae\/wp-json\/wp\/v2\/pages"}],"about":[{"href":"https:\/\/generales.uprrp.edu\/psae\/wp-json\/wp\/v2\/types\/page"}],"author":[{"embeddable":true,"href":"https:\/\/generales.uprrp.edu\/psae\/wp-json\/wp\/v2\/users\/16"}],"replies":[{"embeddable":true,"href":"https:\/\/generales.uprrp.edu\/psae\/wp-json\/wp\/v2\/comments?post=40"}],"version-history":[{"count":7,"href":"https:\/\/generales.uprrp.edu\/psae\/wp-json\/wp\/v2\/pages\/40\/revisions"}],"predecessor-version":[{"id":420,"href":"https:\/\/generales.uprrp.edu\/psae\/wp-json\/wp\/v2\/pages\/40\/revisions\/420"}],"wp:attachment":[{"href":"https:\/\/generales.uprrp.edu\/psae\/wp-json\/wp\/v2\/media?parent=40"}],"curies":[{"name":"wp","href":"https:\/\/api.w.org\/{rel}","templated":true}]}}