{"id":398,"date":"2022-11-08T19:01:06","date_gmt":"2022-11-08T19:01:06","guid":{"rendered":"https:\/\/generales.uprrp.edu\/psae\/?page_id=398"},"modified":"2022-11-08T19:01:06","modified_gmt":"2022-11-08T19:01:06","slug":"mision-y-vision-del-psae","status":"publish","type":"page","link":"https:\/\/generales.uprrp.edu\/psae\/mision-y-vision-del-psae\/","title":{"rendered":"Misi\u00f3n y visi\u00f3n del PSAE"},"content":{"rendered":"<h3>Nuestra Misi\u00f3n<\/h3>\n<p>La misi\u00f3n y compromiso del Programa de Servicios de Apoyo al Estudiante (PSAE) es contribuir y proveer los mejores servicios acad\u00e9micos y educativos, a todos nuestros estudiantes como tambi\u00e9n ofrecer los mejores recursos de orientaci\u00f3n y consejer\u00eda durante su desempe\u00f1o cotidiano universitario.<\/p>\n<p>PSAE est\u00e1 comprometido con la realizaci\u00f3n y coordinaci\u00f3n de actividades acad\u00e9micas como: talleres, charlas, y conferencias. Adem\u00e1s, se realizan actividades sociales y culturales que fortalezcan el desarrollo intelectual y racional de nuestros estudiantes. Tenemos como misi\u00f3n principal la retenci\u00f3n y graduaci\u00f3n de cada uno de nuestros estudiantes con los mejores promedios y calificaciones posibles de tal modo que logren alcanzar sus metas acad\u00e9micas, convirti\u00e9ndose en profesionales de esperanza y progreso para nuestra sociedad.<\/p>\n<h3>Nuestra Visi\u00f3n<\/h3>\n<p>A trav\u00e9s de los diferentes componentes de apoyo, PSAE busca fomentar y facilitar diferentes oportunidades acad\u00e9micas, tanto dentro de la instituci\u00f3n como fuera de la misma, que contribuyan al enriquecimiento acad\u00e9mico y cultural de nuestros estudiantes.<\/p>\n","protected":false},"excerpt":{"rendered":"<p>Nuestra Misi\u00f3n La misi\u00f3n y compromiso del Programa de Servicios de Apoyo al Estudiante (PSAE) es contribuir y proveer los mejores servicios acad\u00e9micos y educativos, a todos nuestros estudiantes como tambi\u00e9n ofrecer los mejores recursos de orientaci\u00f3n y consejer\u00eda durante su desempe\u00f1o cotidiano universitario. PSAE est\u00e1 comprometido con la realizaci\u00f3n y coordinaci\u00f3n de actividades acad\u00e9micas<\/p>\n","protected":false},"author":11,"featured_media":0,"parent":0,"menu_order":0,"comment_status":"closed","ping_status":"closed","template":"","meta":{"footnotes":""},"class_list":["post-398","page","type-page","status-publish"],"amp_enabled":true,"_links":{"self":[{"href":"https:\/\/generales.uprrp.edu\/psae\/wp-json\/wp\/v2\/pages\/398","targetHints":{"allow":["GET"]}}],"collection":[{"href":"https:\/\/generales.uprrp.edu\/psae\/wp-json\/wp\/v2\/pages"}],"about":[{"href":"https:\/\/generales.uprrp.edu\/psae\/wp-json\/wp\/v2\/types\/page"}],"author":[{"embeddable":true,"href":"https:\/\/generales.uprrp.edu\/psae\/wp-json\/wp\/v2\/users\/11"}],"replies":[{"embeddable":true,"href":"https:\/\/generales.uprrp.edu\/psae\/wp-json\/wp\/v2\/comments?post=398"}],"version-history":[{"count":1,"href":"https:\/\/generales.uprrp.edu\/psae\/wp-json\/wp\/v2\/pages\/398\/revisions"}],"predecessor-version":[{"id":399,"href":"https:\/\/generales.uprrp.edu\/psae\/wp-json\/wp\/v2\/pages\/398\/revisions\/399"}],"wp:attachment":[{"href":"https:\/\/generales.uprrp.edu\/psae\/wp-json\/wp\/v2\/media?parent=398"}],"curies":[{"name":"wp","href":"https:\/\/api.w.org\/{rel}","templated":true}]}}