{"id":370,"date":"2022-11-08T18:12:09","date_gmt":"2022-11-08T18:12:09","guid":{"rendered":"https:\/\/generales.uprrp.edu\/psae\/?page_id=370"},"modified":"2026-03-24T14:38:37","modified_gmt":"2026-03-24T14:38:37","slug":"boletin-segundo-semestre","status":"publish","type":"page","link":"https:\/\/generales.uprrp.edu\/psae\/boletin-segundo-semestre\/","title":{"rendered":"Bolet\u00edn Segundo Semestre 2025-2026"},"content":{"rendered":"\t\t<div data-elementor-type=\"wp-page\" data-elementor-id=\"370\" class=\"elementor elementor-370\">\n\t\t\t\t\t\t<section class=\"elementor-section elementor-top-section elementor-element elementor-element-446ebf2 elementor-section-boxed elementor-section-height-default elementor-section-height-default\" data-id=\"446ebf2\" data-element_type=\"section\" data-e-type=\"section\">\n\t\t\t\t\t\t<div class=\"elementor-container elementor-column-gap-default\">\n\t\t\t\t\t<div class=\"elementor-column elementor-col-33 elementor-top-column elementor-element elementor-element-17bf633\" data-id=\"17bf633\" data-element_type=\"column\" data-e-type=\"column\">\n\t\t\t<div class=\"elementor-widget-wrap elementor-element-populated\">\n\t\t\t\t\t\t<div class=\"elementor-element elementor-element-c48a1d2 elementor-widget elementor-widget-image\" data-id=\"c48a1d2\" data-element_type=\"widget\" data-e-type=\"widget\" data-widget_type=\"image.default\">\n\t\t\t\t<div class=\"elementor-widget-container\">\n\t\t\t\t\t\t\t\t\t\t\t\t\t\t\t<img fetchpriority=\"high\" decoding=\"async\" width=\"708\" height=\"944\" src=\"image\/svg+xml;base64,PHN2ZyB2aWV3Qm94PScwIDAgNzY4IDEwMjQnIHhtbG5zPSdodHRwOi8vd3d3LnczLm9yZy8yMDAwL3N2Zyc+PC9zdmc+\" class=\"attachment-large size-large wp-image-524 lazyload\" alt=\"\" sizes=\"(max-width: 708px) 100vw, 708px\" data-srcset=\"https:\/\/generales.uprrp.edu\/psae\/wp-content\/uploads\/sites\/13\/2024\/10\/IMG_0520-768x1024.jpeg 768w, https:\/\/generales.uprrp.edu\/psae\/wp-content\/uploads\/sites\/13\/2024\/10\/IMG_0520-225x300.jpeg 225w, https:\/\/generales.uprrp.edu\/psae\/wp-content\/uploads\/sites\/13\/2024\/10\/IMG_0520-1152x1536.jpeg 1152w, https:\/\/generales.uprrp.edu\/psae\/wp-content\/uploads\/sites\/13\/2024\/10\/IMG_0520-1536x2048.jpeg 1536w, https:\/\/generales.uprrp.edu\/psae\/wp-content\/uploads\/sites\/13\/2024\/10\/IMG_0520-150x200.jpeg 150w, https:\/\/generales.uprrp.edu\/psae\/wp-content\/uploads\/sites\/13\/2024\/10\/IMG_0520-450x600.jpeg 450w, https:\/\/generales.uprrp.edu\/psae\/wp-content\/uploads\/sites\/13\/2024\/10\/IMG_0520-1200x1600.jpeg 1200w, https:\/\/generales.uprrp.edu\/psae\/wp-content\/uploads\/sites\/13\/2024\/10\/IMG_0520-scaled.jpeg 1920w\" data-src=\"https:\/\/generales.uprrp.edu\/psae\/wp-content\/uploads\/sites\/13\/2024\/10\/IMG_0520-768x1024.jpeg\" \/>\t\t\t\t\t\t\t\t\t\t\t\t\t\t\t<\/div>\n\t\t\t\t<\/div>\n\t\t\t\t\t<\/div>\n\t\t<\/div>\n\t\t\t\t<div class=\"elementor-column elementor-col-66 elementor-top-column elementor-element elementor-element-e8b1575\" data-id=\"e8b1575\" data-element_type=\"column\" data-e-type=\"column\">\n\t\t\t<div class=\"elementor-widget-wrap elementor-element-populated\">\n\t\t\t\t\t\t<div class=\"elementor-element elementor-element-a58b8f1 elementor-widget elementor-widget-text-editor\" data-id=\"a58b8f1\" data-element_type=\"widget\" data-e-type=\"widget\" data-widget_type=\"text-editor.default\">\n\t\t\t\t<div class=\"elementor-widget-container\">\n\t\t\t\t\t\t\t\t\t<h5 class=\"p1\">\u00a1Psae\u00f1os! Bienvenidos al Segundo Semestre del A\u00f1o Acad\u00e9mico 2025-26.<\/h5><div><p>Este semestre seguiremos aprendiendo, investigando y sacando buenas notas. \u00bfPor qu\u00e9 investigamos? Primero, para aprender a cuestionar lo que se lee y escucha. A la vez distingues entre hechos y opiniones para llegar a tu propio criterio. Tenemos que aprender a evaluar si la fuente es certera y\/o confiable. Segundo, con la investigaci\u00f3n agudizas tu pensamiento cr\u00edtico y tus destrezas de aprendizaje. Adem\u00e1s, investigamos para aprender a explicar ideas complejas de manera estructurada y coherente por escrito u oralmente. Est\u00e1n en la universidad para aprender a investigar, estudiar, socializar y disfrutar de sus a\u00f1os en la IUPI. \u00a1Adelante investigadores estudiantiles; sigamos investigando!<\/p><\/div><h4><span style=\"font-weight: 400;\">\u00a1Una vez PSAE, siempre PSAE!<\/span><\/h4><p>Saludos solidarios,<br \/>Dra. Daphne M. Mart\u00ednez Luengo<br \/>Directora del PSAE<\/p><p><a href=\"https:\/\/generales.uprrp.edu\/psae\/wp-content\/uploads\/sites\/13\/2026\/03\/Boletin-PSAE-marzo-2026.pdf\" target=\"_blank\" rel=\"noopener\">Ver bolet\u00edn en formato PDF<\/a><\/p>\t\t\t\t\t\t\t\t<\/div>\n\t\t\t\t<\/div>\n\t\t\t\t\t<\/div>\n\t\t<\/div>\n\t\t\t\t\t<\/div>\n\t\t<\/section>\n\t\t\t\t<\/div>\n\t\t","protected":false},"excerpt":{"rendered":"<p>\u00a1Psae\u00f1os! Bienvenidos al Segundo Semestre del A\u00f1o Acad\u00e9mico 2025-26. Este semestre seguiremos aprendiendo, investigando y sacando buenas notas. \u00bfPor qu\u00e9 investigamos? Primero, para aprender a cuestionar lo que se lee y escucha. A la vez distingues entre hechos y opiniones para llegar a tu propio criterio. Tenemos que aprender a evaluar si la fuente es<\/p>\n","protected":false},"author":11,"featured_media":0,"parent":0,"menu_order":0,"comment_status":"closed","ping_status":"closed","template":"","meta":{"footnotes":""},"class_list":["post-370","page","type-page","status-publish"],"amp_enabled":true,"_links":{"self":[{"href":"https:\/\/generales.uprrp.edu\/psae\/wp-json\/wp\/v2\/pages\/370","targetHints":{"allow":["GET"]}}],"collection":[{"href":"https:\/\/generales.uprrp.edu\/psae\/wp-json\/wp\/v2\/pages"}],"about":[{"href":"https:\/\/generales.uprrp.edu\/psae\/wp-json\/wp\/v2\/types\/page"}],"author":[{"embeddable":true,"href":"https:\/\/generales.uprrp.edu\/psae\/wp-json\/wp\/v2\/users\/11"}],"replies":[{"embeddable":true,"href":"https:\/\/generales.uprrp.edu\/psae\/wp-json\/wp\/v2\/comments?post=370"}],"version-history":[{"count":43,"href":"https:\/\/generales.uprrp.edu\/psae\/wp-json\/wp\/v2\/pages\/370\/revisions"}],"predecessor-version":[{"id":599,"href":"https:\/\/generales.uprrp.edu\/psae\/wp-json\/wp\/v2\/pages\/370\/revisions\/599"}],"wp:attachment":[{"href":"https:\/\/generales.uprrp.edu\/psae\/wp-json\/wp\/v2\/media?parent=370"}],"curies":[{"name":"wp","href":"https:\/\/api.w.org\/{rel}","templated":true}]}}