{"id":196,"date":"2019-08-13T18:57:09","date_gmt":"2019-08-13T18:57:09","guid":{"rendered":"http:\/\/generales.uprrp.edu\/psae\/?page_id=196"},"modified":"2019-08-13T18:57:09","modified_gmt":"2019-08-13T18:57:09","slug":"feria-de-ofrecimientos-academicos-subgraduados","status":"publish","type":"page","link":"https:\/\/generales.uprrp.edu\/psae\/feria-de-ofrecimientos-academicos-subgraduados\/","title":{"rendered":"Feria de Ofrecimientos Acad\u00e9micos Subgraduados"},"content":{"rendered":"<p><img fetchpriority=\"high\" decoding=\"async\" class=\"alignnone size-large wp-image-197\" src=\"https:\/\/generales.uprrp.edu\/psae\/wp-content\/uploads\/sites\/13\/2019\/08\/estudiantes-1024x380.png\" alt=\"\" width=\"702\" height=\"261\" srcset=\"https:\/\/generales.uprrp.edu\/psae\/wp-content\/uploads\/sites\/13\/2019\/08\/estudiantes-1024x380.png 1024w, https:\/\/generales.uprrp.edu\/psae\/wp-content\/uploads\/sites\/13\/2019\/08\/estudiantes-300x111.png 300w, https:\/\/generales.uprrp.edu\/psae\/wp-content\/uploads\/sites\/13\/2019\/08\/estudiantes.png 1078w, https:\/\/generales.uprrp.edu\/psae\/wp-content\/uploads\/sites\/13\/2019\/08\/estudiantes-300x111@2x.png 600w\" sizes=\"(max-width: 702px) 100vw, 702px\" \/>El Programa de Servicios de Apoyo al Estudiante (PSAE), adscrito a la Facultad de Estudios Generales del Recinto de R\u00edo Piedras de la UPR (UPRRP), llev\u00f3 a cabo su segunda Feria de Ofrecimientos Acad\u00e9micos a nivel subgraduado. El prop\u00f3sito de la actividad fue promover las oportunidades acad\u00e9micas que ofrece el Primer Centro Docente del Pa\u00eds para simplificar la toma de decisiones de inter\u00e9s vocacional de los estudiantes de primer a\u00f1o. <a href=\"http:\/\/www.uprrp.edu\/?p=11803\" target=\"_blank\" rel=\"noopener noreferrer\"><strong>Leer m\u00e1s&#8230;<\/strong><\/a><\/p>\n","protected":false},"excerpt":{"rendered":"<p>El Programa de Servicios de Apoyo al Estudiante (PSAE), adscrito a la Facultad de Estudios Generales del Recinto de R\u00edo Piedras de la UPR (UPRRP), llev\u00f3 a cabo su segunda Feria de Ofrecimientos Acad\u00e9micos a nivel subgraduado. El prop\u00f3sito de la actividad fue promover las oportunidades acad\u00e9micas que ofrece el Primer Centro Docente del Pa\u00eds<\/p>\n","protected":false},"author":11,"featured_media":0,"parent":0,"menu_order":0,"comment_status":"closed","ping_status":"closed","template":"","meta":{"footnotes":""},"class_list":["post-196","page","type-page","status-publish"],"amp_enabled":true,"_links":{"self":[{"href":"https:\/\/generales.uprrp.edu\/psae\/wp-json\/wp\/v2\/pages\/196","targetHints":{"allow":["GET"]}}],"collection":[{"href":"https:\/\/generales.uprrp.edu\/psae\/wp-json\/wp\/v2\/pages"}],"about":[{"href":"https:\/\/generales.uprrp.edu\/psae\/wp-json\/wp\/v2\/types\/page"}],"author":[{"embeddable":true,"href":"https:\/\/generales.uprrp.edu\/psae\/wp-json\/wp\/v2\/users\/11"}],"replies":[{"embeddable":true,"href":"https:\/\/generales.uprrp.edu\/psae\/wp-json\/wp\/v2\/comments?post=196"}],"version-history":[{"count":1,"href":"https:\/\/generales.uprrp.edu\/psae\/wp-json\/wp\/v2\/pages\/196\/revisions"}],"predecessor-version":[{"id":198,"href":"https:\/\/generales.uprrp.edu\/psae\/wp-json\/wp\/v2\/pages\/196\/revisions\/198"}],"wp:attachment":[{"href":"https:\/\/generales.uprrp.edu\/psae\/wp-json\/wp\/v2\/media?parent=196"}],"curies":[{"name":"wp","href":"https:\/\/api.w.org\/{rel}","templated":true}]}}