{"id":192,"date":"2019-08-13T18:52:51","date_gmt":"2019-08-13T18:52:51","guid":{"rendered":"http:\/\/generales.uprrp.edu\/psae\/?page_id=192"},"modified":"2019-08-13T18:59:36","modified_gmt":"2019-08-13T18:59:36","slug":"llevan-la-alegria-navidena-a-los-envejecientes-de-la-isla","status":"publish","type":"page","link":"https:\/\/generales.uprrp.edu\/psae\/llevan-la-alegria-navidena-a-los-envejecientes-de-la-isla\/","title":{"rendered":"Actividad de Navidad en centro de envejecientes"},"content":{"rendered":"<p><img fetchpriority=\"high\" decoding=\"async\" class=\"alignnone size-large wp-image-193\" src=\"https:\/\/generales.uprrp.edu\/psae\/wp-content\/uploads\/sites\/13\/2019\/08\/psae-1024x380.png\" alt=\"\" width=\"702\" height=\"261\" srcset=\"https:\/\/generales.uprrp.edu\/psae\/wp-content\/uploads\/sites\/13\/2019\/08\/psae-1024x380.png 1024w, https:\/\/generales.uprrp.edu\/psae\/wp-content\/uploads\/sites\/13\/2019\/08\/psae-300x111.png 300w, https:\/\/generales.uprrp.edu\/psae\/wp-content\/uploads\/sites\/13\/2019\/08\/psae.png 1078w, https:\/\/generales.uprrp.edu\/psae\/wp-content\/uploads\/sites\/13\/2019\/08\/psae-300x111@2x.png 600w\" sizes=\"(max-width: 702px) 100vw, 702px\" \/>El Programa de Servicios de Apoyo al Estudiante (PSAE) promueve el voluntariado entre las actividades que fomentan la conciencia social. Durante la ma\u00f1ana del martes, 6 de diciembre de 2016, el Programa se dedic\u00f3 a llevar alegr\u00eda y compartir en tres centros de envejecientes en Cayey. El personal del PSAE dividi\u00f3 a los estudiantes participantes en tres grupos, con el prop\u00f3sito de visitar los distintos centros y llevar a cabo din\u00e1micas educativas. <a href=\"http:\/\/www.uprrp.edu\/?p=12440\" target=\"_blank\" rel=\"noopener noreferrer\"><strong>Leer m\u00e1s&#8230;<\/strong><\/a><\/p>\n","protected":false},"excerpt":{"rendered":"<p>El Programa de Servicios de Apoyo al Estudiante (PSAE) promueve el voluntariado entre las actividades que fomentan la conciencia social. Durante la ma\u00f1ana del martes, 6 de diciembre de 2016, el Programa se dedic\u00f3 a llevar alegr\u00eda y compartir en tres centros de envejecientes en Cayey. El personal del PSAE dividi\u00f3 a los estudiantes participantes<\/p>\n","protected":false},"author":11,"featured_media":0,"parent":0,"menu_order":0,"comment_status":"closed","ping_status":"closed","template":"","meta":{"footnotes":""},"class_list":["post-192","page","type-page","status-publish"],"amp_enabled":true,"_links":{"self":[{"href":"https:\/\/generales.uprrp.edu\/psae\/wp-json\/wp\/v2\/pages\/192","targetHints":{"allow":["GET"]}}],"collection":[{"href":"https:\/\/generales.uprrp.edu\/psae\/wp-json\/wp\/v2\/pages"}],"about":[{"href":"https:\/\/generales.uprrp.edu\/psae\/wp-json\/wp\/v2\/types\/page"}],"author":[{"embeddable":true,"href":"https:\/\/generales.uprrp.edu\/psae\/wp-json\/wp\/v2\/users\/11"}],"replies":[{"embeddable":true,"href":"https:\/\/generales.uprrp.edu\/psae\/wp-json\/wp\/v2\/comments?post=192"}],"version-history":[{"count":3,"href":"https:\/\/generales.uprrp.edu\/psae\/wp-json\/wp\/v2\/pages\/192\/revisions"}],"predecessor-version":[{"id":199,"href":"https:\/\/generales.uprrp.edu\/psae\/wp-json\/wp\/v2\/pages\/192\/revisions\/199"}],"wp:attachment":[{"href":"https:\/\/generales.uprrp.edu\/psae\/wp-json\/wp\/v2\/media?parent=192"}],"curies":[{"name":"wp","href":"https:\/\/api.w.org\/{rel}","templated":true}]}}