{"id":179,"date":"2019-08-13T15:58:09","date_gmt":"2019-08-13T15:58:09","guid":{"rendered":"http:\/\/generales.uprrp.edu\/psae\/?page_id=179"},"modified":"2023-05-31T17:51:39","modified_gmt":"2023-05-31T17:51:39","slug":"centro-de-tutorias","status":"publish","type":"page","link":"https:\/\/generales.uprrp.edu\/psae\/centro-de-tutorias\/","title":{"rendered":"Centro de Tutor\u00edas"},"content":{"rendered":"\t\t<div data-elementor-type=\"wp-page\" data-elementor-id=\"179\" class=\"elementor elementor-179\">\n\t\t\t\t\t\t<section class=\"elementor-section elementor-top-section elementor-element elementor-element-72c06e96 elementor-section-boxed elementor-section-height-default elementor-section-height-default\" data-id=\"72c06e96\" data-element_type=\"section\" data-e-type=\"section\">\n\t\t\t\t\t\t<div class=\"elementor-container elementor-column-gap-no\">\n\t\t\t\t\t<div class=\"elementor-column elementor-col-100 elementor-top-column elementor-element elementor-element-38384de0\" data-id=\"38384de0\" data-element_type=\"column\" data-e-type=\"column\">\n\t\t\t<div class=\"elementor-widget-wrap elementor-element-populated\">\n\t\t\t\t\t\t<div class=\"elementor-element elementor-element-4e4e77cf elementor-widget elementor-widget-text-editor\" data-id=\"4e4e77cf\" data-element_type=\"widget\" data-e-type=\"widget\" data-widget_type=\"text-editor.default\">\n\t\t\t\t<div class=\"elementor-widget-container\">\n\t\t\t\t\t\t\t\t\t<p>El Centro de Tutor\u00edas y C\u00f3mputos ofrece servicios\u00a0 lunes a viernes de 8:00 am &#8211; 4:30 pm. Se ofrecen a los estudiantes del PSAE, tutor\u00edas de espa\u00f1ol, ingl\u00e9s, matem\u00e1ticas, m\u00e9todos cuantitativos, humanidades, ciencias sociales, ciencias biol\u00f3gicas y ciencias f\u00edsicas.<\/p><p>Para coordinar una cita de tutor\u00edas, favor de llamar al (787) 764-0000 ext. 88965 o pasar por el \u00e1rea remodelada\u00a0 del edificio DMN (pasillo frente a los salones 201-210) de la Facultad de Estudios Generales.<\/p>\t\t\t\t\t\t\t\t<\/div>\n\t\t\t\t<\/div>\n\t\t\t\t\t<\/div>\n\t\t<\/div>\n\t\t\t\t\t<\/div>\n\t\t<\/section>\n\t\t\t\t<section class=\"elementor-section elementor-top-section elementor-element elementor-element-022d823 elementor-section-boxed elementor-section-height-default elementor-section-height-default\" data-id=\"022d823\" data-element_type=\"section\" data-e-type=\"section\">\n\t\t\t\t\t\t<div class=\"elementor-container elementor-column-gap-default\">\n\t\t\t\t\t<div class=\"elementor-column elementor-col-100 elementor-top-column elementor-element elementor-element-2975977\" data-id=\"2975977\" data-element_type=\"column\" data-e-type=\"column\">\n\t\t\t<div class=\"elementor-widget-wrap elementor-element-populated\">\n\t\t\t\t\t\t<div class=\"elementor-element elementor-element-9eddfac elementor-widget elementor-widget-spacer\" data-id=\"9eddfac\" data-element_type=\"widget\" data-e-type=\"widget\" data-widget_type=\"spacer.default\">\n\t\t\t\t<div class=\"elementor-widget-container\">\n\t\t\t\t\t\t\t<div class=\"elementor-spacer\">\n\t\t\t<div class=\"elementor-spacer-inner\"><\/div>\n\t\t<\/div>\n\t\t\t\t\t\t<\/div>\n\t\t\t\t<\/div>\n\t\t\t\t\t<\/div>\n\t\t<\/div>\n\t\t\t\t\t<\/div>\n\t\t<\/section>\n\t\t\t\t<\/div>\n\t\t","protected":false},"excerpt":{"rendered":"<p>El Centro de Tutor\u00edas y C\u00f3mputos ofrece servicios\u00a0 lunes a viernes de 8:00 am &#8211; 4:30 pm. Se ofrecen a los estudiantes del PSAE, tutor\u00edas de espa\u00f1ol, ingl\u00e9s, matem\u00e1ticas, m\u00e9todos cuantitativos, humanidades, ciencias sociales, ciencias biol\u00f3gicas y ciencias f\u00edsicas. Para coordinar una cita de tutor\u00edas, favor de llamar al (787) 764-0000 ext. 88965 o pasar<\/p>\n","protected":false},"author":11,"featured_media":0,"parent":0,"menu_order":0,"comment_status":"closed","ping_status":"closed","template":"page-templates\/blocks.php","meta":{"footnotes":""},"class_list":["post-179","page","type-page","status-publish"],"amp_enabled":true,"_links":{"self":[{"href":"https:\/\/generales.uprrp.edu\/psae\/wp-json\/wp\/v2\/pages\/179","targetHints":{"allow":["GET"]}}],"collection":[{"href":"https:\/\/generales.uprrp.edu\/psae\/wp-json\/wp\/v2\/pages"}],"about":[{"href":"https:\/\/generales.uprrp.edu\/psae\/wp-json\/wp\/v2\/types\/page"}],"author":[{"embeddable":true,"href":"https:\/\/generales.uprrp.edu\/psae\/wp-json\/wp\/v2\/users\/11"}],"replies":[{"embeddable":true,"href":"https:\/\/generales.uprrp.edu\/psae\/wp-json\/wp\/v2\/comments?post=179"}],"version-history":[{"count":32,"href":"https:\/\/generales.uprrp.edu\/psae\/wp-json\/wp\/v2\/pages\/179\/revisions"}],"predecessor-version":[{"id":438,"href":"https:\/\/generales.uprrp.edu\/psae\/wp-json\/wp\/v2\/pages\/179\/revisions\/438"}],"wp:attachment":[{"href":"https:\/\/generales.uprrp.edu\/psae\/wp-json\/wp\/v2\/media?parent=179"}],"curies":[{"name":"wp","href":"https:\/\/api.w.org\/{rel}","templated":true}]}}