{"id":174,"date":"2019-08-13T14:55:06","date_gmt":"2019-08-13T14:55:06","guid":{"rendered":"http:\/\/generales.uprrp.edu\/psae\/?page_id=174"},"modified":"2019-08-14T13:04:59","modified_gmt":"2019-08-14T13:04:59","slug":"quienes-son-elegibles","status":"publish","type":"page","link":"https:\/\/generales.uprrp.edu\/psae\/quienes-son-elegibles\/","title":{"rendered":"\u00bfQui\u00e9nes son elegibles?"},"content":{"rendered":"<div><span style=\"color: #000000\">Son elegibles los estudiantes de nuevo ingreso admitidos al Recinto de R\u00edo Piedras de la Universidad de Puerto Rico que cumplan con uno o m\u00e1s de los siguientes criterios federales y acad\u00e9micos establecidos:<\/span><\/div>\n<h4><span style=\"color: #ff0000\">Criterios Federales<\/span><\/h4>\n<ul>\n<li><span style=\"color: #000000\">Pertenecer a una familia de bajos recursos econ\u00f3micos<\/span><\/li>\n<li><span style=\"color: #000000\">Tener padres o encargados que no hayan completado un bachillerato universitario <\/span><\/li>\n<li><span style=\"color: #000000\">Tener una diversidad funcional (impedimento), problema de aprendizaje o condici\u00f3n de salud diagnosticada<\/span><\/li>\n<\/ul>\n<h4><span style=\"color: #ff0000\">Criterios Acad\u00e9micos<\/span><\/h4>\n<p><span style=\"color: #000000\">Se consideran las puntuaciones obtenidas en el examen PEAU de las Pruebas de Aprovechamiento o en el PAA del \u201cCollege Board\u201d, con un resultado igual o menor de:<\/span><\/p>\n<p style=\"text-align: center\"><span style=\"color: #000000\">PEAU: * 580 en ingl\u00e9s * 649 en matem\u00e1ticas * 499 en espa\u00f1ol<\/span><\/p>\n<p><span style=\"color: #000000\"> PAA: * 564 en ingl\u00e9s * 594 en matem\u00e1ticas * 494 en lectura y redacci\u00f3n<\/span><\/p>\n<p><span style=\"color: #000000\"><strong>Los documentos necesarios para ser considerado como candidato al PSAE se encuentran a continuaci\u00f3n.<\/strong> Debes traerlos el d\u00eda de tu entrevista llenos en su totalidad e impresos.<\/span><\/p>\n<p><a href=\"https:\/\/generales.uprrp.edu\/psae\/wp-content\/uploads\/sites\/13\/2019\/08\/Solicitud-Pre-Universitario-2019.pdf\" target=\"_blank\" rel=\"noopener noreferrer\"><strong><span style=\"color: #ff0000\">SOLICITUD<\/span><\/strong><\/a><\/p>\n","protected":false},"excerpt":{"rendered":"<p>Son elegibles los estudiantes de nuevo ingreso admitidos al Recinto de R\u00edo Piedras de la Universidad de Puerto Rico que cumplan con uno o m\u00e1s de los siguientes criterios federales y acad\u00e9micos establecidos: Criterios Federales Pertenecer a una familia de bajos recursos econ\u00f3micos Tener padres o encargados que no hayan completado un bachillerato universitario Tener<\/p>\n","protected":false},"author":11,"featured_media":0,"parent":0,"menu_order":0,"comment_status":"closed","ping_status":"closed","template":"","meta":{"footnotes":""},"class_list":["post-174","page","type-page","status-publish"],"amp_enabled":true,"_links":{"self":[{"href":"https:\/\/generales.uprrp.edu\/psae\/wp-json\/wp\/v2\/pages\/174","targetHints":{"allow":["GET"]}}],"collection":[{"href":"https:\/\/generales.uprrp.edu\/psae\/wp-json\/wp\/v2\/pages"}],"about":[{"href":"https:\/\/generales.uprrp.edu\/psae\/wp-json\/wp\/v2\/types\/page"}],"author":[{"embeddable":true,"href":"https:\/\/generales.uprrp.edu\/psae\/wp-json\/wp\/v2\/users\/11"}],"replies":[{"embeddable":true,"href":"https:\/\/generales.uprrp.edu\/psae\/wp-json\/wp\/v2\/comments?post=174"}],"version-history":[{"count":4,"href":"https:\/\/generales.uprrp.edu\/psae\/wp-json\/wp\/v2\/pages\/174\/revisions"}],"predecessor-version":[{"id":225,"href":"https:\/\/generales.uprrp.edu\/psae\/wp-json\/wp\/v2\/pages\/174\/revisions\/225"}],"wp:attachment":[{"href":"https:\/\/generales.uprrp.edu\/psae\/wp-json\/wp\/v2\/media?parent=174"}],"curies":[{"name":"wp","href":"https:\/\/api.w.org\/{rel}","templated":true}]}}