{"id":172,"date":"2019-08-13T14:42:04","date_gmt":"2019-08-13T14:42:04","guid":{"rendered":"http:\/\/generales.uprrp.edu\/psae\/?page_id=172"},"modified":"2023-06-07T19:35:41","modified_gmt":"2023-06-07T19:35:41","slug":"te-esperamos","status":"publish","type":"page","link":"https:\/\/generales.uprrp.edu\/psae\/te-esperamos\/","title":{"rendered":"Te esperamos"},"content":{"rendered":"<p><span style=\"color: #ff0000;\"><strong>Estudiante de nuevo ingreso<\/strong> <\/span><\/p>\n<p>Cada a\u00f1o vemos nuevas generaciones integrarse a nuestra comunidad universitaria, en la b\u00fasqueda de construir su rumbo acad\u00e9mico y profesional. Si te encuentras entre estos estudiantes, te damos la bienvenida a esta nueva etapa de tu vida y te exhortamos a enfrentar los retos que acompa\u00f1an a esta aventura acad\u00e9mica. No obstante, no olvides que la UPRRP brinda el espacio y las herramientas para tu desarrollo, pero a su vez, necesitar\u00e1s de tu individualidad, talento y motivaci\u00f3n para nutrir tu experiencia de bachillerato.<\/p>\n<div>El Programa de Servicios de Apoyo al Estudiante (PSAE) busca estudiantes como t\u00fa, dispuestos a aprovechar cada oportunidad de aprendizaje que ofrece la UPRRP y a crear nuevas oportunidades para el mejoramiento del Recinto, la comunidad y el pa\u00eds. \u00a1ACEPTA\u00a0EL RETO!\u00a0 En la parte inferior de esta p\u00e1gina encontrar\u00e1s los documentos que necesitas para participar de las entrevistas.<\/div>\n<h5><strong>\u00a0\u00a1Te Esperamos!<\/strong><\/h5>\n","protected":false},"excerpt":{"rendered":"<p>Estudiante de nuevo ingreso Cada a\u00f1o vemos nuevas generaciones integrarse a nuestra comunidad universitaria, en la b\u00fasqueda de construir su rumbo acad\u00e9mico y profesional. Si te encuentras entre estos estudiantes, te damos la bienvenida a esta nueva etapa de tu vida y te exhortamos a enfrentar los retos que acompa\u00f1an a esta aventura acad\u00e9mica. No<\/p>\n","protected":false},"author":11,"featured_media":0,"parent":0,"menu_order":0,"comment_status":"closed","ping_status":"closed","template":"","meta":{"footnotes":""},"class_list":["post-172","page","type-page","status-publish"],"amp_enabled":true,"_links":{"self":[{"href":"https:\/\/generales.uprrp.edu\/psae\/wp-json\/wp\/v2\/pages\/172","targetHints":{"allow":["GET"]}}],"collection":[{"href":"https:\/\/generales.uprrp.edu\/psae\/wp-json\/wp\/v2\/pages"}],"about":[{"href":"https:\/\/generales.uprrp.edu\/psae\/wp-json\/wp\/v2\/types\/page"}],"author":[{"embeddable":true,"href":"https:\/\/generales.uprrp.edu\/psae\/wp-json\/wp\/v2\/users\/11"}],"replies":[{"embeddable":true,"href":"https:\/\/generales.uprrp.edu\/psae\/wp-json\/wp\/v2\/comments?post=172"}],"version-history":[{"count":5,"href":"https:\/\/generales.uprrp.edu\/psae\/wp-json\/wp\/v2\/pages\/172\/revisions"}],"predecessor-version":[{"id":442,"href":"https:\/\/generales.uprrp.edu\/psae\/wp-json\/wp\/v2\/pages\/172\/revisions\/442"}],"wp:attachment":[{"href":"https:\/\/generales.uprrp.edu\/psae\/wp-json\/wp\/v2\/media?parent=172"}],"curies":[{"name":"wp","href":"https:\/\/api.w.org\/{rel}","templated":true}]}}