{"id":66,"date":"2022-02-15T13:59:42","date_gmt":"2022-02-15T13:59:42","guid":{"rendered":"https:\/\/generales.uprrp.edu\/innovaciones-educativas\/?page_id=66"},"modified":"2022-02-15T14:03:00","modified_gmt":"2022-02-15T14:03:00","slug":"tutoria-y-mentoria-pie","status":"publish","type":"page","link":"https:\/\/generales.uprrp.edu\/innovaciones-educativas\/tutoria-y-mentoria-pie\/","title":{"rendered":"Tutor\u00eda y mentor\u00eda PIE"},"content":{"rendered":"<p>\/*! elementor &#8211; v3.5.5 &#8211; 03-02-2022 *\/<br \/>\n.elementor-widget-image{text-align:center}.elementor-widget-image a{display:inline-block}.elementor-widget-image a img[src$=&#8221;.svg&#8221;]{width:48px}.elementor-widget-image img{vertical-align:middle;display:inline-block}\t\t\t\t\t\t\t\t\t\t\t\t\t<a href=\"https:\/\/generales.uprrp.edu\/innovaciones-educativas\/wp-content\/uploads\/sites\/29\/2022\/02\/Tutori\u0301as-PIE.jpeg\" target=\"_blank\" rel=\"noopener\"><br \/>\n\t\t\t\t\t\t\t<img decoding=\"async\" width=\"708\" height=\"458\" src=\"https:\/\/generales.uprrp.edu\/innovaciones-educativas\/wp-content\/uploads\/sites\/29\/2022\/02\/Tutori\u0301as-PIE-1024x663.jpeg\" alt=\"\" loading=\"lazy\" \/>\t\t\t\t\t\t\t\t<\/a><\/p>\n<p>El PIE brinda tutor\u00edas gratuitas en espa\u00f1ol, ingl\u00e9s y matem\u00e1ticas. Adem\u00e1s, los estudiantes pueden utilizar las computadoras e impresoras para fines acad\u00e9micos. Desde los salones de tutor\u00edas tienen disponible una Biblioteca referencial con textos de diversos temas, incluyendo literarios.<\/p>\n<p><strong>Tutora-mentora: <\/strong>Suj\u00e9 Mel\u00e9ndez Almodovar<\/p>\n","protected":false},"excerpt":{"rendered":"<p>\/*! elementor &#8211; v3.5.5 &#8211; 03-02-2022 *\/ .elementor-widget-image{text-align:center}.elementor-widget-image a{display:inline-block}.elementor-widget-image a img[src$=&#8221;.svg&#8221;]{width:48px}.elementor-widget-image img{vertical-align:middle;display:inline-block} El PIE brinda tutor\u00edas gratuitas en espa\u00f1ol, ingl\u00e9s y matem\u00e1ticas. Adem\u00e1s, los estudiantes pueden utilizar las computadoras e impresoras para fines acad\u00e9micos. Desde los salones de tutor\u00edas tienen disponible una Biblioteca referencial con textos de diversos temas, incluyendo literarios. Tutora-mentora: Suj\u00e9 Mel\u00e9ndez Almodovar<\/p>\n","protected":false},"author":11,"featured_media":0,"parent":0,"menu_order":0,"comment_status":"closed","ping_status":"closed","template":"","meta":{"footnotes":""},"class_list":["post-66","page","type-page","status-publish"],"_links":{"self":[{"href":"https:\/\/generales.uprrp.edu\/innovaciones-educativas\/wp-json\/wp\/v2\/pages\/66","targetHints":{"allow":["GET"]}}],"collection":[{"href":"https:\/\/generales.uprrp.edu\/innovaciones-educativas\/wp-json\/wp\/v2\/pages"}],"about":[{"href":"https:\/\/generales.uprrp.edu\/innovaciones-educativas\/wp-json\/wp\/v2\/types\/page"}],"author":[{"embeddable":true,"href":"https:\/\/generales.uprrp.edu\/innovaciones-educativas\/wp-json\/wp\/v2\/users\/11"}],"replies":[{"embeddable":true,"href":"https:\/\/generales.uprrp.edu\/innovaciones-educativas\/wp-json\/wp\/v2\/comments?post=66"}],"version-history":[{"count":7,"href":"https:\/\/generales.uprrp.edu\/innovaciones-educativas\/wp-json\/wp\/v2\/pages\/66\/revisions"}],"predecessor-version":[{"id":75,"href":"https:\/\/generales.uprrp.edu\/innovaciones-educativas\/wp-json\/wp\/v2\/pages\/66\/revisions\/75"}],"wp:attachment":[{"href":"https:\/\/generales.uprrp.edu\/innovaciones-educativas\/wp-json\/wp\/v2\/media?parent=66"}],"curies":[{"name":"wp","href":"https:\/\/api.w.org\/{rel}","templated":true}]}}