{"id":283,"date":"2023-06-05T18:20:04","date_gmt":"2023-06-05T18:20:04","guid":{"rendered":"https:\/\/generales.uprrp.edu\/innovaciones-educativas\/?page_id=283"},"modified":"2023-06-05T18:20:18","modified_gmt":"2023-06-05T18:20:18","slug":"congreso-nacional-de-andragogia","status":"publish","type":"page","link":"https:\/\/generales.uprrp.edu\/innovaciones-educativas\/congreso-nacional-de-andragogia\/","title":{"rendered":"Congreso Nacional de Andragog\u00eda"},"content":{"rendered":"<p style=\"text-align: center;\"><em>&#8220;La\u00a0<strong>andragog\u00eda\u00a0<\/strong>es la disciplina cuyo objeto de conceptualizaci\u00f3n son los procesos de educaci\u00f3n de las\u00a0<strong>personas adultas<\/strong>, orientados a\u00a0<strong>continuar\u00a0<\/strong>el desarrollo de sus capacidades, a la actualizaci\u00f3n o profundizaci\u00f3n de sus conocimientos, a la apropiaci\u00f3n y utilizaci\u00f3n de\u00a0<strong>nuevas tecnolog\u00edas\u00a0<\/strong>y, en general, a mantener o mejorar su\u00a0<strong>calidad de desempe\u00f1o personal<\/strong>,\u00a0<strong>profesional\u00a0<\/strong>y\u00a0<strong>social\u00a0<\/strong>(Sierra, 2006).&#8221;<\/em><\/p>\n<p><img loading=\"lazy\" decoding=\"async\" class=\"size-full wp-image-284 aligncenter\" src=\"https:\/\/generales.uprrp.edu\/innovaciones-educativas\/wp-content\/uploads\/sites\/29\/2023\/06\/DSC_0058.jpg\" alt=\"\" width=\"960\" height=\"558\" srcset=\"https:\/\/generales.uprrp.edu\/innovaciones-educativas\/wp-content\/uploads\/sites\/29\/2023\/06\/DSC_0058.jpg 960w, https:\/\/generales.uprrp.edu\/innovaciones-educativas\/wp-content\/uploads\/sites\/29\/2023\/06\/DSC_0058-300x174.jpg 300w, https:\/\/generales.uprrp.edu\/innovaciones-educativas\/wp-content\/uploads\/sites\/29\/2023\/06\/DSC_0058-150x87.jpg 150w, https:\/\/generales.uprrp.edu\/innovaciones-educativas\/wp-content\/uploads\/sites\/29\/2023\/06\/DSC_0058-450x262.jpg 450w, https:\/\/generales.uprrp.edu\/innovaciones-educativas\/wp-content\/uploads\/sites\/29\/2023\/06\/DSC_0058-768x446.jpg 768w\" sizes=\"auto, (max-width: 960px) 100vw, 960px\" \/>El Congreso se celebr\u00f3 el 4 de noviembre de 2022 en el Anfiteatro # 2 de la Facultad de Estudios Generales. Su prop\u00f3sito fue celebrar el 50 aniversario del Programa PECA a manera de cierre afectuoso de ese programa, pero tambi\u00e9n se dise\u00f1\u00f3 para:<\/p>\n<ul>\n<li>Sensibilizar a la academia, estudiantes y personal no docente sobre la necesidad de preparar profesionales en todas las \u00e1reas involucradas a adultos, j\u00f3venes adultos, adultos mayores y envejecientes, dada la tendencia de cambio demogr\u00e1fico en Puerto Rico.<\/li>\n<li>Presentar proyectos, agencias y otras iniciativas que atienden a esta poblaci\u00f3n, desde la educaci\u00f3n b\u00e1sica para adultos iletrados hasta su entrada a la universidad, pasando por experiencias de salud mental y espacios de recreaci\u00f3n.<\/li>\n<li>Exhibir afiches sobre investigaciones o propuestas de investigaci\u00f3n de estudiantes universitarios sobre \u00e1reas relacionadas a esta poblaci\u00f3n.<\/li>\n<\/ul>\n<p style=\"text-align: center;\"><strong>Programa. Conferencias y presentaciones<\/strong><\/p>\n<p><em>Experiencias de Educaci\u00f3n f\u00edsica adaptada y recreaci\u00f3n terap\u00e9utica en adultos mayores.<\/em><br \/>\nBlanca Rosa Rovira Burset, MA, Cert. Gerontolog\u00eda, RCM<\/p>\n<p><em>Alfabetizaci\u00f3n de adultos: Aplicaciones comunitarias desde el Ca\u00f1o Mart\u00edn Pe\u00f1a.<\/em> Imirse Orrusti, TS, Proyecto del Ca\u00f1o Mart\u00edn Pe\u00f1a.<\/p>\n<p><em>Proyecto de Estudiantes Universitarios para Personas Confinadas.<\/em> Mesa de di\u00e1logo. Wanda I. Ramos, Alice Petrus, UPR R\u00edo Piedras.<\/p>\n<p><em>Los cuidados en Puerto Rico: Una mirada transdisciplinaria.<\/em> RED Feminista de Investigaci\u00f3n y Educaci\u00f3n de G\u00e9nero. Kareen Sued, UPR Carolina, Martha Qui\u00f1ones Dom\u00ednguez, UPR Arecibo, e Irma Lugo Nazario, UPR-RP.<\/p>\n<p><em>Universidad de la experiencia: Tres casos espa\u00f1oles<\/em>. Carmen Campos Esteve, UPR<\/p>\n<p><em>Experiencia de la longevidad y el significado de la vida en la vejez extrema en un grupo de adultos de 90 a\u00f1os o m\u00e1s, residentes de la comunidad de Puerto Rico.<\/em> Yoseline Mercado Santiago, MA, Salud P\u00fablica, Esp. Gerontolog\u00eda, RCM<\/p>\n<p><em>Hacia una Universidad inclusiva: desaf\u00edos y posibilidades de la poblaci\u00f3n con diversidad funcional.<\/em> Moraima Garc\u00eda Rohena, Universidad Carlos Albizu\/UPR<\/p>\n<p><em>Relator\u00eda del Congreso y palabras de cierre.<\/em> Yvonne Denis Rosario, pasada directora de PIE-PECA<\/p>\n<p style=\"text-align: center;\"><strong>Encuentro de Investigaci\u00f3n sobre Andragog\u00eda<\/strong>.<\/p>\n<p style=\"text-align: center;\">Presentaci\u00f3n de afiches<\/p>\n<p><em>Structured Exercise Program is Feasible and Improves Functional Capacity among Older Adults in Puerto Rico. <\/em>Osvaldo Hern\u00e1ndez, PhD y Farah Ram\u00edrez, PhD, Ciencias del Ejercicio, UPR R\u00edo Piedras<\/p>\n<p><em>Apoyo social percibido por adultos mayores viudos y viudas.<\/em> Keila F\u00e9lix, BA, Psicolog\u00eda UPR R\u00edo Piedras<\/p>\n<p><em>Estado de servicios de adultos con autismo en Puerto Rico: Estudio exploratorio.<\/em><br \/>\nVictoria Reyes Valent\u00edn, PhD, Universidad Carlos Albizu<\/p>\n<p><em>Prevalencia del S\u00edndrome de burnout en estudiantes graduados de una instituci\u00f3n universitaria<\/em>.\u00a0 Jomarie Ortiz-\u00c1lvarez, M. Ed., Facultad de Educaci\u00f3n UPR R\u00edo Piedras<\/p>\n<p><em>Las personas de mayor edad estudiando en la universidad.<\/em> Blanca L. Pab\u00f3n Pag\u00e1n, Programa PECA, Bachillerato en Estudios Generales, UPR R\u00edo Piedras<\/p>\n<p><em>Experiencia de la longevidad y el significado de la vida en la vejez extrema en un grupo de adultos de 90 a\u00f1os o m\u00e1s, residentes de la comunidad de Puerto Rico.<\/em> Yoseline Mercado Santiago, MA, Salud P\u00fablica, Esp. Gerontolog\u00eda, RCM<\/p>\n<p><em>Plataforma digital Puertas Abiertas. <\/em>Jaikiz Chaparro; Glory Rodr\u00edguez; Miosotis Berr\u00edos; Bridgette N. Troche; Elba Gonz\u00e1lez, Marcel Rivera; William Marrero; Dalton J. L\u00f3pez y Joseline Mercado. Salud P\u00fablica, Esp. Gerontolog\u00eda, Programa de Equidad en Salud, RCM<\/p>\n","protected":false},"excerpt":{"rendered":"<p>&#8220;La\u00a0andragog\u00eda\u00a0es la disciplina cuyo objeto de conceptualizaci\u00f3n son los procesos de educaci\u00f3n de las\u00a0personas adultas, orientados a\u00a0continuar\u00a0el desarrollo de sus capacidades, a la actualizaci\u00f3n o profundizaci\u00f3n de sus conocimientos, a la apropiaci\u00f3n y utilizaci\u00f3n de\u00a0nuevas tecnolog\u00edas\u00a0y, en general, a mantener o mejorar su\u00a0calidad de desempe\u00f1o personal,\u00a0profesional\u00a0y\u00a0social\u00a0(Sierra, 2006).&#8221; El Congreso se celebr\u00f3 el 4 de noviembre<\/p>\n","protected":false},"author":11,"featured_media":0,"parent":0,"menu_order":0,"comment_status":"closed","ping_status":"closed","template":"","meta":{"footnotes":""},"class_list":["post-283","page","type-page","status-publish"],"_links":{"self":[{"href":"https:\/\/generales.uprrp.edu\/innovaciones-educativas\/wp-json\/wp\/v2\/pages\/283","targetHints":{"allow":["GET"]}}],"collection":[{"href":"https:\/\/generales.uprrp.edu\/innovaciones-educativas\/wp-json\/wp\/v2\/pages"}],"about":[{"href":"https:\/\/generales.uprrp.edu\/innovaciones-educativas\/wp-json\/wp\/v2\/types\/page"}],"author":[{"embeddable":true,"href":"https:\/\/generales.uprrp.edu\/innovaciones-educativas\/wp-json\/wp\/v2\/users\/11"}],"replies":[{"embeddable":true,"href":"https:\/\/generales.uprrp.edu\/innovaciones-educativas\/wp-json\/wp\/v2\/comments?post=283"}],"version-history":[{"count":1,"href":"https:\/\/generales.uprrp.edu\/innovaciones-educativas\/wp-json\/wp\/v2\/pages\/283\/revisions"}],"predecessor-version":[{"id":285,"href":"https:\/\/generales.uprrp.edu\/innovaciones-educativas\/wp-json\/wp\/v2\/pages\/283\/revisions\/285"}],"wp:attachment":[{"href":"https:\/\/generales.uprrp.edu\/innovaciones-educativas\/wp-json\/wp\/v2\/media?parent=283"}],"curies":[{"name":"wp","href":"https:\/\/api.w.org\/{rel}","templated":true}]}}