{"id":281,"date":"2023-06-05T18:12:29","date_gmt":"2023-06-05T18:12:29","guid":{"rendered":"https:\/\/generales.uprrp.edu\/innovaciones-educativas\/?page_id=281"},"modified":"2023-06-06T17:20:31","modified_gmt":"2023-06-06T17:20:31","slug":"proyectos-del-pie","status":"publish","type":"page","link":"https:\/\/generales.uprrp.edu\/innovaciones-educativas\/proyectos-del-pie\/","title":{"rendered":"Proyectos del PIE"},"content":{"rendered":"<p><a href=\"https:\/\/generales.uprrp.edu\/innovaciones-educativas\/congreso-nacional-de-andragogia\/\"><strong>Congreso Nacional de Andragog\u00eda<\/strong><\/a><\/p>\n<p>Tiene como prop\u00f3sito:<\/p>\n<ul>\n<li>Sensibilizar a la academia, estudiantes y personal no docente sobre la necesidad de preparar profesionales en todas las \u00e1reas involucradas a adultos, j\u00f3venes adultos, adultos mayores y envejecientes, dada la tendencia de cambio demogr\u00e1fico en Puerto Rico.<\/li>\n<li>Presentar proyectos, agencias y otras iniciativas que atienden a esta poblaci\u00f3n, desde la educaci\u00f3n b\u00e1sica para adultos iletrados hasta su entrada a la universidad, pasando por experiencias de salud mental y espacios de recreaci\u00f3n.<\/li>\n<li>Exhibir afiches sobre investigaciones o propuestas de investigaci\u00f3n de estudiantes universitarios sobre \u00e1reas relacionadas a esta poblaci\u00f3n.<\/li>\n<\/ul>\n<p><strong><a href=\"https:\/\/generales.uprrp.edu\/innovaciones-educativas\/portal-801\/\">Portal 801<\/a><\/strong><\/p>\n<p><em>PORTAL 801<\/em> fue una instalaci\u00f3n interactiva que se concibi\u00f3 para sacar las ciencias sociales del sal\u00f3n de clase, utilizando la arquitectura del Edificio JBR como soporte.<\/p>\n<p>La instalaci\u00f3n se exhibi\u00f3 por primera vez el 15 de marzo de 2023 gracias a la colaboraci\u00f3n de los y las estudiantes de CISO 3122 (Introducci\u00f3n a las Ciencias Sociales II), secci\u00f3n 006. PORTAL 801 fue una oportunidad para mirar y analizar a las ciencias sociales desde una forma transdisciplinaria mediante la metodolog\u00eda de aprendizaje por proyectos.<\/p>\n","protected":false},"excerpt":{"rendered":"<p>Congreso Nacional de Andragog\u00eda Tiene como prop\u00f3sito: Sensibilizar a la academia, estudiantes y personal no docente sobre la necesidad de preparar profesionales en todas las \u00e1reas involucradas a adultos, j\u00f3venes adultos, adultos mayores y envejecientes, dada la tendencia de cambio demogr\u00e1fico en Puerto Rico. Presentar proyectos, agencias y otras iniciativas que atienden a esta poblaci\u00f3n,<\/p>\n","protected":false},"author":11,"featured_media":0,"parent":0,"menu_order":0,"comment_status":"closed","ping_status":"closed","template":"","meta":{"footnotes":""},"class_list":["post-281","page","type-page","status-publish"],"_links":{"self":[{"href":"https:\/\/generales.uprrp.edu\/innovaciones-educativas\/wp-json\/wp\/v2\/pages\/281","targetHints":{"allow":["GET"]}}],"collection":[{"href":"https:\/\/generales.uprrp.edu\/innovaciones-educativas\/wp-json\/wp\/v2\/pages"}],"about":[{"href":"https:\/\/generales.uprrp.edu\/innovaciones-educativas\/wp-json\/wp\/v2\/types\/page"}],"author":[{"embeddable":true,"href":"https:\/\/generales.uprrp.edu\/innovaciones-educativas\/wp-json\/wp\/v2\/users\/11"}],"replies":[{"embeddable":true,"href":"https:\/\/generales.uprrp.edu\/innovaciones-educativas\/wp-json\/wp\/v2\/comments?post=281"}],"version-history":[{"count":4,"href":"https:\/\/generales.uprrp.edu\/innovaciones-educativas\/wp-json\/wp\/v2\/pages\/281\/revisions"}],"predecessor-version":[{"id":295,"href":"https:\/\/generales.uprrp.edu\/innovaciones-educativas\/wp-json\/wp\/v2\/pages\/281\/revisions\/295"}],"wp:attachment":[{"href":"https:\/\/generales.uprrp.edu\/innovaciones-educativas\/wp-json\/wp\/v2\/media?parent=281"}],"curies":[{"name":"wp","href":"https:\/\/api.w.org\/{rel}","templated":true}]}}