{"id":239,"date":"2023-06-05T13:49:17","date_gmt":"2023-06-05T13:49:17","guid":{"rendered":"https:\/\/generales.uprrp.edu\/innovaciones-educativas\/?page_id=239"},"modified":"2023-06-06T17:47:31","modified_gmt":"2023-06-06T17:47:31","slug":"grupo-de-educacion-para-el-pensamiento-sostenible","status":"publish","type":"page","link":"https:\/\/generales.uprrp.edu\/innovaciones-educativas\/grupo-de-educacion-para-el-pensamiento-sostenible\/","title":{"rendered":"Grupo de educaci\u00f3n para el pensamiento sostenible"},"content":{"rendered":"<p><img loading=\"lazy\" decoding=\"async\" class=\"alignnone wp-image-288 size-full\" src=\"https:\/\/generales.uprrp.edu\/innovaciones-educativas\/wp-content\/uploads\/sites\/29\/2023\/06\/florecillas.png\" alt=\"\" width=\"720\" height=\"459\" srcset=\"https:\/\/generales.uprrp.edu\/innovaciones-educativas\/wp-content\/uploads\/sites\/29\/2023\/06\/florecillas.png 720w, https:\/\/generales.uprrp.edu\/innovaciones-educativas\/wp-content\/uploads\/sites\/29\/2023\/06\/florecillas-300x191.png 300w, https:\/\/generales.uprrp.edu\/innovaciones-educativas\/wp-content\/uploads\/sites\/29\/2023\/06\/florecillas-150x96.png 150w, https:\/\/generales.uprrp.edu\/innovaciones-educativas\/wp-content\/uploads\/sites\/29\/2023\/06\/florecillas-450x287.png 450w\" sizes=\"auto, (max-width: 720px) 100vw, 720px\" \/>La Conciencia Ambiental es fundamental para sostener la vida. Este grupo de trabajo se form\u00f3 a partir de las actividades del <em>D\u00eda de Prevenci\u00f3n y Manejo de Desastres<\/em>, celebrado el 10 de mayo de 2023, con profesores de varios departamentos y programas de la Facultad de Estudios Generales: Ciencias F\u00edsicas, Ciencias Biol\u00f3gicas, Humanidades, Ingl\u00e9s, Concentraci\u00f3n en Derechos Humanos, Espa\u00f1ol y Ciencias Sociales.<\/p>\n<p>El <em>D<\/em><em>\u00ed<\/em><em>a de Prevenci\u00f3n y Manejo de Desastres<\/em> incluy\u00f3 un programa acad\u00e9mico variado, desde conferencias, mesas de discusi\u00f3n, proyecci\u00f3n de videos, exhibici\u00f3n de carteles de estudiantes de Ciencias Fisicas, Ciencias Biologicas y Ciencias Sociales, y orientaci\u00f3n de organizaciones de acci\u00f3n climatica y sustentable. Los temas se abordaron de forma transdisciplinaria y se centraron en el cambio clim\u00e1tico, el calentamiento global, la agroecolog\u00eda y la prevenci\u00f3n y el manejo de desastres.<\/p>\n<p>Dentro de los temas involucrados en la sostenibilidad de la vida en el planeta tambi\u00e9n incluye:<\/p>\n<ul>\n<li><a href=\"https:\/\/ecosfron.org\/economia-social-y-solidaria\/que-es-la-economia-social-y-solidaria\/\" target=\"_blank\" rel=\"noopener\">Econom\u00eda Social y Solidaria<\/a><\/li>\n<li><a href=\"https:\/\/www.un.org\/sustainabledevelopment\/es\/objetivos-de-desarrollo-sostenible\/\" target=\"_blank\" rel=\"noopener\">Objetivos de Desarrollo Sostenible de la UNESCO<\/a><\/li>\n<li><a href=\"https:\/\/rus.ucf.edu.cu\/index.php\/rus\/article\/view\/2793\" target=\"_blank\" rel=\"noopener\">Derechos de la Naturaleza<\/a> (como los casos en Ecuador y Colombia), entre otros.<\/li>\n<\/ul>\n<p>El prop\u00f3sito del Grupo es establecer experiencias y aprendizajes en cada uno de los cursos desde la relaci\u00f3n con la naturaleza y la sostenibilidad del planeta, facilitando el acercamiento transdisciplinario que enriquezca el aprendizaje estudiantil acerca de nuestra casa en el universo y saber conservarla.<\/p>\n<p>El Grupo est\u00e1 conformado por:<\/p>\n<p>[table id=1 \/]<\/p>\n<p>Comun\u00edcate con el PIE o alguno de los profesores del Grupo si deseas participar de alguna de estas oportunidades para comenzar a planificar tu calendario del semestre.<\/p>\n<p><img loading=\"lazy\" decoding=\"async\" class=\"alignnone size-full wp-image-298\" src=\"https:\/\/generales.uprrp.edu\/innovaciones-educativas\/wp-content\/uploads\/sites\/29\/2023\/06\/Dia-de-Prevencio\u0301n-de-Desastres-CISO-3122-030.png\" alt=\"\" width=\"720\" height=\"1019\" srcset=\"https:\/\/generales.uprrp.edu\/innovaciones-educativas\/wp-content\/uploads\/sites\/29\/2023\/06\/Dia-de-Prevencio\u0301n-de-Desastres-CISO-3122-030.png 720w, https:\/\/generales.uprrp.edu\/innovaciones-educativas\/wp-content\/uploads\/sites\/29\/2023\/06\/Dia-de-Prevencio\u0301n-de-Desastres-CISO-3122-030-212x300.png 212w, https:\/\/generales.uprrp.edu\/innovaciones-educativas\/wp-content\/uploads\/sites\/29\/2023\/06\/Dia-de-Prevencio\u0301n-de-Desastres-CISO-3122-030-150x212.png 150w, https:\/\/generales.uprrp.edu\/innovaciones-educativas\/wp-content\/uploads\/sites\/29\/2023\/06\/Dia-de-Prevencio\u0301n-de-Desastres-CISO-3122-030-450x637.png 450w\" sizes=\"auto, (max-width: 720px) 100vw, 720px\" \/><\/p>\n","protected":false},"excerpt":{"rendered":"<p>La Conciencia Ambiental es fundamental para sostener la vida. Este grupo de trabajo se form\u00f3 a partir de las actividades del D\u00eda de Prevenci\u00f3n y Manejo de Desastres, celebrado el 10 de mayo de 2023, con profesores de varios departamentos y programas de la Facultad de Estudios Generales: Ciencias F\u00edsicas, Ciencias Biol\u00f3gicas, Humanidades, Ingl\u00e9s, Concentraci\u00f3n<\/p>\n","protected":false},"author":11,"featured_media":0,"parent":0,"menu_order":0,"comment_status":"closed","ping_status":"closed","template":"","meta":{"footnotes":""},"class_list":["post-239","page","type-page","status-publish"],"_links":{"self":[{"href":"https:\/\/generales.uprrp.edu\/innovaciones-educativas\/wp-json\/wp\/v2\/pages\/239","targetHints":{"allow":["GET"]}}],"collection":[{"href":"https:\/\/generales.uprrp.edu\/innovaciones-educativas\/wp-json\/wp\/v2\/pages"}],"about":[{"href":"https:\/\/generales.uprrp.edu\/innovaciones-educativas\/wp-json\/wp\/v2\/types\/page"}],"author":[{"embeddable":true,"href":"https:\/\/generales.uprrp.edu\/innovaciones-educativas\/wp-json\/wp\/v2\/users\/11"}],"replies":[{"embeddable":true,"href":"https:\/\/generales.uprrp.edu\/innovaciones-educativas\/wp-json\/wp\/v2\/comments?post=239"}],"version-history":[{"count":6,"href":"https:\/\/generales.uprrp.edu\/innovaciones-educativas\/wp-json\/wp\/v2\/pages\/239\/revisions"}],"predecessor-version":[{"id":299,"href":"https:\/\/generales.uprrp.edu\/innovaciones-educativas\/wp-json\/wp\/v2\/pages\/239\/revisions\/299"}],"wp:attachment":[{"href":"https:\/\/generales.uprrp.edu\/innovaciones-educativas\/wp-json\/wp\/v2\/media?parent=239"}],"curies":[{"name":"wp","href":"https:\/\/api.w.org\/{rel}","templated":true}]}}