{"id":235,"date":"2023-06-05T13:26:27","date_gmt":"2023-06-05T13:26:27","guid":{"rendered":"https:\/\/generales.uprrp.edu\/innovaciones-educativas\/?page_id=235"},"modified":"2023-06-14T13:31:53","modified_gmt":"2023-06-14T13:31:53","slug":"servicios-del-pie","status":"publish","type":"page","link":"https:\/\/generales.uprrp.edu\/innovaciones-educativas\/servicios-del-pie\/","title":{"rendered":"Servicios del PIE"},"content":{"rendered":"<p><a href=\"https:\/\/generales.uprrp.edu\/innovaciones-educativas\/instituto-de-verano-2023-fortaleciendo-destrezas-academicas-luego-de-la-pandemia\/\"><strong>Instituto de Verano<\/strong><\/a><\/p>\n<p>Esta encomienda se ha llevado a cabo el verano anterior al inicio de clases con el fin de robustecer habilidades acad\u00e9micas en estudiantes reci\u00e9n admitidos a la UPR.<\/p>\n<p>Este <a href=\"https:\/\/generales.uprrp.edu\/innovaciones-educativas\/instituto-de-verano-2023-fortaleciendo-destrezas-academicas-luego-de-la-pandemia\/\">Instituto<\/a> ofrece versiones cortas de los cursos b\u00e1sicos que se describen en el Cat\u00e1logo de la Oficina del Registrador y\/o establecido por los departamentos involucrados, adem\u00e1s de talleres y otras experiencias educativas para garantizar el mejor desempe\u00f1o a estudiantes que ser\u00e1n admitidos a la Universidad de Puerto Rico. El Instituto constituye una etapa previa a los estudios universitarios y se dise\u00f1\u00f3 bajo el principio de apuntalar conceptos y conocimientos te\u00f3ricos y pr\u00e1cticos de preparaci\u00f3n que luego se mostrar\u00e1n con mayor extensi\u00f3n y profundidad durante el primer a\u00f1o de estudios.<\/p>\n<p><strong>Desarrollo de habilidades de investigaci\u00f3n con metodolog\u00edas cualitativas y cuantitativas para estudiantes de bachillerato<\/strong><\/p>\n<p>El PIE facilita actividades para que estudiantes desde su primer semestre en la UPR desarrollen habilidades de investigaci\u00f3n, independientemente de su \u00e1rea de estudio y lo logra uniendo profesores, estudiantes graduados y otros profesionales para la preparaci\u00f3n de congresos y conferencias. Adem\u00e1s, PIE tambi\u00e9n une esfuerzos con los departamentos de la Facultad de Estudios Generales y el Centro de Desarrollo de Competencias Ling\u00fc\u00edsticas (CDCL) para posibilitar que los y las estudiantes se inicien en la publicaci\u00f3n de art\u00edculos en revistas acad\u00e9micas. \u00bfC\u00f3mo lo hacemos?<\/p>\n<ul>\n<li>Talleres de escritura acad\u00e9mica<\/li>\n<li>Talleres de diagramaci\u00f3n de afiches<\/li>\n<li>Integraci\u00f3n de estudiantes a proyectos de investigaci\u00f3n<\/li>\n<li>Asesor\u00eda para publicar en revistas acad\u00e9micas<\/li>\n<\/ul>\n<p>Comun\u00edcate con el PIE si deseas participar de alguna de estas oportunidades para comenzar a planificar tu calendario del semestre.<\/p>\n<p><strong>Desarrollo de responsabilidad social universitaria para estudiantes de la Facultad<\/strong><\/p>\n<p>El PIE facilitar\u00e1 actividades y experiencias estudiantiles de inmersi\u00f3n e investigaci\u00f3n comunitaria en las que podr\u00e1s desarrollar propuestas y soluciones a problem\u00e1ticas sociales que ocurren en Puerto Rico.<\/p>\n<p><a href=\"https:\/\/generales.uprrp.edu\/innovaciones-educativas\/grupo-de-educacion-para-el-pensamiento-sostenible\/\"><strong>Grupo de educaci\u00f3n para el pensamiento sostenible<\/strong><\/a><\/p>\n<p>Este grupo de trabajo se form\u00f3 a partir de las actividades del <em>D\u00eda de Prevenci\u00f3n y Manejo de Desastres<\/em>, celebrado el 10 de mayo de 2023, con profesores de varios departamentos y programas de la Facultad de Estudios Generales: Ciencias F\u00edsicas, Ciencias Biol\u00f3gicas, Humanidades, Ingl\u00e9s, Concentraci\u00f3n en Derechos Humanos, Espa\u00f1ol y Ciencias Sociales. El prop\u00f3sito del grupo es establecer experiencias y aprendizajes en cada uno de estos cursos desde la relaci\u00f3n con la naturaleza y la sostenibilidad del planeta, facilitando el acercamiento transdisciplinario que enriquezca el aprendizaje estudiantil acerca de nuestra casa en el universo y saber conservarla.<\/p>\n<p><strong>Academia Cofrad\u00eda<\/strong><\/p>\n<p>Proyectos acad\u00e9micos en conjunto con estudiantes y profesores de escuelas superiores aleda\u00f1as a la UPR y profesores de la Facultad de Estudios generales, para fortalecer el aprendizaje mutuo.<\/p>\n<p><a href=\"https:\/\/generales.uprrp.edu\/innovaciones-educativas\/peca\/\"><strong>Apoyo en procesos de admisiones no tradicionales al Bachillerato de Estudios Generales, junto a la Oficina de Admisiones UPR<\/strong><\/a><\/p>\n","protected":false},"excerpt":{"rendered":"<p>Instituto de Verano Esta encomienda se ha llevado a cabo el verano anterior al inicio de clases con el fin de robustecer habilidades acad\u00e9micas en estudiantes reci\u00e9n admitidos a la UPR. Este Instituto ofrece versiones cortas de los cursos b\u00e1sicos que se describen en el Cat\u00e1logo de la Oficina del Registrador y\/o establecido por los<\/p>\n","protected":false},"author":11,"featured_media":0,"parent":0,"menu_order":0,"comment_status":"closed","ping_status":"closed","template":"","meta":{"footnotes":""},"class_list":["post-235","page","type-page","status-publish"],"_links":{"self":[{"href":"https:\/\/generales.uprrp.edu\/innovaciones-educativas\/wp-json\/wp\/v2\/pages\/235","targetHints":{"allow":["GET"]}}],"collection":[{"href":"https:\/\/generales.uprrp.edu\/innovaciones-educativas\/wp-json\/wp\/v2\/pages"}],"about":[{"href":"https:\/\/generales.uprrp.edu\/innovaciones-educativas\/wp-json\/wp\/v2\/types\/page"}],"author":[{"embeddable":true,"href":"https:\/\/generales.uprrp.edu\/innovaciones-educativas\/wp-json\/wp\/v2\/users\/11"}],"replies":[{"embeddable":true,"href":"https:\/\/generales.uprrp.edu\/innovaciones-educativas\/wp-json\/wp\/v2\/comments?post=235"}],"version-history":[{"count":6,"href":"https:\/\/generales.uprrp.edu\/innovaciones-educativas\/wp-json\/wp\/v2\/pages\/235\/revisions"}],"predecessor-version":[{"id":306,"href":"https:\/\/generales.uprrp.edu\/innovaciones-educativas\/wp-json\/wp\/v2\/pages\/235\/revisions\/306"}],"wp:attachment":[{"href":"https:\/\/generales.uprrp.edu\/innovaciones-educativas\/wp-json\/wp\/v2\/media?parent=235"}],"curies":[{"name":"wp","href":"https:\/\/api.w.org\/{rel}","templated":true}]}}