{"id":2,"date":"2022-01-31T17:09:10","date_gmt":"2022-01-31T17:09:10","guid":{"rendered":"https:\/\/generales.uprrp.edu\/innovaciones-educativas\/?page_id=2"},"modified":"2023-06-01T19:28:34","modified_gmt":"2023-06-01T19:28:34","slug":"sample-page","status":"publish","type":"page","link":"https:\/\/generales.uprrp.edu\/innovaciones-educativas\/","title":{"rendered":"Programa de Innovaciones Educativas"},"content":{"rendered":"<div align=\"justify\">\n<p><img loading=\"lazy\" decoding=\"async\" class=\"alignnone size-full wp-image-231\" src=\"https:\/\/generales.uprrp.edu\/innovaciones-educativas\/wp-content\/uploads\/sites\/29\/2023\/06\/Instituto-de-Verano-2022.png\" alt=\"\" width=\"720\" height=\"540\" srcset=\"https:\/\/generales.uprrp.edu\/innovaciones-educativas\/wp-content\/uploads\/sites\/29\/2023\/06\/Instituto-de-Verano-2022.png 720w, https:\/\/generales.uprrp.edu\/innovaciones-educativas\/wp-content\/uploads\/sites\/29\/2023\/06\/Instituto-de-Verano-2022-300x225.png 300w, https:\/\/generales.uprrp.edu\/innovaciones-educativas\/wp-content\/uploads\/sites\/29\/2023\/06\/Instituto-de-Verano-2022-150x113.png 150w, https:\/\/generales.uprrp.edu\/innovaciones-educativas\/wp-content\/uploads\/sites\/29\/2023\/06\/Instituto-de-Verano-2022-450x338.png 450w\" sizes=\"auto, (max-width: 720px) 100vw, 720px\" \/>El Programa de Innovaciones Educativas (PIE) est\u00e1 adscrito al Decanato de Estudios Generales y tiene a su cargo la organizaci\u00f3n de diversas actividades acad\u00e9micas para beneficio de estudiantes y apoyo a la docencia de la Facultad y otros centros dentro de la UPR. Hasta el a\u00f1o 2022 el PIE fue el mecanismo empleado por la Universidad en la admisi\u00f3n de estudiantes adultos del Programa de Educaci\u00f3n Continua para Adultos (PECA), y una vez se implanta la <em>Admisi<\/em>\u00f3n<em> No Tradicional<\/em> en todo el Sistema UPR, en la que la Universidad de Puerto Rico adopta un mecanismo para la admisi\u00f3n a personas mayores de 23 a\u00f1os de edad, el Programa de Innovaciones Educativas abre sus posibilidades para transformarse y convertirse en una <strong><em>Plataforma de servicios de innovaci\u00f3n educativa<\/em><\/strong>, de acuerdo con la misi\u00f3n de la Facultad y, sobre todo, con los ofrecimientos que constituyen el Bachillerato de Estudios Generales y los dem\u00e1s departamentos.<\/p>\n<p><strong>Misi\u00f3n<\/strong><\/p>\n<p>PIE es un programa que tiene como misi\u00f3n apoyar la profesionalizaci\u00f3n y la formaci\u00f3n transdisciplinaria de los y las estudiantes de la Facultad de Estudios Generales.<\/p>\n<p><strong>Visi\u00f3n<\/strong><\/p>\n<p>En el 2023 el PIE se transformar\u00e1 en una plataforma de servicios para el apoyo acad\u00e9mico y profesional de estudiantes y profesores de la Facultad de Estudios Generales. A largo plazo, el PIE involucrar\u00e1 a asociaciones, centros comunitarios, escuelas aleda\u00f1as a la UPR y otros grupos para establecer redes de proyectos para el desarrollo del pa\u00eds.<\/p>\n<p><img loading=\"lazy\" decoding=\"async\" class=\"alignnone size-full wp-image-232\" src=\"https:\/\/generales.uprrp.edu\/innovaciones-educativas\/wp-content\/uploads\/sites\/29\/2023\/06\/Visita-al-Huerto-de-Capetillo.png\" alt=\"\" width=\"720\" height=\"540\" srcset=\"https:\/\/generales.uprrp.edu\/innovaciones-educativas\/wp-content\/uploads\/sites\/29\/2023\/06\/Visita-al-Huerto-de-Capetillo.png 720w, https:\/\/generales.uprrp.edu\/innovaciones-educativas\/wp-content\/uploads\/sites\/29\/2023\/06\/Visita-al-Huerto-de-Capetillo-300x225.png 300w, https:\/\/generales.uprrp.edu\/innovaciones-educativas\/wp-content\/uploads\/sites\/29\/2023\/06\/Visita-al-Huerto-de-Capetillo-150x113.png 150w, https:\/\/generales.uprrp.edu\/innovaciones-educativas\/wp-content\/uploads\/sites\/29\/2023\/06\/Visita-al-Huerto-de-Capetillo-450x338.png 450w\" sizes=\"auto, (max-width: 720px) 100vw, 720px\" \/><\/p>\n<p>En esta p\u00e1gina encontrar\u00e1s servicios de apoyo acad\u00e9mico que ofrece el PIE a estudiantes, proyectos pasados y futuros y tambi\u00e9n las redes de apoyo que el Programa ha conformado con diversos departamentos del Sistema UPR, grupos comunitarios, as\u00ed como de universidades fuera de Puerto Rico, para ampliar las experiencias educativas de los y las estudiantes de la Facultad de Estudios Generales, desde su primer semestre.<\/p>\n<\/div>\n","protected":false},"excerpt":{"rendered":"<p>El Programa de Innovaciones Educativas (PIE) est\u00e1 adscrito al Decanato de Estudios Generales y tiene a su cargo la organizaci\u00f3n de diversas actividades acad\u00e9micas para beneficio de estudiantes y apoyo a la docencia de la Facultad y otros centros dentro de la UPR. Hasta el a\u00f1o 2022 el PIE fue el mecanismo empleado por la<\/p>\n","protected":false},"author":33,"featured_media":0,"parent":0,"menu_order":0,"comment_status":"closed","ping_status":"closed","template":"","meta":{"footnotes":""},"class_list":["post-2","page","type-page","status-publish"],"_links":{"self":[{"href":"https:\/\/generales.uprrp.edu\/innovaciones-educativas\/wp-json\/wp\/v2\/pages\/2","targetHints":{"allow":["GET"]}}],"collection":[{"href":"https:\/\/generales.uprrp.edu\/innovaciones-educativas\/wp-json\/wp\/v2\/pages"}],"about":[{"href":"https:\/\/generales.uprrp.edu\/innovaciones-educativas\/wp-json\/wp\/v2\/types\/page"}],"author":[{"embeddable":true,"href":"https:\/\/generales.uprrp.edu\/innovaciones-educativas\/wp-json\/wp\/v2\/users\/33"}],"replies":[{"embeddable":true,"href":"https:\/\/generales.uprrp.edu\/innovaciones-educativas\/wp-json\/wp\/v2\/comments?post=2"}],"version-history":[{"count":17,"href":"https:\/\/generales.uprrp.edu\/innovaciones-educativas\/wp-json\/wp\/v2\/pages\/2\/revisions"}],"predecessor-version":[{"id":233,"href":"https:\/\/generales.uprrp.edu\/innovaciones-educativas\/wp-json\/wp\/v2\/pages\/2\/revisions\/233"}],"wp:attachment":[{"href":"https:\/\/generales.uprrp.edu\/innovaciones-educativas\/wp-json\/wp\/v2\/media?parent=2"}],"curies":[{"name":"wp","href":"https:\/\/api.w.org\/{rel}","templated":true}]}}