{"id":694,"date":"2026-01-13T18:50:00","date_gmt":"2026-01-13T18:50:00","guid":{"rendered":"https:\/\/generales.uprrp.edu\/ingles\/?page_id=694"},"modified":"2026-01-13T18:52:02","modified_gmt":"2026-01-13T18:52:02","slug":"nadjah-rios","status":"publish","type":"page","link":"https:\/\/generales.uprrp.edu\/ingles\/nadjah-rios\/","title":{"rendered":"Nadjah R\u00edos"},"content":{"rendered":"\t\t<div data-elementor-type=\"wp-page\" data-elementor-id=\"694\" class=\"elementor elementor-694\">\n\t\t\t\t\t\t<section class=\"elementor-section elementor-top-section elementor-element elementor-element-836cb5e elementor-section-boxed elementor-section-height-default elementor-section-height-default\" data-id=\"836cb5e\" data-element_type=\"section\" data-e-type=\"section\">\n\t\t\t\t\t\t<div class=\"elementor-container elementor-column-gap-default\">\n\t\t\t\t\t<div class=\"elementor-column elementor-col-33 elementor-top-column elementor-element elementor-element-e3a4650\" data-id=\"e3a4650\" data-element_type=\"column\" data-e-type=\"column\">\n\t\t\t<div class=\"elementor-widget-wrap elementor-element-populated\">\n\t\t\t\t\t\t<div class=\"elementor-element elementor-element-ebd1b31 elementor-widget elementor-widget-image\" data-id=\"ebd1b31\" data-element_type=\"widget\" data-e-type=\"widget\" data-widget_type=\"image.default\">\n\t\t\t\t<div class=\"elementor-widget-container\">\n\t\t\t\t\t\t\t\t\t\t\t\t\t\t\t<img fetchpriority=\"high\" decoding=\"async\" width=\"300\" height=\"300\" src=\"image\/svg+xml;base64,PHN2ZyB2aWV3Qm94PScwIDAgMTAyNCAxMDI0JyB4bWxucz0naHR0cDovL3d3dy53My5vcmcvMjAwMC9zdmcnPjwvc3ZnPg==\" class=\"attachment-large size-large wp-image-571 lazyload\" alt=\"\" sizes=\"(max-width: 300px) 100vw, 300px\" data-srcset=\"https:\/\/generales.uprrp.edu\/ingles\/wp-content\/uploads\/sites\/4\/2026\/01\/Rios-N-150x150@2x.png 300w, https:\/\/generales.uprrp.edu\/ingles\/wp-content\/uploads\/sites\/4\/2026\/01\/Rios-N-150x150.png 150w\" data-src=\"https:\/\/generales.uprrp.edu\/ingles\/wp-content\/uploads\/sites\/4\/2026\/01\/Rios-N.png\" \/>\t\t\t\t\t\t\t\t\t\t\t\t\t\t\t<\/div>\n\t\t\t\t<\/div>\n\t\t\t\t\t<\/div>\n\t\t<\/div>\n\t\t\t\t<div class=\"elementor-column elementor-col-66 elementor-top-column elementor-element elementor-element-88ff1c2\" data-id=\"88ff1c2\" data-element_type=\"column\" data-e-type=\"column\">\n\t\t\t<div class=\"elementor-widget-wrap elementor-element-populated\">\n\t\t\t\t\t\t<div class=\"elementor-element elementor-element-9f4aafd elementor-widget elementor-widget-text-editor\" data-id=\"9f4aafd\" data-element_type=\"widget\" data-e-type=\"widget\" data-widget_type=\"text-editor.default\">\n\t\t\t\t<div class=\"elementor-widget-container\">\n\t\t\t\t\t\t\t\t\t<p aria-level=\"3\"><b><span data-contrast=\"none\">Nadjah\u00a0R\u00edos\u00a0Villarini<\/span><\/b><span data-ccp-props=\"{&quot;134245418&quot;:true,&quot;134245529&quot;:true,&quot;201341983&quot;:0,&quot;335559738&quot;:0,&quot;335559739&quot;:0,&quot;335559740&quot;:240}\">\u00a0<br \/><\/span><a href=\"https:\/\/mailto:nadjah.rios@upr.edu\/\" target=\"_blank\" rel=\"noopener\"><span data-contrast=\"none\">nadjah.rios@upr.edu<\/span><\/a><span data-ccp-props=\"{&quot;201341983&quot;:0,&quot;335559739&quot;:0,&quot;335559740&quot;:240}\">\u00a0<br \/><\/span><span data-contrast=\"none\">Office #222<\/span><span data-ccp-props=\"{&quot;201341983&quot;:0,&quot;335559739&quot;:0,&quot;335559740&quot;:240}\">\u00a0<br \/><\/span><span data-contrast=\"none\">Extension #88630<\/span><span data-ccp-props=\"{&quot;201341983&quot;:0,&quot;335559739&quot;:0,&quot;335559740&quot;:240}\">\u00a0<\/span><\/p><p><span data-contrast=\"none\">Nadjah\u00a0R\u00edos\u00a0Villarini\u00a0co-directs the UPR Caribe Digital Project, a Digital Humanities initiative affiliated with the College of General Studies,\u00a0UPR-RP. She has been a professor in the Department of English at the same college since 2008. She earned her Ph.D. in Anthropology from the University of Texas at Austin. She has collaborated in the development of several community archives, including the Historical Archive of Casa Pueblo, the Historical Archive of Vieques, and the Archive of the\u00a0Culebra\u00a0Foundation. Alongside the initiative DH Scholars in Residence, she has supported her students in creating the Juan Mari\u00a0Br\u00e1s\u00a0Digital Archive, the Archive of the Waves Ahead Organization, and more recently, the\u00a0Santaliz\u00a0Archive of performer\u00a0Kairiana\u00a0N\u00fa\u00f1ez. She enjoys thinking in the early hours of the morning and taking long walks in the R\u00edo Piedras Botanical Garden.<\/span><span data-ccp-props=\"{&quot;201341983&quot;:0,&quot;335559739&quot;:0,&quot;335559740&quot;:240}\">\u00a0<\/span><\/p>\t\t\t\t\t\t\t\t<\/div>\n\t\t\t\t<\/div>\n\t\t\t\t\t<\/div>\n\t\t<\/div>\n\t\t\t\t\t<\/div>\n\t\t<\/section>\n\t\t\t\t<\/div>\n\t\t","protected":false},"excerpt":{"rendered":"<p>Nadjah\u00a0R\u00edos\u00a0Villarini\u00a0nadjah.rios@upr.edu\u00a0Office #222\u00a0Extension #88630\u00a0 Nadjah\u00a0R\u00edos\u00a0Villarini\u00a0co-directs the UPR Caribe Digital Project, a Digital Humanities initiative affiliated with the College of General Studies,\u00a0UPR-RP. She has been a professor in the Department of English at the same college since 2008. She earned her Ph.D. in Anthropology from the University of Texas at Austin. She has collaborated in the development<\/p>\n","protected":false},"author":11,"featured_media":0,"parent":0,"menu_order":0,"comment_status":"closed","ping_status":"closed","template":"","meta":{"footnotes":""},"class_list":["post-694","page","type-page","status-publish"],"amp_enabled":true,"_links":{"self":[{"href":"https:\/\/generales.uprrp.edu\/ingles\/wp-json\/wp\/v2\/pages\/694","targetHints":{"allow":["GET"]}}],"collection":[{"href":"https:\/\/generales.uprrp.edu\/ingles\/wp-json\/wp\/v2\/pages"}],"about":[{"href":"https:\/\/generales.uprrp.edu\/ingles\/wp-json\/wp\/v2\/types\/page"}],"author":[{"embeddable":true,"href":"https:\/\/generales.uprrp.edu\/ingles\/wp-json\/wp\/v2\/users\/11"}],"replies":[{"embeddable":true,"href":"https:\/\/generales.uprrp.edu\/ingles\/wp-json\/wp\/v2\/comments?post=694"}],"version-history":[{"count":7,"href":"https:\/\/generales.uprrp.edu\/ingles\/wp-json\/wp\/v2\/pages\/694\/revisions"}],"predecessor-version":[{"id":701,"href":"https:\/\/generales.uprrp.edu\/ingles\/wp-json\/wp\/v2\/pages\/694\/revisions\/701"}],"wp:attachment":[{"href":"https:\/\/generales.uprrp.edu\/ingles\/wp-json\/wp\/v2\/media?parent=694"}],"curies":[{"name":"wp","href":"https:\/\/api.w.org\/{rel}","templated":true}]}}