{"id":686,"date":"2026-01-13T17:40:54","date_gmt":"2026-01-13T17:40:54","guid":{"rendered":"https:\/\/generales.uprrp.edu\/ingles\/?page_id=686"},"modified":"2026-01-13T18:44:45","modified_gmt":"2026-01-13T18:44:45","slug":"jose-rios","status":"publish","type":"page","link":"https:\/\/generales.uprrp.edu\/ingles\/jose-rios\/","title":{"rendered":"Jos\u00e9 R\u00edos"},"content":{"rendered":"\t\t<div data-elementor-type=\"wp-page\" data-elementor-id=\"686\" class=\"elementor elementor-686\">\n\t\t\t\t\t\t<section class=\"elementor-section elementor-top-section elementor-element elementor-element-cd132e7 elementor-section-boxed elementor-section-height-default elementor-section-height-default\" data-id=\"cd132e7\" data-element_type=\"section\" data-e-type=\"section\">\n\t\t\t\t\t\t<div class=\"elementor-container elementor-column-gap-default\">\n\t\t\t\t\t<div class=\"elementor-column elementor-col-33 elementor-top-column elementor-element elementor-element-ef6fa9e\" data-id=\"ef6fa9e\" data-element_type=\"column\" data-e-type=\"column\">\n\t\t\t<div class=\"elementor-widget-wrap elementor-element-populated\">\n\t\t\t\t\t\t<div class=\"elementor-element elementor-element-28f972b elementor-widget elementor-widget-image\" data-id=\"28f972b\" data-element_type=\"widget\" data-e-type=\"widget\" data-widget_type=\"image.default\">\n\t\t\t\t<div class=\"elementor-widget-container\">\n\t\t\t\t\t\t\t\t\t\t\t\t\t\t\t<img fetchpriority=\"high\" decoding=\"async\" width=\"300\" height=\"300\" src=\"image\/svg+xml;base64,PHN2ZyB2aWV3Qm94PScwIDAgMTAyNCAxMDI0JyB4bWxucz0naHR0cDovL3d3dy53My5vcmcvMjAwMC9zdmcnPjwvc3ZnPg==\" class=\"attachment-large size-large wp-image-572 lazyload\" alt=\"\" sizes=\"(max-width: 300px) 100vw, 300px\" data-srcset=\"https:\/\/generales.uprrp.edu\/ingles\/wp-content\/uploads\/sites\/4\/2026\/01\/Rios-J-150x150@2x.png 300w, https:\/\/generales.uprrp.edu\/ingles\/wp-content\/uploads\/sites\/4\/2026\/01\/Rios-J-150x150.png 150w\" data-src=\"https:\/\/generales.uprrp.edu\/ingles\/wp-content\/uploads\/sites\/4\/2026\/01\/Rios-J.png\" \/>\t\t\t\t\t\t\t\t\t\t\t\t\t\t\t<\/div>\n\t\t\t\t<\/div>\n\t\t\t\t\t<\/div>\n\t\t<\/div>\n\t\t\t\t<div class=\"elementor-column elementor-col-66 elementor-top-column elementor-element elementor-element-a061773\" data-id=\"a061773\" data-element_type=\"column\" data-e-type=\"column\">\n\t\t\t<div class=\"elementor-widget-wrap elementor-element-populated\">\n\t\t\t\t\t\t<div class=\"elementor-element elementor-element-b20e27c elementor-widget elementor-widget-text-editor\" data-id=\"b20e27c\" data-element_type=\"widget\" data-e-type=\"widget\" data-widget_type=\"text-editor.default\">\n\t\t\t\t<div class=\"elementor-widget-container\">\n\t\t\t\t\t\t\t\t\t<p aria-level=\"3\"><b><span data-contrast=\"none\">Jos\u00e9\u00a0A\u00a0R\u00edos\u00a0Diaz<\/span><\/b><span data-ccp-props=\"{&quot;134245418&quot;:true,&quot;134245529&quot;:true,&quot;201341983&quot;:0,&quot;335559738&quot;:0,&quot;335559739&quot;:0,&quot;335559740&quot;:240}\">\u00a0<br \/><\/span><a href=\"https:\/\/mailto:jose.rios25@upr.edu\/\" target=\"_blank\" rel=\"noopener\"><span data-contrast=\"none\">jose.rios25@upr.edu<\/span><\/a><span data-contrast=\"none\">\u00a0<\/span><span data-ccp-props=\"{&quot;201341983&quot;:0,&quot;335559740&quot;:240}\">\u00a0<br \/><\/span><span data-contrast=\"none\">Office #314<\/span><span data-ccp-props=\"{&quot;201341983&quot;:0,&quot;335559740&quot;:240}\">\u00a0<br \/><\/span><span data-contrast=\"none\">Extension #<\/span><span data-contrast=\"auto\">\u00a088884<\/span><span data-ccp-props=\"{&quot;201341983&quot;:0,&quot;335559739&quot;:0,&quot;335559740&quot;:240}\">\u00a0<\/span><\/p><p><span data-contrast=\"auto\">Jos\u00e9 A. R\u00edos-D\u00edaz is an adjunct\u00a0professor\u00a0in\u00a0the Department of English, College of General Studies, UPR-RP. He is a doctoral candidate in Educational Leadership in Higher Education and Organizational Studies from Bay Path University; he holds a M.Ed. in Teaching English as a Second Language from Cambridge College and a M.A. in English Linguistics and Communications from UPR-RP. His areas of interest include public education, communication coaching, multiculturalism, higher education organizations, and ESL teaching. In addition to his service at UPR-RP, he is conducting multiple interdisciplinary projects on bilingualism and immersive communication focused on medicine, in collaboration with faculty from the Universidad Central del Caribe. He also serves as a student mentor and adjunct professor at Cambridge College.<\/span><span data-ccp-props=\"{&quot;201341983&quot;:0,&quot;335559739&quot;:0,&quot;335559740&quot;:240}\">\u00a0<\/span><\/p>\t\t\t\t\t\t\t\t<\/div>\n\t\t\t\t<\/div>\n\t\t\t\t\t<\/div>\n\t\t<\/div>\n\t\t\t\t\t<\/div>\n\t\t<\/section>\n\t\t\t\t<\/div>\n\t\t","protected":false},"excerpt":{"rendered":"<p>Jos\u00e9\u00a0A\u00a0R\u00edos\u00a0Diaz\u00a0jose.rios25@upr.edu\u00a0\u00a0Office #314\u00a0Extension #\u00a088884\u00a0 Jos\u00e9 A. R\u00edos-D\u00edaz is an adjunct\u00a0professor\u00a0in\u00a0the Department of English, College of General Studies, UPR-RP. He is a doctoral candidate in Educational Leadership in Higher Education and Organizational Studies from Bay Path University; he holds a M.Ed. in Teaching English as a Second Language from Cambridge College and a M.A. in English Linguistics<\/p>\n","protected":false},"author":11,"featured_media":0,"parent":0,"menu_order":0,"comment_status":"closed","ping_status":"closed","template":"","meta":{"footnotes":""},"class_list":["post-686","page","type-page","status-publish"],"amp_enabled":true,"_links":{"self":[{"href":"https:\/\/generales.uprrp.edu\/ingles\/wp-json\/wp\/v2\/pages\/686","targetHints":{"allow":["GET"]}}],"collection":[{"href":"https:\/\/generales.uprrp.edu\/ingles\/wp-json\/wp\/v2\/pages"}],"about":[{"href":"https:\/\/generales.uprrp.edu\/ingles\/wp-json\/wp\/v2\/types\/page"}],"author":[{"embeddable":true,"href":"https:\/\/generales.uprrp.edu\/ingles\/wp-json\/wp\/v2\/users\/11"}],"replies":[{"embeddable":true,"href":"https:\/\/generales.uprrp.edu\/ingles\/wp-json\/wp\/v2\/comments?post=686"}],"version-history":[{"count":7,"href":"https:\/\/generales.uprrp.edu\/ingles\/wp-json\/wp\/v2\/pages\/686\/revisions"}],"predecessor-version":[{"id":693,"href":"https:\/\/generales.uprrp.edu\/ingles\/wp-json\/wp\/v2\/pages\/686\/revisions\/693"}],"wp:attachment":[{"href":"https:\/\/generales.uprrp.edu\/ingles\/wp-json\/wp\/v2\/media?parent=686"}],"curies":[{"name":"wp","href":"https:\/\/api.w.org\/{rel}","templated":true}]}}