{"id":382,"date":"2023-05-30T15:15:24","date_gmt":"2023-05-30T15:15:24","guid":{"rendered":"https:\/\/generales.uprrp.edu\/ingles\/?page_id=382"},"modified":"2023-06-01T13:42:37","modified_gmt":"2023-06-01T13:42:37","slug":"teaching-staff","status":"publish","type":"page","link":"https:\/\/generales.uprrp.edu\/ingles\/teaching-staff\/","title":{"rendered":"Teaching Staff"},"content":{"rendered":"\n<table id=\"tablepress-4\" class=\"tablepress tablepress-id-4\">\n<thead>\n<tr class=\"row-1\">\n\t<td class=\"column-1\"><\/td><th class=\"column-2\">Name<\/th><th class=\"column-3\">Office<\/th><th class=\"column-4\">Extension<\/th><th class=\"column-5\">Email<\/th>\n<\/tr>\n<\/thead>\n<tbody class=\"row-striping row-hover\">\n<tr class=\"row-2\">\n\t<td class=\"column-1\"><img decoding=\"async\" src=\"https:\/\/generales.uprrp.edu\/ingles\/wp-content\/uploads\/sites\/4\/2026\/01\/Adams-150x150.png\" alt=\"\" width=\"150\" height=\"150\" class=\"alignleft size-thumbnail wp-image-554\" srcset=\"https:\/\/generales.uprrp.edu\/ingles\/wp-content\/uploads\/sites\/4\/2026\/01\/Adams-150x150.png 150w, https:\/\/generales.uprrp.edu\/ingles\/wp-content\/uploads\/sites\/4\/2026\/01\/Adams.png 300w\" sizes=\"(max-width: 150px) 100vw, 150px\" \/><\/td><td class=\"column-2\"><a href=\"https:\/\/generales.uprrp.edu\/ingles\/jessica-adams\/\">Adams Stone, Jessica, Ph.D.<\/a><\/td><td class=\"column-3\">JBR 320<\/td><td class=\"column-4\">88912<\/td><td class=\"column-5\">jessica.adams@upr.edu<\/td>\n<\/tr>\n<tr class=\"row-3\">\n\t<td class=\"column-1\"><img decoding=\"async\" src=\"https:\/\/generales.uprrp.edu\/ingles\/wp-content\/uploads\/sites\/4\/2026\/01\/Armstrong-150x150.png\" alt=\"\" width=\"150\" height=\"150\" class=\"alignleft size-thumbnail wp-image-558\" srcset=\"https:\/\/generales.uprrp.edu\/ingles\/wp-content\/uploads\/sites\/4\/2026\/01\/Armstrong-150x150.png 150w, https:\/\/generales.uprrp.edu\/ingles\/wp-content\/uploads\/sites\/4\/2026\/01\/Armstrong.png 300w\" sizes=\"(max-width: 150px) 100vw, 150px\" \/><\/td><td class=\"column-2\"><a href=\"https:\/\/generales.uprrp.edu\/ingles\/clifton-armstrong\/\">Armstrong Pedersen, Clifton D., Ph.D.<\/a><\/td><td class=\"column-3\">JBR 254<\/td><td class=\"column-4\">88826<\/td><td class=\"column-5\">clifton.armstrong1@upr.edu<\/td>\n<\/tr>\n<tr class=\"row-4\">\n\t<td class=\"column-1\"><img decoding=\"async\" src=\"https:\/\/generales.uprrp.edu\/ingles\/wp-content\/uploads\/sites\/4\/2026\/01\/Camara-150x150.png\" alt=\"\" width=\"150\" height=\"150\" class=\"alignleft size-thumbnail wp-image-559\" srcset=\"https:\/\/generales.uprrp.edu\/ingles\/wp-content\/uploads\/sites\/4\/2026\/01\/Camara-150x150.png 150w, https:\/\/generales.uprrp.edu\/ingles\/wp-content\/uploads\/sites\/4\/2026\/01\/Camara.png 300w\" sizes=\"(max-width: 150px) 100vw, 150px\" \/><\/td><td class=\"column-2\"><a href=\"https:\/\/generales.uprrp.edu\/ingles\/brenda-camara\/\">Camara Walker, Brenda Ann, Ed.D.<\/a><\/td><td class=\"column-3\">JBR 339<\/td><td class=\"column-4\">88747<\/td><td class=\"column-5\">brenda.camara@upr.edu<\/td>\n<\/tr>\n<tr class=\"row-5\">\n\t<td class=\"column-1\"><\/td><td class=\"column-2\"><a href=\"https:\/\/generales.uprrp.edu\/ingles\/michael-cucher\/\">Cucher Kraft, Michael, Ph.D.<\/a><\/td><td class=\"column-3\">JBR 243<\/td><td class=\"column-4\">88830<\/td><td class=\"column-5\">michael.cucher@upr.edu<\/td>\n<\/tr>\n<tr class=\"row-6\">\n\t<td class=\"column-1\"><img loading=\"lazy\" decoding=\"async\" src=\"https:\/\/generales.uprrp.edu\/ingles\/wp-content\/uploads\/sites\/4\/2026\/01\/Edwards-150x150.png\" alt=\"\" width=\"150\" height=\"150\" class=\"alignleft size-thumbnail wp-image-560\" srcset=\"https:\/\/generales.uprrp.edu\/ingles\/wp-content\/uploads\/sites\/4\/2026\/01\/Edwards-150x150.png 150w, https:\/\/generales.uprrp.edu\/ingles\/wp-content\/uploads\/sites\/4\/2026\/01\/Edwards.png 300w\" sizes=\"(max-width: 150px) 100vw, 150px\" \/><\/td><td class=\"column-2\"><a href=\"https:\/\/generales.uprrp.edu\/ingles\/eva-edwards\/\">Edwards, Eva de Lourdes, Ph.D.<\/a><\/td><td class=\"column-3\">DMN 249<\/td><td class=\"column-4\">88874<\/td><td class=\"column-5\">eva.edwards@upr.edu<\/td>\n<\/tr>\n<tr class=\"row-7\">\n\t<td class=\"column-1\"><img loading=\"lazy\" decoding=\"async\" src=\"https:\/\/generales.uprrp.edu\/ingles\/wp-content\/uploads\/sites\/4\/2026\/01\/Flanagan-150x150.png\" alt=\"\" width=\"150\" height=\"150\" class=\"alignleft size-thumbnail wp-image-561\" srcset=\"https:\/\/generales.uprrp.edu\/ingles\/wp-content\/uploads\/sites\/4\/2026\/01\/Flanagan-150x150.png 150w, https:\/\/generales.uprrp.edu\/ingles\/wp-content\/uploads\/sites\/4\/2026\/01\/Flanagan.png 300w\" sizes=\"(max-width: 150px) 100vw, 150px\" \/><\/td><td class=\"column-2\"><a href=\"https:\/\/generales.uprrp.edu\/ingles\/frank-flanagan\/\">Flanagan, Frank, M.A.<\/a><\/td><td class=\"column-3\">JBR 353<\/td><td class=\"column-4\">88872<\/td><td class=\"column-5\">frank.flanagan@upr.edu<\/td>\n<\/tr>\n<tr class=\"row-8\">\n\t<td class=\"column-1\"><img loading=\"lazy\" decoding=\"async\" src=\"https:\/\/generales.uprrp.edu\/ingles\/wp-content\/uploads\/sites\/4\/2026\/01\/Gonzalez-150x150.png\" alt=\"\" width=\"150\" height=\"150\" class=\"alignleft size-thumbnail wp-image-563\" srcset=\"https:\/\/generales.uprrp.edu\/ingles\/wp-content\/uploads\/sites\/4\/2026\/01\/Gonzalez-150x150.png 150w, https:\/\/generales.uprrp.edu\/ingles\/wp-content\/uploads\/sites\/4\/2026\/01\/Gonzalez.png 300w\" sizes=\"(max-width: 150px) 100vw, 150px\" \/><\/td><td class=\"column-2\"><a href=\"https:\/\/generales.uprrp.edu\/ingles\/ariana-gonzalez\/\">Gonz\u00e1lez Mezo, Ariana T., M.A.<\/a><\/td><td class=\"column-3\">JBR 325<\/td><td class=\"column-4\">88861<\/td><td class=\"column-5\">ariana.gonzalez3@upr.edu<\/td>\n<\/tr>\n<tr class=\"row-9\">\n\t<td class=\"column-1\"><img loading=\"lazy\" decoding=\"async\" src=\"https:\/\/generales.uprrp.edu\/ingles\/wp-content\/uploads\/sites\/4\/2026\/01\/Lopez-150x150.png\" alt=\"\" width=\"150\" height=\"150\" class=\"alignleft size-thumbnail wp-image-564\" srcset=\"https:\/\/generales.uprrp.edu\/ingles\/wp-content\/uploads\/sites\/4\/2026\/01\/Lopez-150x150.png 150w, https:\/\/generales.uprrp.edu\/ingles\/wp-content\/uploads\/sites\/4\/2026\/01\/Lopez.png 300w\" sizes=\"(max-width: 150px) 100vw, 150px\" \/><\/td><td class=\"column-2\"><a href=\"https:\/\/generales.uprrp.edu\/ingles\/lydia-lopez\/\">L\u00f3pez Ruiz, Lydia A., M.A.<\/a><\/td><td class=\"column-3\">JBR 357<\/td><td class=\"column-4\">88709<\/td><td class=\"column-5\">lydia.lopez2@upr.edu<\/td>\n<\/tr>\n<tr class=\"row-10\">\n\t<td class=\"column-1\"><img loading=\"lazy\" decoding=\"async\" src=\"https:\/\/generales.uprrp.edu\/ingles\/wp-content\/uploads\/sites\/4\/2026\/01\/Mahdavi-150x150.png\" alt=\"\" width=\"150\" height=\"150\" class=\"alignleft size-thumbnail wp-image-565\" srcset=\"https:\/\/generales.uprrp.edu\/ingles\/wp-content\/uploads\/sites\/4\/2026\/01\/Mahdavi-150x150.png 150w, https:\/\/generales.uprrp.edu\/ingles\/wp-content\/uploads\/sites\/4\/2026\/01\/Mahdavi.png 300w\" sizes=\"(max-width: 150px) 100vw, 150px\" \/><\/td><td class=\"column-2\"><a href=\"https:\/\/generales.uprrp.edu\/ingles\/saideh-mahdavi\/\">Mahdavi, Saideh, Ph.D.<\/a><\/td><td class=\"column-3\">JBR 327<\/td><td class=\"column-4\">88659<\/td><td class=\"column-5\">saideh.mahdavi1@upr.edu<\/td>\n<\/tr>\n<tr class=\"row-11\">\n\t<td class=\"column-1\"><img loading=\"lazy\" decoding=\"async\" src=\"https:\/\/generales.uprrp.edu\/ingles\/wp-content\/uploads\/sites\/4\/2026\/01\/Martinez-150x150.png\" alt=\"\" width=\"150\" height=\"150\" class=\"alignleft size-thumbnail wp-image-566\" srcset=\"https:\/\/generales.uprrp.edu\/ingles\/wp-content\/uploads\/sites\/4\/2026\/01\/Martinez-150x150.png 150w, https:\/\/generales.uprrp.edu\/ingles\/wp-content\/uploads\/sites\/4\/2026\/01\/Martinez.png 300w\" sizes=\"(max-width: 150px) 100vw, 150px\" \/><\/td><td class=\"column-2\"><a href=\"https:\/\/generales.uprrp.edu\/ingles\/daphne-martinez\/\">Mart\u00ednez Luengo, Daphne M., Ph.D.<\/a><\/td><td class=\"column-3\">PSAE office in DMN second floor (across from rooms 201-201)<\/td><td class=\"column-4\">88969<\/td><td class=\"column-5\">daphne.martinez2@upr.edu<\/td>\n<\/tr>\n<tr class=\"row-12\">\n\t<td class=\"column-1\"><img loading=\"lazy\" decoding=\"async\" src=\"https:\/\/generales.uprrp.edu\/ingles\/wp-content\/uploads\/sites\/4\/2026\/01\/Mendoza-150x150.png\" alt=\"\" width=\"150\" height=\"150\" class=\"alignleft size-thumbnail wp-image-567\" srcset=\"https:\/\/generales.uprrp.edu\/ingles\/wp-content\/uploads\/sites\/4\/2026\/01\/Mendoza-150x150.png 150w, https:\/\/generales.uprrp.edu\/ingles\/wp-content\/uploads\/sites\/4\/2026\/01\/Mendoza-150x150@2x.png 300w\" sizes=\"(max-width: 150px) 100vw, 150px\" \/><\/td><td class=\"column-2\"><a href=\"https:\/\/generales.uprrp.edu\/ingles\/fiorelys-mendoza\/\">Mendoza Morales, Fiorelys, Ph.D.<\/a><\/td><td class=\"column-3\">JBR 360<\/td><td class=\"column-4\">88871<\/td><td class=\"column-5\">fiorelys.mendoza@upr.edu<\/td>\n<\/tr>\n<tr class=\"row-13\">\n\t<td class=\"column-1\"><\/td><td class=\"column-2\"><a href=\"https:\/\/generales.uprrp.edu\/ingles\/hector-mercado\/\">Mercado Soucy, H\u00e9ctor, M.A.<\/a><\/td><td class=\"column-3\">JBR 354<\/td><td class=\"column-4\">88872<\/td><td class=\"column-5\">hector.mercadosoucy@upr.edu<\/td>\n<\/tr>\n<tr class=\"row-14\">\n\t<td class=\"column-1\"><img loading=\"lazy\" decoding=\"async\" src=\"https:\/\/generales.uprrp.edu\/ingles\/wp-content\/uploads\/sites\/4\/2026\/01\/Miranda-150x150.png\" alt=\"\" width=\"150\" height=\"150\" class=\"alignleft size-thumbnail wp-image-569\" srcset=\"https:\/\/generales.uprrp.edu\/ingles\/wp-content\/uploads\/sites\/4\/2026\/01\/Miranda-150x150.png 150w, https:\/\/generales.uprrp.edu\/ingles\/wp-content\/uploads\/sites\/4\/2026\/01\/Miranda.png 300w\" sizes=\"(max-width: 150px) 100vw, 150px\" \/><\/td><td class=\"column-2\"><a href=\"https:\/\/generales.uprrp.edu\/ingles\/katherine-miranda\/\">Miranda Lerchl, Katherine C., Ph.D.<\/a><\/td><td class=\"column-3\">JBR 215<\/td><td class=\"column-4\">88869<\/td><td class=\"column-5\">katherine.mirandalerchl@upr.edu<\/td>\n<\/tr>\n<tr class=\"row-15\">\n\t<td class=\"column-1\"><\/td><td class=\"column-2\"><a href=\"https:\/\/generales.uprrp.edu\/ingles\/cynthia-pittmann\/\">Pittmann Doleto, Cynthia, Ph. D.<\/a><\/td><td class=\"column-3\">JBR 348<\/td><td class=\"column-4\">88870<\/td><td class=\"column-5\">cynthia.pittmann@upr.edu<\/td>\n<\/tr>\n<tr class=\"row-16\">\n\t<td class=\"column-1\"><img loading=\"lazy\" decoding=\"async\" src=\"https:\/\/generales.uprrp.edu\/ingles\/wp-content\/uploads\/sites\/4\/2026\/01\/Platon-150x150.png\" alt=\"\" width=\"150\" height=\"150\" class=\"alignleft size-thumbnail wp-image-570\" srcset=\"https:\/\/generales.uprrp.edu\/ingles\/wp-content\/uploads\/sites\/4\/2026\/01\/Platon-150x150.png 150w, https:\/\/generales.uprrp.edu\/ingles\/wp-content\/uploads\/sites\/4\/2026\/01\/Platon-150x150@2x.png 300w\" sizes=\"(max-width: 150px) 100vw, 150px\" \/><\/td><td class=\"column-2\"><a href=\"https:\/\/generales.uprrp.edu\/ingles\/lydia-platon\/\">Plat\u00f3n L\u00e1zaro, Lydia, Ph. D.<\/a><\/td><td class=\"column-3\">JBR 250<\/td><td class=\"column-4\">88973<\/td><td class=\"column-5\">lydia.platonlazaro@upr.edu<\/td>\n<\/tr>\n<tr class=\"row-17\">\n\t<td class=\"column-1\"><img loading=\"lazy\" decoding=\"async\" src=\"https:\/\/generales.uprrp.edu\/ingles\/wp-content\/uploads\/sites\/4\/2026\/01\/Rios-J-150x150.png\" alt=\"\" width=\"150\" height=\"150\" class=\"alignleft size-thumbnail wp-image-572\" srcset=\"https:\/\/generales.uprrp.edu\/ingles\/wp-content\/uploads\/sites\/4\/2026\/01\/Rios-J-150x150.png 150w, https:\/\/generales.uprrp.edu\/ingles\/wp-content\/uploads\/sites\/4\/2026\/01\/Rios-J.png 300w\" sizes=\"(max-width: 150px) 100vw, 150px\" \/><\/td><td class=\"column-2\"><a href=\"https:\/\/generales.uprrp.edu\/ingles\/jose-rios\/\">R\u00edos D\u00edaz, Jos\u00e9 A., M.A.<\/a><\/td><td class=\"column-3\">JBR 314<\/td><td class=\"column-4\">88884<\/td><td class=\"column-5\">jose.rios25@upr.edu<\/td>\n<\/tr>\n<tr class=\"row-18\">\n\t<td class=\"column-1\"><img loading=\"lazy\" decoding=\"async\" src=\"https:\/\/generales.uprrp.edu\/ingles\/wp-content\/uploads\/sites\/4\/2026\/01\/Rios-N-150x150.png\" alt=\"\" width=\"150\" height=\"150\" class=\"alignleft size-thumbnail wp-image-571\" srcset=\"https:\/\/generales.uprrp.edu\/ingles\/wp-content\/uploads\/sites\/4\/2026\/01\/Rios-N-150x150.png 150w, https:\/\/generales.uprrp.edu\/ingles\/wp-content\/uploads\/sites\/4\/2026\/01\/Rios-N.png 300w\" sizes=\"(max-width: 150px) 100vw, 150px\" \/><\/td><td class=\"column-2\"><a href=\"https:\/\/generales.uprrp.edu\/ingles\/nadjah-rios\/\">R\u00edos Villarini, Nadja, Ph.D.<\/a><\/td><td class=\"column-3\">JBR 217<\/td><td class=\"column-4\">88867<\/td><td class=\"column-5\">nadjah.rios@upr.edu<\/td>\n<\/tr>\n<tr class=\"row-19\">\n\t<td class=\"column-1\"><img loading=\"lazy\" decoding=\"async\" src=\"https:\/\/generales.uprrp.edu\/ingles\/wp-content\/uploads\/sites\/4\/2026\/01\/Romero-150x150.png\" alt=\"\" width=\"150\" height=\"150\" class=\"alignleft size-thumbnail wp-image-573\" srcset=\"https:\/\/generales.uprrp.edu\/ingles\/wp-content\/uploads\/sites\/4\/2026\/01\/Romero-150x150.png 150w, https:\/\/generales.uprrp.edu\/ingles\/wp-content\/uploads\/sites\/4\/2026\/01\/Romero.png 300w\" sizes=\"(max-width: 150px) 100vw, 150px\" \/><\/td><td class=\"column-2\"><a href=\"https:\/\/generales.uprrp.edu\/ingles\/catilia-romero\/\">Romero Ram\u00edrez, Catillia, M.A.<\/a><\/td><td class=\"column-3\">JBR 218<\/td><td class=\"column-4\">88866<\/td><td class=\"column-5\">catilia.romeroramirez@upr.edu<\/td>\n<\/tr>\n<tr class=\"row-20\">\n\t<td class=\"column-1\"><img loading=\"lazy\" decoding=\"async\" src=\"https:\/\/generales.uprrp.edu\/ingles\/wp-content\/uploads\/sites\/4\/2026\/01\/Sanchez-150x150.png\" alt=\"\" width=\"150\" height=\"150\" class=\"alignleft size-thumbnail wp-image-574\" srcset=\"https:\/\/generales.uprrp.edu\/ingles\/wp-content\/uploads\/sites\/4\/2026\/01\/Sanchez-150x150.png 150w, https:\/\/generales.uprrp.edu\/ingles\/wp-content\/uploads\/sites\/4\/2026\/01\/Sanchez.png 300w\" sizes=\"(max-width: 150px) 100vw, 150px\" \/><\/td><td class=\"column-2\"><a href=\"https:\/\/generales.uprrp.edu\/ingles\/roberto-sanchez\/\">S\u00e1nchez Zayas, Roberto C., M.A.<\/a><\/td><td class=\"column-3\">DMN 239<\/td><td class=\"column-4\"><\/td><td class=\"column-5\">robertoc.sanchez@upr.edu<\/td>\n<\/tr>\n<tr class=\"row-21\">\n\t<td class=\"column-1\"><img loading=\"lazy\" decoding=\"async\" src=\"https:\/\/generales.uprrp.edu\/ingles\/wp-content\/uploads\/sites\/4\/2026\/01\/Santiago-V-150x150.png\" alt=\"\" width=\"150\" height=\"150\" class=\"alignleft size-thumbnail wp-image-575\" srcset=\"https:\/\/generales.uprrp.edu\/ingles\/wp-content\/uploads\/sites\/4\/2026\/01\/Santiago-V-150x150.png 150w, https:\/\/generales.uprrp.edu\/ingles\/wp-content\/uploads\/sites\/4\/2026\/01\/Santiago-V-150x150@2x.png 300w\" sizes=\"(max-width: 150px) 100vw, 150px\" \/><\/td><td class=\"column-2\"><a href=\"https:\/\/generales.uprrp.edu\/ingles\/virginia-santiago\/\">Santiago Acuna Virginia, Ed.D.<\/a><\/td><td class=\"column-3\">JBR 358<\/td><td class=\"column-4\">88714<\/td><td class=\"column-5\">virginia.santiago2@upr.edu<\/td>\n<\/tr>\n<tr class=\"row-22\">\n\t<td class=\"column-1\"><img loading=\"lazy\" decoding=\"async\" src=\"https:\/\/generales.uprrp.edu\/ingles\/wp-content\/uploads\/sites\/4\/2026\/01\/Santiago-J-150x150.png\" alt=\"\" width=\"150\" height=\"150\" class=\"alignleft size-thumbnail wp-image-576\" \/><\/td><td class=\"column-2\"><a href=\"https:\/\/generales.uprrp.edu\/ingles\/janine-santiago\/\">Santiago Santiago Janine, Ph.D.<\/a><\/td><td class=\"column-3\">JBR 220<\/td><td class=\"column-4\">88868<\/td><td class=\"column-5\">janine.santiago@upr.edu<\/td>\n<\/tr>\n<tr class=\"row-23\">\n\t<td class=\"column-1\"><img loading=\"lazy\" decoding=\"async\" src=\"https:\/\/generales.uprrp.edu\/ingles\/wp-content\/uploads\/sites\/4\/2026\/01\/Smith-150x150.png\" alt=\"\" width=\"150\" height=\"150\" class=\"alignleft size-thumbnail wp-image-577\" srcset=\"https:\/\/generales.uprrp.edu\/ingles\/wp-content\/uploads\/sites\/4\/2026\/01\/Smith-150x150.png 150w, https:\/\/generales.uprrp.edu\/ingles\/wp-content\/uploads\/sites\/4\/2026\/01\/Smith.png 300w\" sizes=\"(max-width: 150px) 100vw, 150px\" \/><\/td><td class=\"column-2\"><a href=\"https:\/\/generales.uprrp.edu\/ingles\/dorsia-smith\/\">Smith Artis, Dors\u00eda J., Ph.D.<\/a><\/td><td class=\"column-3\">JBR 226<\/td><td class=\"column-4\">88863<\/td><td class=\"column-5\">dorsia.smith2@upr.edu<\/td>\n<\/tr>\n<tr class=\"row-24\">\n\t<td class=\"column-1\"><\/td><td class=\"column-2\"><a href=\"https:\/\/generales.uprrp.edu\/ingles\/cely-thompson\/\">Thompson, Cely, Ph.D.<\/a><\/td><td class=\"column-3\">JBR 336<\/td><td class=\"column-4\"><\/td><td class=\"column-5\">cely.thompson@upr.edu<\/td>\n<\/tr>\n<tr class=\"row-25\">\n\t<td class=\"column-1\"><img loading=\"lazy\" decoding=\"async\" src=\"https:\/\/generales.uprrp.edu\/ingles\/wp-content\/uploads\/sites\/4\/2026\/01\/Torres-150x150.png\" alt=\"\" width=\"150\" height=\"150\" class=\"alignleft size-thumbnail wp-image-578\" srcset=\"https:\/\/generales.uprrp.edu\/ingles\/wp-content\/uploads\/sites\/4\/2026\/01\/Torres-150x150.png 150w, https:\/\/generales.uprrp.edu\/ingles\/wp-content\/uploads\/sites\/4\/2026\/01\/Torres.png 300w\" sizes=\"(max-width: 150px) 100vw, 150px\" \/><\/td><td class=\"column-2\"><a href=\"https:\/\/generales.uprrp.edu\/ingles\/gretchen-torres\/\">Torres-Cintr\u00f3n, Gretchen, Ed.D<\/a><\/td><td class=\"column-3\">DMN 233<\/td><td class=\"column-4\"><\/td><td class=\"column-5\">gretchen.torrescinton@upr.edu<\/td>\n<\/tr>\n<tr class=\"row-26\">\n\t<td class=\"column-1\"><img loading=\"lazy\" decoding=\"async\" src=\"https:\/\/generales.uprrp.edu\/ingles\/wp-content\/uploads\/sites\/4\/2026\/01\/Cybele-150x150.png\" alt=\"\" width=\"150\" height=\"150\" class=\"alignleft size-thumbnail wp-image-579\" srcset=\"https:\/\/generales.uprrp.edu\/ingles\/wp-content\/uploads\/sites\/4\/2026\/01\/Cybele-150x150.png 150w, https:\/\/generales.uprrp.edu\/ingles\/wp-content\/uploads\/sites\/4\/2026\/01\/Cybele.png 300w\" sizes=\"(max-width: 150px) 100vw, 150px\" \/><\/td><td class=\"column-2\"><a href=\"https:\/\/generales.uprrp.edu\/ingles\/madeleine-vala\/\">Cybele Vala, Madeleine A., Ph.D.<\/a><\/td><td class=\"column-3\">JBR 240<\/td><td class=\"column-4\">88873<\/td><td class=\"column-5\">madeleine.vala@upr.edu<\/td>\n<\/tr>\n<tr class=\"row-27\">\n\t<td class=\"column-1\"><\/td><td class=\"column-2\"><a href=\"https:\/\/generales.uprrp.edu\/ingles\/karen-zapata\/\">Zapata L\u00f3pez, Karen V., Ed.D.<\/a><\/td><td class=\"column-3\">JBR 344<\/td><td class=\"column-4\"><\/td><td class=\"column-5\">karen.zapata@upr.edu<\/td>\n<\/tr>\n<tr class=\"row-28\">\n\t<td class=\"column-1\"><\/td><td class=\"column-2\"><a href=\"https:\/\/generales.uprrp.edu\/ingles\/frances-zapata\/\">Zapata Torres, Frances, M.A.<\/a><\/td><td class=\"column-3\">JBR 337<\/td><td class=\"column-4\">(787) 298-1836<\/td><td class=\"column-5\">frances.zapata@upr.edu<\/td>\n<\/tr>\n<tr class=\"row-29\">\n\t<td class=\"column-1\"><img loading=\"lazy\" decoding=\"async\" src=\"https:\/\/generales.uprrp.edu\/ingles\/wp-content\/uploads\/sites\/4\/2026\/01\/Valentin-150x150.png\" alt=\"\" width=\"150\" height=\"150\" class=\"alignleft size-thumbnail wp-image-580\" srcset=\"https:\/\/generales.uprrp.edu\/ingles\/wp-content\/uploads\/sites\/4\/2026\/01\/Valentin-150x150.png 150w, https:\/\/generales.uprrp.edu\/ingles\/wp-content\/uploads\/sites\/4\/2026\/01\/Valentin.png 300w\" sizes=\"(max-width: 150px) 100vw, 150px\" \/><\/td><td class=\"column-2\"><a href=\"https:\/\/generales.uprrp.edu\/ingles\/yashira-valentin\/\">Valent\u00edn-Rosas, Yashira, Ed.D.<\/a><\/td><td class=\"column-3\">JBR 210<\/td><td class=\"column-4\"><\/td><td class=\"column-5\">yashira.valentin@upr.edu<\/td>\n<\/tr>\n<tr class=\"row-30\">\n\t<td class=\"column-1\"><img loading=\"lazy\" decoding=\"async\" src=\"https:\/\/generales.uprrp.edu\/ingles\/wp-content\/uploads\/sites\/4\/2026\/01\/Hudders-150x150.png\" alt=\"\" width=\"150\" height=\"150\" class=\"alignleft size-thumbnail wp-image-581\" srcset=\"https:\/\/generales.uprrp.edu\/ingles\/wp-content\/uploads\/sites\/4\/2026\/01\/Hudders-150x150.png 150w, https:\/\/generales.uprrp.edu\/ingles\/wp-content\/uploads\/sites\/4\/2026\/01\/Hudders.png 300w\" sizes=\"(max-width: 150px) 100vw, 150px\" \/><\/td><td class=\"column-2\">Hudders, Madeleine<\/td><td class=\"column-3\">JBR 259A<\/td><td class=\"column-4\">88883<\/td><td class=\"column-5\">madeleine.hudders2@upr.edu<\/td>\n<\/tr>\n<\/tbody>\n<\/table>\n<!-- #tablepress-4 from cache -->\n","protected":false},"excerpt":{"rendered":"","protected":false},"author":11,"featured_media":0,"parent":0,"menu_order":0,"comment_status":"closed","ping_status":"closed","template":"","meta":{"footnotes":""},"class_list":["post-382","page","type-page","status-publish"],"amp_enabled":true,"_links":{"self":[{"href":"https:\/\/generales.uprrp.edu\/ingles\/wp-json\/wp\/v2\/pages\/382","targetHints":{"allow":["GET"]}}],"collection":[{"href":"https:\/\/generales.uprrp.edu\/ingles\/wp-json\/wp\/v2\/pages"}],"about":[{"href":"https:\/\/generales.uprrp.edu\/ingles\/wp-json\/wp\/v2\/types\/page"}],"author":[{"embeddable":true,"href":"https:\/\/generales.uprrp.edu\/ingles\/wp-json\/wp\/v2\/users\/11"}],"replies":[{"embeddable":true,"href":"https:\/\/generales.uprrp.edu\/ingles\/wp-json\/wp\/v2\/comments?post=382"}],"version-history":[{"count":2,"href":"https:\/\/generales.uprrp.edu\/ingles\/wp-json\/wp\/v2\/pages\/382\/revisions"}],"predecessor-version":[{"id":444,"href":"https:\/\/generales.uprrp.edu\/ingles\/wp-json\/wp\/v2\/pages\/382\/revisions\/444"}],"wp:attachment":[{"href":"https:\/\/generales.uprrp.edu\/ingles\/wp-json\/wp\/v2\/media?parent=382"}],"curies":[{"name":"wp","href":"https:\/\/api.w.org\/{rel}","templated":true}]}}