{"id":302,"date":"2021-04-20T20:25:20","date_gmt":"2021-04-20T20:25:20","guid":{"rendered":"https:\/\/generales.uprrp.edu\/ingles\/?page_id=302"},"modified":"2026-01-27T13:44:03","modified_gmt":"2026-01-27T13:44:03","slug":"english-department","status":"publish","type":"page","link":"https:\/\/generales.uprrp.edu\/ingles\/","title":{"rendered":"Department"},"content":{"rendered":"\t\t<div data-elementor-type=\"wp-page\" data-elementor-id=\"302\" class=\"elementor elementor-302\">\n\t\t\t\t\t\t<section class=\"elementor-section elementor-top-section elementor-element elementor-element-e85a894 elementor-section-boxed elementor-section-height-default elementor-section-height-default\" data-id=\"e85a894\" data-element_type=\"section\" data-e-type=\"section\">\n\t\t\t\t\t\t<div class=\"elementor-container elementor-column-gap-default\">\n\t\t\t\t\t<div class=\"elementor-column elementor-col-50 elementor-top-column elementor-element elementor-element-bd13301\" data-id=\"bd13301\" data-element_type=\"column\" data-e-type=\"column\">\n\t\t\t<div class=\"elementor-widget-wrap elementor-element-populated\">\n\t\t\t\t\t\t<div class=\"elementor-element elementor-element-c06b3f8 elementor-widget elementor-widget-text-editor\" data-id=\"c06b3f8\" data-element_type=\"widget\" data-e-type=\"widget\" data-widget_type=\"text-editor.default\">\n\t\t\t\t<div class=\"elementor-widget-container\">\n\t\t\t\t\t\t\t\t\t<p><strong>Vision and Mission<\/strong><\/p><p><span data-contrast=\"auto\">The English Department <\/span><span data-contrast=\"auto\">of the College of General Studies<\/span><span data-contrast=\"auto\"> cultivates the formation of reflective, critical, and creative <\/span><span data-contrast=\"auto\">students<\/span><span data-contrast=\"auto\"> who mobilize English as a vehicle to understand, analyze, and contribute meaningfully to society as responsible and informed global citizens.<\/span><span data-ccp-props=\"{&quot;134233117&quot;:false,&quot;134233118&quot;:false,&quot;335551550&quot;:6,&quot;335551620&quot;:6,&quot;335559738&quot;:0,&quot;335559739&quot;:0}\">\u00a0<\/span><\/p><p><span data-contrast=\"auto\">To achieve this vision, our mission is to<\/span><span data-contrast=\"auto\"> offer English for Academic Purposes (EAP) courses <\/span><span data-contrast=\"auto\">that prepare students for the demands of academic discourse while meeting them at their current proficiency levels and supporting their individual language development.\u00a0 Recognizing that English is a foreign language for most of our students, we work to develop transdisciplinary critical thinking and effective communication through instruction that emphasizes the contextual use of language and the interdependence of all four language domains.\u00a0 Reading, writing, speaking, and listening are approached as interconnected practices essential for academic success and active civic participation in a constantly evolving world.<\/span><span data-ccp-props=\"{&quot;134233117&quot;:false,&quot;134233118&quot;:false,&quot;335551550&quot;:6,&quot;335551620&quot;:6,&quot;335559738&quot;:240,&quot;335559739&quot;:240}\">\u00a0<\/span><\/p><p><span data-contrast=\"auto\">As part of the General Education curriculum, our courses connect language learning with diverse areas of knowledge \u2013including the humanities, natural and social sciences, technology, and community-based knowledge\u2013 to foster deep engagement with both local and global concerns.\u00a0 <\/span><span data-contrast=\"auto\">Through transdisciplinary inquiry, dialogue, and collaboration, students are empowered to use English not only as a tool for communication but as a means to explore ideas, interrogate dominant narratives, and build interconnected understanding of language and knowledge.<\/span><span data-ccp-props=\"{&quot;134233117&quot;:false,&quot;134233118&quot;:false,&quot;335551550&quot;:6,&quot;335551620&quot;:6,&quot;335559738&quot;:240,&quot;335559739&quot;:240}\">\u00a0<\/span><\/p>\t\t\t\t\t\t\t\t<\/div>\n\t\t\t\t<\/div>\n\t\t\t\t\t<\/div>\n\t\t<\/div>\n\t\t\t\t<div class=\"elementor-column elementor-col-50 elementor-top-column elementor-element elementor-element-c8dcf5c\" data-id=\"c8dcf5c\" data-element_type=\"column\" data-e-type=\"column\">\n\t\t\t<div class=\"elementor-widget-wrap elementor-element-populated\">\n\t\t\t\t\t\t<div class=\"elementor-element elementor-element-58a06e9 elementor-widget elementor-widget-text-editor\" data-id=\"58a06e9\" data-element_type=\"widget\" data-e-type=\"widget\" data-widget_type=\"text-editor.default\">\n\t\t\t\t<div class=\"elementor-widget-container\">\n\t\t\t\t\t\t\t\t\t<p><strong>Visi\u00f3n y Misi\u00f3n<\/strong><\/p><p><span data-contrast=\"auto\">El Departamento de Ingl\u00e9s de la Facultad de Estudios Generales cultiva la formaci\u00f3n de estudiantes reflexivos, cr\u00edticos y creativos que movilizan el ingl\u00e9s como veh\u00edculo para comprender, analizar y contribuir de manera significativa a la sociedad como ciudadanos y ciudadanas globales, responsables e informados.<\/span><span data-ccp-props=\"{&quot;134233117&quot;:false,&quot;134233118&quot;:false,&quot;335559738&quot;:240,&quot;335559739&quot;:240}\">\u00a0<\/span><\/p><p><span data-contrast=\"auto\">Para alcanzar esta visi\u00f3n, nuestra misi\u00f3n es ofrecer cursos de Ingl\u00e9s con Fines Acad\u00e9micos (English for Academic Purposes, EAP), que preparan al estudiantado para las exigencias del discurso acad\u00e9mico, a la vez que se les apoya seg\u00fan su nivel de competencia ling\u00fc\u00edstica y se promueve su desarrollo individual. Reconociendo que el ingl\u00e9s es una lengua extranjera para la mayor\u00eda de nuestros estudiantes, trabajamos para desarrollar el pensamiento cr\u00edtico transdisciplinario y la comunicaci\u00f3n efectiva mediante una ense\u00f1anza que enfatiza el uso contextual del idioma y la interdependencia de las cuatro competencias ling\u00fc\u00edsticas. La lectura, la escritura, la expresi\u00f3n oral y la comprensi\u00f3n auditiva se abordan como pr\u00e1cticas interconectadas, esenciales para el \u00e9xito acad\u00e9mico y la participaci\u00f3n c\u00edvica activa en un mundo en constante transformaci\u00f3n.<\/span><span data-ccp-props=\"{&quot;134233117&quot;:false,&quot;134233118&quot;:false,&quot;335559738&quot;:240,&quot;335559739&quot;:240}\">\u00a0<\/span><\/p><p><span data-contrast=\"auto\">Como parte del curr\u00edculo de Educaci\u00f3n General, nuestros cursos vinculan el aprendizaje del idioma con diversas \u00e1reas del conocimiento \u2014incluyendo las humanidades, las ciencias naturales y sociales, la tecnolog\u00eda y saberes comunitarios\u2014 fomentando una participaci\u00f3n profunda con asuntos tanto locales como globales. A trav\u00e9s de la investigaci\u00f3n transdisciplinaria, el di\u00e1logo y la colaboraci\u00f3n, el estudiantado se empodera para utilizar el ingl\u00e9s no solo como una herramienta de comunicaci\u00f3n, sino tambi\u00e9n como un medio para explorar ideas, interrogar narrativas dominantes y construir una comprensi\u00f3n interconectada del lenguaje y el conocimiento.<\/span><span data-ccp-props=\"{&quot;134233117&quot;:false,&quot;134233118&quot;:false,&quot;335559738&quot;:240,&quot;335559739&quot;:240}\">\u00a0<\/span><\/p>\t\t\t\t\t\t\t\t<\/div>\n\t\t\t\t<\/div>\n\t\t\t\t\t<\/div>\n\t\t<\/div>\n\t\t\t\t\t<\/div>\n\t\t<\/section>\n\t\t\t\t<\/div>\n\t\t","protected":false},"excerpt":{"rendered":"<p>Vision and Mission The English Department of the College of General Studies cultivates the formation of reflective, critical, and creative students who mobilize English as a vehicle to understand, analyze, and contribute meaningfully to society as responsible and informed global citizens.\u00a0 To achieve this vision, our mission is to offer English for Academic Purposes (EAP)<\/p>\n","protected":false},"author":11,"featured_media":0,"parent":0,"menu_order":0,"comment_status":"closed","ping_status":"closed","template":"","meta":{"footnotes":""},"class_list":["post-302","page","type-page","status-publish"],"amp_enabled":false,"_links":{"self":[{"href":"https:\/\/generales.uprrp.edu\/ingles\/wp-json\/wp\/v2\/pages\/302","targetHints":{"allow":["GET"]}}],"collection":[{"href":"https:\/\/generales.uprrp.edu\/ingles\/wp-json\/wp\/v2\/pages"}],"about":[{"href":"https:\/\/generales.uprrp.edu\/ingles\/wp-json\/wp\/v2\/types\/page"}],"author":[{"embeddable":true,"href":"https:\/\/generales.uprrp.edu\/ingles\/wp-json\/wp\/v2\/users\/11"}],"replies":[{"embeddable":true,"href":"https:\/\/generales.uprrp.edu\/ingles\/wp-json\/wp\/v2\/comments?post=302"}],"version-history":[{"count":20,"href":"https:\/\/generales.uprrp.edu\/ingles\/wp-json\/wp\/v2\/pages\/302\/revisions"}],"predecessor-version":[{"id":786,"href":"https:\/\/generales.uprrp.edu\/ingles\/wp-json\/wp\/v2\/pages\/302\/revisions\/786"}],"wp:attachment":[{"href":"https:\/\/generales.uprrp.edu\/ingles\/wp-json\/wp\/v2\/media?parent=302"}],"curies":[{"name":"wp","href":"https:\/\/api.w.org\/{rel}","templated":true}]}}