{"id":22,"date":"2016-08-08T18:13:04","date_gmt":"2016-08-08T18:13:04","guid":{"rendered":"http:\/\/generalesdv.uprrp.edu\/ingles\/?page_id=22"},"modified":"2021-04-20T17:32:50","modified_gmt":"2021-04-20T17:32:50","slug":"home","status":"publish","type":"page","link":"https:\/\/generales.uprrp.edu\/ingles\/home\/","title":{"rendered":"Ingl\u00e9s"},"content":{"rendered":"\t\t<div data-elementor-type=\"wp-page\" data-elementor-id=\"22\" class=\"elementor elementor-22\">\n\t\t\t\t\t\t<section class=\"elementor-section elementor-top-section elementor-element elementor-element-63170855 elementor-section-boxed elementor-section-height-default elementor-section-height-default\" data-id=\"63170855\" data-element_type=\"section\" data-e-type=\"section\">\n\t\t\t\t\t\t<div class=\"elementor-container elementor-column-gap-no\">\n\t\t\t\t\t<div class=\"elementor-column elementor-col-100 elementor-top-column elementor-element elementor-element-1d9bef0e\" data-id=\"1d9bef0e\" data-element_type=\"column\" data-e-type=\"column\">\n\t\t\t<div class=\"elementor-widget-wrap elementor-element-populated\">\n\t\t\t\t\t\t<section class=\"elementor-section elementor-inner-section elementor-element elementor-element-44179d elementor-section-boxed elementor-section-height-default elementor-section-height-default\" data-id=\"44179d\" data-element_type=\"section\" data-e-type=\"section\">\n\t\t\t\t\t\t<div class=\"elementor-container elementor-column-gap-custom\">\n\t\t\t\t\t<div class=\"elementor-column elementor-col-50 elementor-inner-column elementor-element elementor-element-1fea02fc\" data-id=\"1fea02fc\" data-element_type=\"column\" data-e-type=\"column\">\n\t\t\t<div class=\"elementor-widget-wrap elementor-element-populated\">\n\t\t\t\t\t\t<div class=\"elementor-element elementor-element-6c7e9283 elementor-widget elementor-widget-text-editor\" data-id=\"6c7e9283\" data-element_type=\"widget\" data-e-type=\"widget\" data-widget_type=\"text-editor.default\">\n\t\t\t\t<div class=\"elementor-widget-container\">\n\t\t\t\t\t\t\t\t\t<p><strong>Mission<\/strong><\/p><p>The mission of the English Department of General Studies, consonant with the mission of the Faculty and that of the university system, is to contribute to &#8220;forming educated Puerto Ricans, capable of understanding the society in which they live and of incorporating themselves in the process of social change&#8221; (Organic Law, 1990). For this, it is our responsibility to develop in all our students the capacity to think critically, to communicate effectively and to act independently and creatively. These capabilities will allow active and critical participation in the democratic political process, facilitating the full compliance of their personal, family, social and occupational responsibilities.<\/p><p>Our maximum aspiration, consonant with that of the Campus as expressed in the Plan of Action Strategies (1997), is academic excellence. We promote &#8220;the integral formation of students in all their dimensions: intellectual curiosity, critical capacity, continuous learning, effective communication, appreciation and cultivation of ethical and aesthetic values, participation in the processes of the Campus, as well as reflection and social responsibility&#8221; (Plan of Action Strategies, 1997). Similarly, we promote research and creative action in such a way that teachers and students contribute to knowledge and its interconnections with the various disciplines.<\/p><p>Reading is fundamental in our courses. The goal is to cultivate in the students their intellectual, analytical and interpretative potential so that, as adult citizens, they can make a responsible and profitable reading of multiple subjects, independently of the discipline. The diversity of subjects, genres and types of selections in the English courses are chosen for this purpose, paying special attention to their aesthetic and ethical dimensions.<\/p><p>Equally important is writing. In order to write effectively, not only does one have to handle the fundamental linguistic structures of the language, but also think critically. The study of the basic structures of the language, reading, reflection and discussion are essential in this process. Therefore, in our English courses, reading, the study of linguistic structures and processes, oral communication, and writing are complementary and inseparable.<\/p><p>On the other hand, our main objective is to develop and offer English courses at different levels, as well as other educational experiences, that meet the needs of our students, while incorporating the philosophical and didactic approach of general education.<\/p>\t\t\t\t\t\t\t\t<\/div>\n\t\t\t\t<\/div>\n\t\t\t\t\t<\/div>\n\t\t<\/div>\n\t\t\t\t<div class=\"elementor-column elementor-col-50 elementor-inner-column elementor-element elementor-element-30a3d91c\" data-id=\"30a3d91c\" data-element_type=\"column\" data-e-type=\"column\">\n\t\t\t<div class=\"elementor-widget-wrap elementor-element-populated\">\n\t\t\t\t\t\t<div class=\"elementor-element elementor-element-aff4386 elementor-widget elementor-widget-text-editor\" data-id=\"aff4386\" data-element_type=\"widget\" data-e-type=\"widget\" data-widget_type=\"text-editor.default\">\n\t\t\t\t<div class=\"elementor-widget-container\">\n\t\t\t\t\t\t\t\t\t<p><strong>Misi\u00f3n<\/strong><\/p><p><span lang=\"ES-PR\">La misi\u00f3n del Departamento de Ingl\u00e9s de Estudios Generales, c\u00f3nsona con la misi\u00f3n de esta Facultad y la del sistema universitario, es contribuir a &#8220;formar un puertorrique\u00f1o educado, capaz de entender la sociedad en que vive y de incorporarse en el proceso de cambio social&#8221; (Ley Org\u00e1nica, 1990). Para esto, es nuestra responsabilidad desarrollar en todos nuestros estudiantes la capacidad de pensar cr\u00edticamente, de comunicarse efectivamente y de actuar de forma independiente y creativa. Estas capacidades le permitir\u00e1n la participaci\u00f3n activa y cr\u00edtica en el proceso pol\u00edtico democr\u00e1tico facilitando el cabal cumplimiento de sus responsabilidades personales, familiares, sociales y ocupacionales.<\/span><\/p><p><span lang=\"ES-PR\">Nuestra aspiraci\u00f3n m\u00e1xima, c\u00f3nsona con la del Recinto seg\u00fan expresa el Plan de Estrategias de Acci\u00f3n (1997), lo es la excelencia acad\u00e9mica. Propiciamos &#8220;la formaci\u00f3n integral de los estudiantes en todas sus dimensiones: curiosidad intelectual, capacidad cr\u00edtica, aprendizaje continuo, comunicaci\u00f3n efectiva, aprecio y cultivo de valores \u00e9ticos y est\u00e9ticos, participaci\u00f3n en los procesos del Recinto, as\u00ed como la reflexi\u00f3n y la responsabilidad social&#8221; (Plan de Estrategias de Acci\u00f3n, 1997). De igual manera, propiciamos la investigaci\u00f3n y la acci\u00f3n creadora de forma tal que docentes y estudiantes aporten a los saberes y sus interconexiones con las diversas disciplinas.<\/span><\/p><p><span lang=\"ES-PR\">La lectura es fundamental en nuestros cursos. Estos aspiran a cultivar en los estudiantes su potencial intelectual, anal\u00edtico e interpretativo para que, como ciudadanos adultos, puedan hacer una lectura responsable y provechosa de m\u00faltiples temas, independientemente de la disciplina. La diversidad de temas, g\u00e9neros y tipos de selecciones en los cursos de ingl\u00e9s se escogen con este prop\u00f3sito, prestando especial atenci\u00f3n a sus dimensiones est\u00e9ticas y \u00e9ticas.<\/span><\/p><p><span lang=\"ES-PR\">Igualmente importante es la redacci\u00f3n. Para escribir eficazmente no s\u00f3lo se tienen que manejar las estructuras ling\u00fc\u00edsticas fundamentales del idioma, sino tambi\u00e9n pensar de forma cr\u00edtica. El estudio de las estructuras b\u00e1sicas de la lengua, la lectura, la reflexi\u00f3n y la discusi\u00f3n son imprescindibles en este proceso. Por lo tanto, en nuestros cursos de ingl\u00e9s, la lectura, el estudio de estructuras y procesos ling\u00fc\u00edsticos, la comunicaci\u00f3n oral, y la redacci\u00f3n son aspectos complementarios e inseparables.<\/span><\/p><p><span lang=\"ES-PR\">Por otro lado, nuestro objetivo principal es el desarrollar y ofrecer cursos de ingl\u00e9s en distintos niveles, as\u00ed como otras experiencias educativas, que satisfagan las necesidades de nuestros estudiantes, a la vez que incorporen el enfoque filos\u00f3fico y did\u00e1ctico de la educaci\u00f3n genera<\/span><\/p>\t\t\t\t\t\t\t\t<\/div>\n\t\t\t\t<\/div>\n\t\t\t\t\t<\/div>\n\t\t<\/div>\n\t\t\t\t\t<\/div>\n\t\t<\/section>\n\t\t\t\t\t<\/div>\n\t\t<\/div>\n\t\t\t\t\t<\/div>\n\t\t<\/section>\n\t\t\t\t<\/div>\n\t\t","protected":false},"excerpt":{"rendered":"<p>Mission The mission of the English Department of General Studies, consonant with the mission of the Faculty and that of the university system, is to contribute to &#8220;forming educated Puerto Ricans, capable of understanding the society in which they live and of incorporating themselves in the process of social change&#8221; (Organic Law, 1990). For this,<\/p>\n","protected":false},"author":2,"featured_media":0,"parent":0,"menu_order":0,"comment_status":"closed","ping_status":"closed","template":"","meta":{"footnotes":""},"class_list":["post-22","page","type-page","status-publish"],"amp_enabled":true,"_links":{"self":[{"href":"https:\/\/generales.uprrp.edu\/ingles\/wp-json\/wp\/v2\/pages\/22","targetHints":{"allow":["GET"]}}],"collection":[{"href":"https:\/\/generales.uprrp.edu\/ingles\/wp-json\/wp\/v2\/pages"}],"about":[{"href":"https:\/\/generales.uprrp.edu\/ingles\/wp-json\/wp\/v2\/types\/page"}],"author":[{"embeddable":true,"href":"https:\/\/generales.uprrp.edu\/ingles\/wp-json\/wp\/v2\/users\/2"}],"replies":[{"embeddable":true,"href":"https:\/\/generales.uprrp.edu\/ingles\/wp-json\/wp\/v2\/comments?post=22"}],"version-history":[{"count":12,"href":"https:\/\/generales.uprrp.edu\/ingles\/wp-json\/wp\/v2\/pages\/22\/revisions"}],"predecessor-version":[{"id":296,"href":"https:\/\/generales.uprrp.edu\/ingles\/wp-json\/wp\/v2\/pages\/22\/revisions\/296"}],"wp:attachment":[{"href":"https:\/\/generales.uprrp.edu\/ingles\/wp-json\/wp\/v2\/media?parent=22"}],"curies":[{"name":"wp","href":"https:\/\/api.w.org\/{rel}","templated":true}]}}