{"id":40,"date":"2022-03-23T12:55:36","date_gmt":"2022-03-23T12:55:36","guid":{"rendered":"https:\/\/generales.uprrp.edu\/indilpe-caribe\/?page_id=40"},"modified":"2024-05-20T18:13:06","modified_gmt":"2024-05-20T18:13:06","slug":"quienes-somos","status":"publish","type":"page","link":"https:\/\/generales.uprrp.edu\/indilpe-caribe\/quienes-somos\/","title":{"rendered":"\u00bfQui\u00e9nes somos?"},"content":{"rendered":"<p><strong>Dra. Petra E. Avill\u00e1n Le\u00f3n- investigadora<\/strong><\/p>\n<p>Petra E. Avillan Le\u00f3n, catedr\u00e1tica auxiliar del Departamento de Ingl\u00e9s de la Facultad de Estudios Generales, obtuvo un Doctorado en Filosof\u00eda en Literatura y Ling\u00fc\u00edstica del Caribe Angl\u00f3fono de la Universidad de Puerto Rico, Recinto de R\u00edo Piedras. Su disertaci\u00f3n titulada <em>The View of the Speaker and the Perception of Threat in the Development of Language Endangerment Typologies <\/em>se enfoca en la percepci\u00f3n de los hablantes de lenguas en peligro de extinci\u00f3n.\u00a0 Entre sus publicaciones se encuentran <em>Trinidadian French Creole an Endangered Language of the Caribbean; Should we care?<\/em> \u201c(2012), <em>Creoles and Acts of Identity: Convergence and Multiple voicing in the Atlantic Creole<\/em> (2013), y <em>The Importance of Including the Perception of the Speakers in Language Endangerment Situations: Lessons Learned <\/em>(2016),<em> entre otras<\/em>. En 2016, coordino el coloquio \u201c1st Creole and Endangered Languages Colloquium\u201d en la facultad de Humanidades de la Universidad de Puerto Rico, Recinto de R\u00edo Piedras.<\/p>\n<p><strong>Dra. Yolanda Rivera Castillo- co-investigadora\u00a0<\/strong><\/p>\n<p>Yolanda Rivera Castillo, catedr\u00e1tica de la Universidad de Puerto Rico, obtuvo su formaci\u00f3n acad\u00e9mica en las universidades de Puerto Rico, de Wisconsin-Madison y de California-Davis. La mayor parte de sus publicaciones pertenecen a su especialidad, la ling\u00fc\u00edstica; aunque ha publicado poes\u00eda. Sus art\u00edculos se encuentran en revistas profesionales como el\u00a0<em>Journal of Portuguese and Spanish Lexically-Based Creoles<\/em>\u00a0(2013), STUF (<em>Sprachtypologie und Universalienforschung<\/em>) (2006) y\u00a0<em>Journal of Pidgin and Creole Languages<\/em>\u00a0(2004). Tambi\u00e9n ha publicado libros que recogen trabajos en torno a un tema, como recientemente\u00a0<em>Sonority Across Languages<\/em>\u00a0(2016) y la \u201cEnciclopedia de Ling\u00fc\u00edstica Hisp\u00e1nica\u201d (2016). Su libro, titulado\u00a0<em>Papiamentu Structural Features,\u00a0<\/em>se publicar\u00e1 bajo la editorial holandesa Brill. Su investigaci\u00f3n se ocupa de temas de fonolog\u00eda, la sintaxis y la documentaci\u00f3n de las lenguas criollas.<\/p>\n","protected":false},"excerpt":{"rendered":"<p>Dra. Petra E. Avill\u00e1n Le\u00f3n- investigadora Petra E. Avillan Le\u00f3n, catedr\u00e1tica auxiliar del Departamento de Ingl\u00e9s de la Facultad de Estudios Generales, obtuvo un Doctorado en Filosof\u00eda en Literatura y Ling\u00fc\u00edstica del Caribe Angl\u00f3fono de la Universidad de Puerto Rico, Recinto de R\u00edo Piedras. Su disertaci\u00f3n titulada The View of the Speaker and the Perception<\/p>\n","protected":false},"author":11,"featured_media":0,"parent":0,"menu_order":0,"comment_status":"closed","ping_status":"closed","template":"","meta":{"footnotes":""},"class_list":["post-40","page","type-page","status-publish"],"_links":{"self":[{"href":"https:\/\/generales.uprrp.edu\/indilpe-caribe\/wp-json\/wp\/v2\/pages\/40","targetHints":{"allow":["GET"]}}],"collection":[{"href":"https:\/\/generales.uprrp.edu\/indilpe-caribe\/wp-json\/wp\/v2\/pages"}],"about":[{"href":"https:\/\/generales.uprrp.edu\/indilpe-caribe\/wp-json\/wp\/v2\/types\/page"}],"author":[{"embeddable":true,"href":"https:\/\/generales.uprrp.edu\/indilpe-caribe\/wp-json\/wp\/v2\/users\/11"}],"replies":[{"embeddable":true,"href":"https:\/\/generales.uprrp.edu\/indilpe-caribe\/wp-json\/wp\/v2\/comments?post=40"}],"version-history":[{"count":4,"href":"https:\/\/generales.uprrp.edu\/indilpe-caribe\/wp-json\/wp\/v2\/pages\/40\/revisions"}],"predecessor-version":[{"id":278,"href":"https:\/\/generales.uprrp.edu\/indilpe-caribe\/wp-json\/wp\/v2\/pages\/40\/revisions\/278"}],"wp:attachment":[{"href":"https:\/\/generales.uprrp.edu\/indilpe-caribe\/wp-json\/wp\/v2\/media?parent=40"}],"curies":[{"name":"wp","href":"https:\/\/api.w.org\/{rel}","templated":true}]}}