{"id":71,"date":"2017-03-01T14:59:32","date_gmt":"2017-03-01T14:59:32","guid":{"rendered":"http:\/\/generalesdv.uprrp.edu\/humanidades\/?page_id=71"},"modified":"2017-03-03T14:37:57","modified_gmt":"2017-03-03T14:37:57","slug":"metas-y-objetivos","status":"publish","type":"page","link":"https:\/\/generales.uprrp.edu\/humanidades\/metas-y-objetivos\/","title":{"rendered":"Metas y objetivos"},"content":{"rendered":"<ol>\n<li><span style=\"font-family: Trebuchet MS;font-size: normal\">Lograr la excelencia en la educaci\u00f3n general human\u00edstica.<\/span><\/li>\n<li><span style=\"font-family: Trebuchet MS;font-size: normal\">Fomentar el conocimiento y aprecio de la creaci\u00f3n humana en general y de la cultura puertorrique\u00f1a en particular.<\/span><\/li>\n<li><span style=\"font-family: Trebuchet MS;font-size: normal\">Ofrecer cursos que, mediante el estudio de textos y obras primarias, examinen las teor\u00edas, discursos y concepciones del saber de distintas \u00e9pocas y culturas.<\/span><\/li>\n<li><span style=\"font-family: Trebuchet MS;font-size: normal\">Dise\u00f1ar cursos medulares de humanidades en educaci\u00f3n general, as\u00ed como cursos de educaci\u00f3n general en artes, literatura y pensamiento l\u00f3gico-matem\u00e1tico, y cursos electivos ofrecidos por el Departamento. Revisar regularmente los cursos que se ofrecen.<\/span><\/li>\n<li><span style=\"font-family: Trebuchet MS;font-size: normal\">Desarrollar un programa intenso de actividades curriculares y co-curriculares que exploren la pluralidad de las creaciones humanas.<\/span><\/li>\n<li><span style=\"font-family: Trebuchet MS;font-size: normal\">Divulgar el trabajo que realizan los\/las profesore\/as.<\/span><\/li>\n<li><span style=\"font-family: Trebuchet MS;font-size: normal\">Garantizar la eficiencia administrativa y de servicio institucional del Departamento y sus miembros.<\/span><\/li>\n<li><span style=\"font-family: Trebuchet MS;font-size: normal\">Establecer v\u00ednculos con otras unidades del Recinto y del Sistema UPR, y otras instituciones acad\u00e9micas y culturales nacionales y extranjeras.<\/span><\/li>\n<li><span style=\"font-family: Trebuchet MS;font-size: normal\">Mantener procesos continuos, regulares, justos y respetuosos de evaluaci\u00f3n estudiantil, evaluaci\u00f3n de los pares y aval\u00fao (\u201cassessment\u201d).<\/span><\/li>\n<\/ol>\n<p><a href=\"https:\/\/generales.uprrp.edu\/humanidades\/wp-content\/uploads\/sites\/5\/2017\/03\/Metas-y-objetivos-del-Depto-de-HUMA.pdf\" target=\"_blank\">Metas y objetivos del Departamento de Humanidades<\/a> (documento detallado)<\/p>\n","protected":false},"excerpt":{"rendered":"<p>Lograr la excelencia en la educaci\u00f3n general human\u00edstica. Fomentar el conocimiento y aprecio de la creaci\u00f3n humana en general y de la cultura puertorrique\u00f1a en particular. Ofrecer cursos que, mediante el estudio de textos y obras primarias, examinen las teor\u00edas, discursos y concepciones del saber de distintas \u00e9pocas y culturas. Dise\u00f1ar cursos medulares de humanidades<\/p>\n","protected":false},"author":11,"featured_media":0,"parent":0,"menu_order":0,"comment_status":"closed","ping_status":"closed","template":"","meta":{"footnotes":""},"class_list":["post-71","page","type-page","status-publish"],"amp_enabled":true,"_links":{"self":[{"href":"https:\/\/generales.uprrp.edu\/humanidades\/wp-json\/wp\/v2\/pages\/71","targetHints":{"allow":["GET"]}}],"collection":[{"href":"https:\/\/generales.uprrp.edu\/humanidades\/wp-json\/wp\/v2\/pages"}],"about":[{"href":"https:\/\/generales.uprrp.edu\/humanidades\/wp-json\/wp\/v2\/types\/page"}],"author":[{"embeddable":true,"href":"https:\/\/generales.uprrp.edu\/humanidades\/wp-json\/wp\/v2\/users\/11"}],"replies":[{"embeddable":true,"href":"https:\/\/generales.uprrp.edu\/humanidades\/wp-json\/wp\/v2\/comments?post=71"}],"version-history":[{"count":6,"href":"https:\/\/generales.uprrp.edu\/humanidades\/wp-json\/wp\/v2\/pages\/71\/revisions"}],"predecessor-version":[{"id":140,"href":"https:\/\/generales.uprrp.edu\/humanidades\/wp-json\/wp\/v2\/pages\/71\/revisions\/140"}],"wp:attachment":[{"href":"https:\/\/generales.uprrp.edu\/humanidades\/wp-json\/wp\/v2\/media?parent=71"}],"curies":[{"name":"wp","href":"https:\/\/api.w.org\/{rel}","templated":true}]}}