{"id":70,"date":"2017-03-01T14:59:32","date_gmt":"2017-03-01T14:59:32","guid":{"rendered":"http:\/\/generalesdv.uprrp.edu\/humanidades\/?page_id=70"},"modified":"2017-03-01T15:19:35","modified_gmt":"2017-03-01T15:19:35","slug":"mision","status":"publish","type":"page","link":"https:\/\/generales.uprrp.edu\/humanidades\/mision\/","title":{"rendered":"Misi\u00f3n"},"content":{"rendered":"<p align=\"justify\"><span style=\"font-family: Trebuchet MS;font-size: normal\">Af\u00edn con la Misi\u00f3n de la Universidad de Puerto Rico, la del Recinto de R\u00edo Piedras y la de la Facultad deEstudios Generales, la Misi\u00f3n del Departamento de Humanidades de la Facultad de Estudios Generales, acorde con el Bachillerato que ofrece el Recinto de R\u00edo Piedras (Certificaci\u00f3n #46, 2005-2006), es aportar, a trav\u00e9s de una educaci\u00f3n general human\u00edstica de excelencia, a la formaci\u00f3n integral del estudiante universitario en su proceso de convertirse en un ciudadano culto y responsable. Compete al quehacer del Departamento de Humanidades contribuir al conocimiento de la historia y la cultura puertorrique\u00f1as, fomentar la conciencia hist\u00f3rica, el estudio cr\u00edtico, la investigaci\u00f3n dial\u00f3gica, la apreciaci\u00f3n y el placer est\u00e9tico y el an\u00e1lisis \u00e9tico, y la creaci\u00f3n art\u00edstica que, unidos, contribuyen a hacer que nuestro mundo seam\u00e1s inclusivo y democr\u00e1tico.<\/span><\/p>\n<p align=\"justify\"><span style=\"font-family: Trebuchet MS;font-size: normal\">La finalidad de los cursos de Humanidades es explorar cr\u00edticamente las culturas de Occidente y sus v\u00ednculoscon otras culturas. Mediante el examen de las disciplinas human\u00edsticas __la filosof\u00eda, la historia, laliteratura, la m\u00fasica, las artes pl\u00e1sticas, las artes esc\u00e9nicas y cinematogr\u00e1ficas, la danza, el derecho, el pensamiento cient\u00edfico y el pensamiento que discurre entre lo sagrado y lo profano__, se fomenta el aprecio de la creatividad humana y se busca establecer di\u00e1logos cr\u00edticos sobre temas transculturales y transnacionales que procuren lograr un mejor entendimiento de culturas distantes en t\u00e9rminos de tiempoy espacio, as\u00ed como de nuestro entorno caribe\u00f1o, latinoamericano y americano. Este examen confronta a los estudiantes con las ra\u00edces de la cultura puertorrique\u00f1a, a la vez que se examinan las culturas occidentales en contrapunto con otras culturas.<\/span><\/p>\n<p align=\"justify\"><span style=\"font-family: Trebuchet MS;font-size: normal\">A partir de criterios heur\u00edsticos que posibilitan la invenci\u00f3n, la creatividad, la experimentaci\u00f3n, la acci\u00f3n generativa y la may\u00e9utica del di\u00e1logo propias del pensar transdisciplinario, el Departamento de Humanidades promueve el examen del proceso de formaci\u00f3n del conocimiento en el contexto de las disciplinas human\u00edsticas. Adem\u00e1s, ofrece a trav\u00e9s de sus cursos y de sus actividades curriculares y co-curriculares, alternativas que persiguen explorar la pluralidad y la diversidad de las creaciones humanas. Nuestros cursos, unidos a un amplio programa de actividades culturales<b>,<\/b> contribuyen al desarrollo del proceso cognoscitivo y de investigaci\u00f3n, e incentivan la curiosidad intelectual, el disfrute est\u00e9tico y la investigaci\u00f3n acad\u00e9mica multi, inter y transdisciplinaria.<\/span><\/p>\n","protected":false},"excerpt":{"rendered":"<p>Af\u00edn con la Misi\u00f3n de la Universidad de Puerto Rico, la del Recinto de R\u00edo Piedras y la de la Facultad deEstudios Generales, la Misi\u00f3n del Departamento de Humanidades de la Facultad de Estudios Generales, acorde con el Bachillerato que ofrece el Recinto de R\u00edo Piedras (Certificaci\u00f3n #46, 2005-2006), es aportar, a trav\u00e9s de una<\/p>\n","protected":false},"author":11,"featured_media":0,"parent":0,"menu_order":0,"comment_status":"closed","ping_status":"closed","template":"","meta":{"footnotes":""},"class_list":["post-70","page","type-page","status-publish"],"amp_enabled":true,"_links":{"self":[{"href":"https:\/\/generales.uprrp.edu\/humanidades\/wp-json\/wp\/v2\/pages\/70","targetHints":{"allow":["GET"]}}],"collection":[{"href":"https:\/\/generales.uprrp.edu\/humanidades\/wp-json\/wp\/v2\/pages"}],"about":[{"href":"https:\/\/generales.uprrp.edu\/humanidades\/wp-json\/wp\/v2\/types\/page"}],"author":[{"embeddable":true,"href":"https:\/\/generales.uprrp.edu\/humanidades\/wp-json\/wp\/v2\/users\/11"}],"replies":[{"embeddable":true,"href":"https:\/\/generales.uprrp.edu\/humanidades\/wp-json\/wp\/v2\/comments?post=70"}],"version-history":[{"count":5,"href":"https:\/\/generales.uprrp.edu\/humanidades\/wp-json\/wp\/v2\/pages\/70\/revisions"}],"predecessor-version":[{"id":92,"href":"https:\/\/generales.uprrp.edu\/humanidades\/wp-json\/wp\/v2\/pages\/70\/revisions\/92"}],"wp:attachment":[{"href":"https:\/\/generales.uprrp.edu\/humanidades\/wp-json\/wp\/v2\/media?parent=70"}],"curies":[{"name":"wp","href":"https:\/\/api.w.org\/{rel}","templated":true}]}}