{"id":69,"date":"2017-03-01T14:59:32","date_gmt":"2017-03-01T14:59:32","guid":{"rendered":"http:\/\/generalesdv.uprrp.edu\/humanidades\/?page_id=69"},"modified":"2017-03-01T15:10:50","modified_gmt":"2017-03-01T15:10:50","slug":"vision","status":"publish","type":"page","link":"https:\/\/generales.uprrp.edu\/humanidades\/vision\/","title":{"rendered":"Visi\u00f3n"},"content":{"rendered":"<p align=\"justify\"><span style=\"font-family: Trebuchet MS;font-size: normal\">La Facultad de Estudios Generales es un lugar de encuentro inter, multi y transdisciplinario del pensamiento heterog\u00e9neo, cient\u00edfico-social, cultural, human\u00edstico, ling\u00fc\u00edstico, biof\u00edsico, ambiental y tecnol\u00f3gico, desde el cual se potencia la reflexi\u00f3n del sentido de lo humano, la concienciaci\u00f3n y sensibilidad ante la cultura puertorrique\u00f1a, en el \u00e1mbito de la realidad caribe\u00f1a, hemisf\u00e9rica y mundial, orientadas por el compromiso social y de servicio comunitario.<\/span><\/p>\n","protected":false},"excerpt":{"rendered":"<p>La Facultad de Estudios Generales es un lugar de encuentro inter, multi y transdisciplinario del pensamiento heterog\u00e9neo, cient\u00edfico-social, cultural, human\u00edstico, ling\u00fc\u00edstico, biof\u00edsico, ambiental y tecnol\u00f3gico, desde el cual se potencia la reflexi\u00f3n del sentido de lo humano, la concienciaci\u00f3n y sensibilidad ante la cultura puertorrique\u00f1a, en el \u00e1mbito de la realidad caribe\u00f1a, hemisf\u00e9rica y mundial,<\/p>\n","protected":false},"author":11,"featured_media":0,"parent":0,"menu_order":0,"comment_status":"closed","ping_status":"closed","template":"","meta":{"footnotes":""},"class_list":["post-69","page","type-page","status-publish"],"amp_enabled":true,"_links":{"self":[{"href":"https:\/\/generales.uprrp.edu\/humanidades\/wp-json\/wp\/v2\/pages\/69","targetHints":{"allow":["GET"]}}],"collection":[{"href":"https:\/\/generales.uprrp.edu\/humanidades\/wp-json\/wp\/v2\/pages"}],"about":[{"href":"https:\/\/generales.uprrp.edu\/humanidades\/wp-json\/wp\/v2\/types\/page"}],"author":[{"embeddable":true,"href":"https:\/\/generales.uprrp.edu\/humanidades\/wp-json\/wp\/v2\/users\/11"}],"replies":[{"embeddable":true,"href":"https:\/\/generales.uprrp.edu\/humanidades\/wp-json\/wp\/v2\/comments?post=69"}],"version-history":[{"count":2,"href":"https:\/\/generales.uprrp.edu\/humanidades\/wp-json\/wp\/v2\/pages\/69\/revisions"}],"predecessor-version":[{"id":88,"href":"https:\/\/generales.uprrp.edu\/humanidades\/wp-json\/wp\/v2\/pages\/69\/revisions\/88"}],"wp:attachment":[{"href":"https:\/\/generales.uprrp.edu\/humanidades\/wp-json\/wp\/v2\/media?parent=69"}],"curies":[{"name":"wp","href":"https:\/\/api.w.org\/{rel}","templated":true}]}}