{"id":60,"date":"2017-03-01T14:52:53","date_gmt":"2017-03-01T14:52:53","guid":{"rendered":"http:\/\/generalesdv.uprrp.edu\/humanidades\/?page_id=60"},"modified":"2023-02-01T15:26:19","modified_gmt":"2023-02-01T15:26:19","slug":"contactos","status":"publish","type":"page","link":"https:\/\/generales.uprrp.edu\/humanidades\/contactos\/","title":{"rendered":"Contactos"},"content":{"rendered":"<p align=\"justify\">Dr. Victor L. Ruiz<br \/>\nDirector interino<br \/>\nvictor.ruiz2@upr.edu<br \/>\n(787) 764-0000 ext. 88859<\/p>\n<p>Sra. Frances M. Bezares B\u00e1ez<br \/>\nSecretaria Administrativa IV<br \/>\nfrances.bezares@upr.edu<br \/>\n(787) 764-0000 ext. 88800<\/p>\n<p><b>Ubicaci\u00f3n<br \/>\n<\/b>Edificio Jaime Ben\u00edtez Rexach, Segundo Piso,<br \/>\nFacultad de Estudios Generales<\/p>\n","protected":false},"excerpt":{"rendered":"<p>Dr. Victor L. Ruiz Director interino victor.ruiz2@upr.edu (787) 764-0000 ext. 88859 Sra. Frances M. Bezares B\u00e1ez Secretaria Administrativa IV frances.bezares@upr.edu (787) 764-0000 ext. 88800 Ubicaci\u00f3n Edificio Jaime Ben\u00edtez Rexach, Segundo Piso, Facultad de Estudios Generales<\/p>\n","protected":false},"author":11,"featured_media":0,"parent":0,"menu_order":0,"comment_status":"closed","ping_status":"closed","template":"","meta":{"footnotes":""},"class_list":["post-60","page","type-page","status-publish"],"amp_enabled":true,"_links":{"self":[{"href":"https:\/\/generales.uprrp.edu\/humanidades\/wp-json\/wp\/v2\/pages\/60","targetHints":{"allow":["GET"]}}],"collection":[{"href":"https:\/\/generales.uprrp.edu\/humanidades\/wp-json\/wp\/v2\/pages"}],"about":[{"href":"https:\/\/generales.uprrp.edu\/humanidades\/wp-json\/wp\/v2\/types\/page"}],"author":[{"embeddable":true,"href":"https:\/\/generales.uprrp.edu\/humanidades\/wp-json\/wp\/v2\/users\/11"}],"replies":[{"embeddable":true,"href":"https:\/\/generales.uprrp.edu\/humanidades\/wp-json\/wp\/v2\/comments?post=60"}],"version-history":[{"count":17,"href":"https:\/\/generales.uprrp.edu\/humanidades\/wp-json\/wp\/v2\/pages\/60\/revisions"}],"predecessor-version":[{"id":451,"href":"https:\/\/generales.uprrp.edu\/humanidades\/wp-json\/wp\/v2\/pages\/60\/revisions\/451"}],"wp:attachment":[{"href":"https:\/\/generales.uprrp.edu\/humanidades\/wp-json\/wp\/v2\/media?parent=60"}],"curies":[{"name":"wp","href":"https:\/\/api.w.org\/{rel}","templated":true}]}}