{"id":58,"date":"2017-03-01T14:52:53","date_gmt":"2017-03-01T14:52:53","guid":{"rendered":"http:\/\/generalesdv.uprrp.edu\/humanidades\/?page_id=58"},"modified":"2021-02-21T03:04:21","modified_gmt":"2021-02-21T03:04:21","slug":"profesores","status":"publish","type":"page","link":"https:\/\/generales.uprrp.edu\/humanidades\/profesores\/","title":{"rendered":"Profesores"},"content":{"rendered":"<p><span style=\"font-size: medium\"><a href=\"http:\/\/sites.google.com\/site\/profesoramariaalonso\/\" rel=\"nofollow\">Alonso Fuentes, Mar\u00eda E., Ph.D.<br \/>\n<\/a><a href=\"http:\/\/sites.google.com\/site\/profesorrafaelalvarez\/\" rel=\"nofollow\">\u00c1lvarez Burgos, Rafael, M.A.<br \/>\n<\/a><a href=\"http:\/\/sites.google.com\/site\/profesormanuelalvarezlopez\/\" rel=\"nofollow\">\u00c1lvarez L\u00f3pez, Manuel, M.Phil., J.D.<\/a><\/span><br \/>\n<span style=\"font-size: medium\"><a href=\"http:\/\/sites.google.com\/site\/profesoracarmencamposfeg\/\" rel=\"nofollow\">Campos Esteve, Carmen, M.A.<br \/>\n<\/a><a href=\"http:\/\/sites.google.com\/site\/profesorvirgiliocolon\/\" rel=\"nofollow\">Col\u00f3n Le\u00f3n, Virgilio, Ph.D<\/a>.<\/span><br \/>\n<span style=\"font-size: medium\">Collazo Rivera, Mar\u00eda, Ph.D.<br \/>\n<a href=\"http:\/\/sites.google.com\/site\/profesorjosecorrales\/\" rel=\"nofollow\">Corrales Corrales, Jos\u00e9 R., Ph.D.<br \/>\n<\/a><a href=\"http:\/\/sites.google.com\/site\/profesorraulcruz\/\" rel=\"nofollow\">Cruz Cort\u00e9s, Ra\u00fal A., Ph.D.<br \/>\n<\/a><a href=\"http:\/\/sites.google.com\/site\/profesoremanueldufrasne\/\" rel=\"nofollow\">Dufrasne Gonz\u00e1lez, Emanuel, Ph.D.<br \/>\n<\/a><\/span><span style=\"font-size: medium\"><a href=\"https:\/\/sites.google.com\/site\/profesoraivettefred\/\">Fred Rivera, Ivette, Ph.D. <\/a><br \/>\n<a href=\"https:\/\/sites.google.com\/site\/profesoramariagarcia\/\">Garc\u00eda Archilla, Aurelio, Ph.D. <\/a><br \/>\nGarc\u00eda Cacho, Juan C., Ph.D.<br \/>\nGarc\u00eda Padilla, Mar\u00eda, Ph.D.<\/span><br \/>\n<span style=\"font-size: medium\"><a href=\"https:\/\/sites.google.com\/site\/profesoralibiagonzalez\/\">Gonz\u00e1lez L\u00f3pez, Libia M., Ph.D.<br \/>\n<\/a><a href=\"https:\/\/sites.google.com\/site\/profesorrobertogutierrez\/\">Guti\u00e9rrez Laboy, Roberto, Ph.D.<br \/>\n<\/a><\/span><span style=\"font-size: medium\"><a href=\"https:\/\/sites.google.com\/site\/profesorrubenmaldonado\/\">Maldonado Jim\u00e9nez, Rub\u00e9n, Ed.D., Ph.D.<br \/>\n<\/a><a href=\"https:\/\/sites.google.com\/site\/profesormarcpasserieu\/\">Passerieu, Marc. J., Ph.D.<br \/>\n<\/a><a href=\"https:\/\/sites.google.com\/site\/profesorcarlosperez\/\">P\u00e9rez Coffie, Carlos, Ph.D.<br \/>\n<\/a><a href=\"https:\/\/sites.google.com\/site\/departamentohuma\/goog_1258128554518\">P\u00e9rez Rivera, Jaime<\/a><a href=\"http:\/\/sites.google.com\/site\/profesorjaimeperez\/\" rel=\"nofollow\">, Ph.D.<br \/>\n<\/a><a href=\"https:\/\/sites.google.com\/site\/profesorpedroreina\/\" rel=\"nofollow\">Reina P\u00e9rez, Pedro A., Ph.D. <\/a><br \/>\n<a href=\"https:\/\/sites.google.com\/site\/profesoramabelrodriguez\/\" rel=\"nofollow\">Rodr\u00edguez Centeno, Mabel, Ph.D.<br \/>\n<\/a><\/span><span style=\"font-size: medium\"><a href=\"https:\/\/sites.google.com\/site\/profesoreduardorodriguez\/\" rel=\"nofollow\">Rodr\u00edguez Rodr\u00edguez, Eduardo, M.A.<\/a><\/span><br \/>\n<span style=\"font-size: medium\"><a href=\"https:\/\/generales.uprrp.edu\/humanidades\/collaborateur\/352\/\" target=\"_blank\" rel=\"noopener noreferrer\">Ruiz Rivera, V\u00edctor, Ph.D.<\/a><br \/>\nSolivan Robles, Jennifer, Ph.D.<br \/>\n<a href=\"https:\/\/sites.google.com\/site\/profesoraeverlidisvargas\/\">Vargas Ramos, Everlidis, Ed.D.<br \/>\n<\/a><a href=\"https:\/\/sites.google.com\/site\/pofesoravivecavazquez\/\">V\u00e1zquez Miranda, Viveca, M.A.<\/a><\/span><\/p>\n","protected":false},"excerpt":{"rendered":"<p>Alonso Fuentes, Mar\u00eda E., Ph.D. \u00c1lvarez Burgos, Rafael, M.A. \u00c1lvarez L\u00f3pez, Manuel, M.Phil., J.D. Campos Esteve, Carmen, M.A. Col\u00f3n Le\u00f3n, Virgilio, Ph.D. Collazo Rivera, Mar\u00eda, Ph.D. Corrales Corrales, Jos\u00e9 R., Ph.D. Cruz Cort\u00e9s, Ra\u00fal A., Ph.D. Dufrasne Gonz\u00e1lez, Emanuel, Ph.D. Fred Rivera, Ivette, Ph.D. Garc\u00eda Archilla, Aurelio, Ph.D. Garc\u00eda Cacho, Juan C., Ph.D. Garc\u00eda Padilla,<\/p>\n","protected":false},"author":11,"featured_media":0,"parent":0,"menu_order":0,"comment_status":"closed","ping_status":"closed","template":"page-blocks.php","meta":{"footnotes":""},"class_list":["post-58","page","type-page","status-publish"],"amp_enabled":true,"_links":{"self":[{"href":"https:\/\/generales.uprrp.edu\/humanidades\/wp-json\/wp\/v2\/pages\/58","targetHints":{"allow":["GET"]}}],"collection":[{"href":"https:\/\/generales.uprrp.edu\/humanidades\/wp-json\/wp\/v2\/pages"}],"about":[{"href":"https:\/\/generales.uprrp.edu\/humanidades\/wp-json\/wp\/v2\/types\/page"}],"author":[{"embeddable":true,"href":"https:\/\/generales.uprrp.edu\/humanidades\/wp-json\/wp\/v2\/users\/11"}],"replies":[{"embeddable":true,"href":"https:\/\/generales.uprrp.edu\/humanidades\/wp-json\/wp\/v2\/comments?post=58"}],"version-history":[{"count":13,"href":"https:\/\/generales.uprrp.edu\/humanidades\/wp-json\/wp\/v2\/pages\/58\/revisions"}],"predecessor-version":[{"id":410,"href":"https:\/\/generales.uprrp.edu\/humanidades\/wp-json\/wp\/v2\/pages\/58\/revisions\/410"}],"wp:attachment":[{"href":"https:\/\/generales.uprrp.edu\/humanidades\/wp-json\/wp\/v2\/media?parent=58"}],"curies":[{"name":"wp","href":"https:\/\/api.w.org\/{rel}","templated":true}]}}