{"id":401,"date":"2020-08-24T20:10:38","date_gmt":"2020-08-24T20:10:38","guid":{"rendered":"http:\/\/generales.uprrp.edu\/humanidades\/?page_id=401"},"modified":"2020-08-24T20:14:32","modified_gmt":"2020-08-24T20:14:32","slug":"centro-de-estudios-medievales-y-renacentistas-cemyr","status":"publish","type":"page","link":"https:\/\/generales.uprrp.edu\/humanidades\/centro-de-estudios-medievales-y-renacentistas-cemyr\/","title":{"rendered":"Centro de Estudios Medievales y Renacentistas (CEMyR)"},"content":{"rendered":"<p>La visi\u00f3n del <a href=\"http:\/\/cemyr.org\/\" target=\"_blank\" rel=\"noopener noreferrer\">Centro de Estudios Medievales y Renacentistas (CEMyR)<\/a> es servir de punto de encuentro para todos los acad\u00e9micos y alumnos interesados en el estudio y la investigaci\u00f3n de la Edad Media y el Renacimiento. Esto se cumplimentar\u00e1 con la difusi\u00f3n de los avances llevados a cabo en los estudios medievales y renacentistas desde una \u00f3ptica multidisciplinaria y la promoci\u00f3n de nuevas avenidas del conocimiento y la investigaci\u00f3n. <a href=\"http:\/\/cemyr.org\/\" target=\"_blank\" rel=\"noopener noreferrer\">Visitar la p\u00e1gina del CEMyR<\/a>.<\/p>\n","protected":false},"excerpt":{"rendered":"<p>La visi\u00f3n del Centro de Estudios Medievales y Renacentistas (CEMyR) es servir de punto de encuentro para todos los acad\u00e9micos y alumnos interesados en el estudio y la investigaci\u00f3n de la Edad Media y el Renacimiento. Esto se cumplimentar\u00e1 con la difusi\u00f3n de los avances llevados a cabo en los estudios medievales y renacentistas desde<\/p>\n","protected":false},"author":11,"featured_media":0,"parent":0,"menu_order":0,"comment_status":"closed","ping_status":"closed","template":"","meta":{"footnotes":""},"class_list":["post-401","page","type-page","status-publish"],"amp_enabled":true,"_links":{"self":[{"href":"https:\/\/generales.uprrp.edu\/humanidades\/wp-json\/wp\/v2\/pages\/401","targetHints":{"allow":["GET"]}}],"collection":[{"href":"https:\/\/generales.uprrp.edu\/humanidades\/wp-json\/wp\/v2\/pages"}],"about":[{"href":"https:\/\/generales.uprrp.edu\/humanidades\/wp-json\/wp\/v2\/types\/page"}],"author":[{"embeddable":true,"href":"https:\/\/generales.uprrp.edu\/humanidades\/wp-json\/wp\/v2\/users\/11"}],"replies":[{"embeddable":true,"href":"https:\/\/generales.uprrp.edu\/humanidades\/wp-json\/wp\/v2\/comments?post=401"}],"version-history":[{"count":2,"href":"https:\/\/generales.uprrp.edu\/humanidades\/wp-json\/wp\/v2\/pages\/401\/revisions"}],"predecessor-version":[{"id":404,"href":"https:\/\/generales.uprrp.edu\/humanidades\/wp-json\/wp\/v2\/pages\/401\/revisions\/404"}],"wp:attachment":[{"href":"https:\/\/generales.uprrp.edu\/humanidades\/wp-json\/wp\/v2\/media?parent=401"}],"curies":[{"name":"wp","href":"https:\/\/api.w.org\/{rel}","templated":true}]}}