{"id":8,"date":"2016-04-07T17:10:27","date_gmt":"2016-04-07T17:10:27","guid":{"rendered":"http:\/\/generalesdv.uprrp.edu\/espanol\/?page_id=8"},"modified":"2023-05-25T18:42:20","modified_gmt":"2023-05-25T18:42:20","slug":"departamento","status":"publish","type":"page","link":"https:\/\/generales.uprrp.edu\/espanol\/","title":{"rendered":"Departamento de Espa\u00f1ol"},"content":{"rendered":"<p>El curso de espa\u00f1ol de la Facultad de Estudios Generales trata del estudio de la lengua y del discurso en el contexto de un programa de educaci\u00f3n general. Su especificidad, el estudio de la lengua y del texto hisp\u00e1nico o en espa\u00f1ol, es el fundamento para la integraci\u00f3n del conocimiento. El desarrollo del curso tiene una perspectiva interdisciplinaria. <a href=\"https:\/\/generales.uprrp.edu\/espanol\/el-curso-de-espanol\/\">[+]<\/a><\/p>\n","protected":false},"excerpt":{"rendered":"<p>El curso de espa\u00f1ol de la Facultad de Estudios Generales trata del estudio de la lengua y del discurso en el contexto de un programa de educaci\u00f3n general. Su especificidad, el estudio de la lengua y del texto hisp\u00e1nico o en espa\u00f1ol, es el fundamento para la integraci\u00f3n del conocimiento. El desarrollo del curso tiene<\/p>\n","protected":false},"author":2,"featured_media":0,"parent":0,"menu_order":0,"comment_status":"closed","ping_status":"closed","template":"page-blocks.php","meta":{"footnotes":""},"class_list":["post-8","page","type-page","status-publish"],"amp_enabled":false,"_links":{"self":[{"href":"https:\/\/generales.uprrp.edu\/espanol\/wp-json\/wp\/v2\/pages\/8","targetHints":{"allow":["GET"]}}],"collection":[{"href":"https:\/\/generales.uprrp.edu\/espanol\/wp-json\/wp\/v2\/pages"}],"about":[{"href":"https:\/\/generales.uprrp.edu\/espanol\/wp-json\/wp\/v2\/types\/page"}],"author":[{"embeddable":true,"href":"https:\/\/generales.uprrp.edu\/espanol\/wp-json\/wp\/v2\/users\/2"}],"replies":[{"embeddable":true,"href":"https:\/\/generales.uprrp.edu\/espanol\/wp-json\/wp\/v2\/comments?post=8"}],"version-history":[{"count":8,"href":"https:\/\/generales.uprrp.edu\/espanol\/wp-json\/wp\/v2\/pages\/8\/revisions"}],"predecessor-version":[{"id":362,"href":"https:\/\/generales.uprrp.edu\/espanol\/wp-json\/wp\/v2\/pages\/8\/revisions\/362"}],"wp:attachment":[{"href":"https:\/\/generales.uprrp.edu\/espanol\/wp-json\/wp\/v2\/media?parent=8"}],"curies":[{"name":"wp","href":"https:\/\/api.w.org\/{rel}","templated":true}]}}