{"id":404,"date":"2023-05-25T18:37:51","date_gmt":"2023-05-25T18:37:51","guid":{"rendered":"https:\/\/generales.uprrp.edu\/espanol\/?page_id=404"},"modified":"2023-05-25T18:38:28","modified_gmt":"2023-05-25T18:38:28","slug":"profesorado-departamento-espanol","status":"publish","type":"page","link":"https:\/\/generales.uprrp.edu\/espanol\/profesorado-departamento-espanol\/","title":{"rendered":"Profesorado del Departamento de Espa\u00f1ol"},"content":{"rendered":"\n<table id=\"tablepress-2\" class=\"tablepress tablepress-id-2\">\n<thead>\n<tr class=\"row-1\">\n\t<th class=\"column-1\">Nombre<\/th><th class=\"column-2\">Oficina<\/th><th class=\"column-3\">Extensi\u00f3n<\/th><th class=\"column-4\">Correo electr\u00f3nico<\/th>\n<\/tr>\n<\/thead>\n<tbody class=\"row-striping row-hover\">\n<tr class=\"row-2\">\n\t<td class=\"column-1\">Acevedo Rodr\u00edguez, Rafael, Ph.D.<\/td><td class=\"column-2\">JBR 347<\/td><td class=\"column-3\">88915<\/td><td class=\"column-4\">rafael.acevedo3@upr.edu<\/td>\n<\/tr>\n<tr class=\"row-3\">\n\t<td class=\"column-1\">Aponte Ramos, Dolores, Ph.D.<\/td><td class=\"column-2\">DMN 344<\/td><td class=\"column-3\">88919<\/td><td class=\"column-4\">dolores.aponte@upr.edu<\/td>\n<\/tr>\n<tr class=\"row-4\">\n\t<td class=\"column-1\">Auffant V\u00e1zquez, Vivian, Ph.D.<\/td><td class=\"column-2\">JBR 306<\/td><td class=\"column-3\">88906<\/td><td class=\"column-4\">vivian.auffant@upr.edu<\/td>\n<\/tr>\n<tr class=\"row-5\">\n\t<td class=\"column-1\">Ben\u00edtez Laborde, Edna, Ph.D.<\/td><td class=\"column-2\">JBR 316<\/td><td class=\"column-3\">88900<\/td><td class=\"column-4\">edna.benitez@upr.edu<\/td>\n<\/tr>\n<tr class=\"row-6\">\n\t<td class=\"column-1\">Bollentini, Chiara, Ph.D.<\/td><td class=\"column-2\">JBR 315<\/td><td class=\"column-3\">88917<\/td><td class=\"column-4\">chiara.bollentini1@upr.edu<\/td>\n<\/tr>\n<tr class=\"row-7\">\n\t<td class=\"column-1\"><a href=\"https:\/\/generales.uprrp.edu\/espanol\/yvonne-denis-rosario\/\">Denis Rosario, Yvonne, Ph.D.<\/a><\/td><td class=\"column-2\">DMN 435<\/td><td class=\"column-3\">88668<\/td><td class=\"column-4\">yvonne.denis@upr.edu<\/td>\n<\/tr>\n<tr class=\"row-8\">\n\t<td class=\"column-1\">Emmanuelli Huertas, Johanna M., Ph.D.<\/td><td class=\"column-2\">BA 102 (Antiguo Bellas Artes)<\/td><td class=\"column-3\"><\/td><td class=\"column-4\">johanna.emmanuellihuertas@upr.edu<\/td>\n<\/tr>\n<tr class=\"row-9\">\n\t<td class=\"column-1\">Franco Steeves, Marisa, Ph.D.<\/td><td class=\"column-2\">JBR 222<\/td><td class=\"column-3\">88908<\/td><td class=\"column-4\">marisa.franco@upr.edu<\/td>\n<\/tr>\n<tr class=\"row-10\">\n\t<td class=\"column-1\">Fuentes Rivera, Ada G., Ph.D.<\/td><td class=\"column-2\">JBR 319<\/td><td class=\"column-3\">88913<\/td><td class=\"column-4\">ada.fuentes@upr.edu<\/td>\n<\/tr>\n<tr class=\"row-11\">\n\t<td class=\"column-1\">L\u00f3pez \u00c1lvarez, Carmen \u00c1ngela, Ph.D.<\/td><td class=\"column-2\">JBR 335<\/td><td class=\"column-3\">88745<\/td><td class=\"column-4\">carmen.lopez5@upr.edu<\/td>\n<\/tr>\n<tr class=\"row-12\">\n\t<td class=\"column-1\">Marsh Kennerley, Catherine, Ph.D.<\/td><td class=\"column-2\">JBR 236<\/td><td class=\"column-3\">88837<\/td><td class=\"column-4\">catherine.marsh1@upr.edu<\/td>\n<\/tr>\n<tr class=\"row-13\">\n\t<td class=\"column-1\">Ortiz M\u00e1rquez, Maribel, Ph.D.<\/td><td class=\"column-2\">JBR 361<\/td><td class=\"column-3\">88745<\/td><td class=\"column-4\">maribel.ortiz1@upr.edu<\/td>\n<\/tr>\n<tr class=\"row-14\">\n\t<td class=\"column-1\">Ramos Rosado, Wanda I., Ed.D.<\/td><td class=\"column-2\">JBR 341<\/td><td class=\"column-3\">88744<\/td><td class=\"column-4\">wanda.ramos6@upr.edu<\/td>\n<\/tr>\n<tr class=\"row-15\">\n\t<td class=\"column-1\">Rosa V\u00e9lez, \u00c1ngel, Ph.D.<\/td><td class=\"column-2\">DMN 248<\/td><td class=\"column-3\">88918<\/td><td class=\"column-4\">angel.rosa5@upr.edu<\/td>\n<\/tr>\n<tr class=\"row-16\">\n\t<td class=\"column-1\">Torres Mart\u00ednez, Juan Antonio, M.A.<\/td><td class=\"column-2\">JBR 318<\/td><td class=\"column-3\">88910<\/td><td class=\"column-4\">juan.torres11@upr.edu<\/td>\n<\/tr>\n<tr class=\"row-17\">\n\t<td class=\"column-1\">Verson Vadillo, Lidia, Ph.D.<\/td><td class=\"column-2\">JBR 224<\/td><td class=\"column-3\">88905<\/td><td class=\"column-4\">lidia.verson@upr.edu<\/td>\n<\/tr>\n<tr class=\"row-18\">\n\t<td class=\"column-1\">Vilches Norat, Vanessa, Ph.D.<\/td><td class=\"column-2\">DMN 345<\/td><td class=\"column-3\">88762<\/td><td class=\"column-4\">vanessa.vilches@upr.edu<\/td>\n<\/tr>\n<\/tbody>\n<\/table>\n<!-- #tablepress-2 from cache -->","protected":false},"excerpt":{"rendered":"","protected":false},"author":11,"featured_media":0,"parent":0,"menu_order":0,"comment_status":"closed","ping_status":"closed","template":"","meta":{"footnotes":""},"class_list":["post-404","page","type-page","status-publish"],"amp_enabled":true,"_links":{"self":[{"href":"https:\/\/generales.uprrp.edu\/espanol\/wp-json\/wp\/v2\/pages\/404","targetHints":{"allow":["GET"]}}],"collection":[{"href":"https:\/\/generales.uprrp.edu\/espanol\/wp-json\/wp\/v2\/pages"}],"about":[{"href":"https:\/\/generales.uprrp.edu\/espanol\/wp-json\/wp\/v2\/types\/page"}],"author":[{"embeddable":true,"href":"https:\/\/generales.uprrp.edu\/espanol\/wp-json\/wp\/v2\/users\/11"}],"replies":[{"embeddable":true,"href":"https:\/\/generales.uprrp.edu\/espanol\/wp-json\/wp\/v2\/comments?post=404"}],"version-history":[{"count":1,"href":"https:\/\/generales.uprrp.edu\/espanol\/wp-json\/wp\/v2\/pages\/404\/revisions"}],"predecessor-version":[{"id":405,"href":"https:\/\/generales.uprrp.edu\/espanol\/wp-json\/wp\/v2\/pages\/404\/revisions\/405"}],"wp:attachment":[{"href":"https:\/\/generales.uprrp.edu\/espanol\/wp-json\/wp\/v2\/media?parent=404"}],"curies":[{"name":"wp","href":"https:\/\/api.w.org\/{rel}","templated":true}]}}