{"id":304,"date":"2019-08-26T14:14:13","date_gmt":"2019-08-26T14:14:13","guid":{"rendered":"http:\/\/generales.uprrp.edu\/espanol\/?page_id=304"},"modified":"2019-08-26T14:14:13","modified_gmt":"2019-08-26T14:14:13","slug":"normativa-institucional","status":"publish","type":"page","link":"https:\/\/generales.uprrp.edu\/espanol\/normativa-institucional\/","title":{"rendered":"Normativa institucional"},"content":{"rendered":"<ul>\n<li><a href=\"https:\/\/generales.uprrp.edu\/espanol\/wp-content\/uploads\/sites\/2\/2019\/08\/Reglamento-general-2015.pdf\" target=\"_blank\" rel=\"noopener noreferrer\">Reglamento General de la Universidad de Puerto Rico<\/a><\/li>\n<li><a href=\"https:\/\/generales.uprrp.edu\/espanol\/wp-content\/uploads\/sites\/2\/2019\/08\/Reglamento-General-de-Estudiantes-28-Jul-2011.pdf\" target=\"_blank\" rel=\"noopener noreferrer\">Reglamento General de Estudiantes<\/a> (Seg\u00fan enmendado hasta el 28 de julio de 2011)<\/li>\n<li>Reglamento de Estudiantes Interno del Recinto Universitario de R\u00edo Piedras<\/li>\n<li><a href=\"https:\/\/generales.uprrp.edu\/espanol\/wp-content\/uploads\/sites\/2\/2019\/08\/Reglamento-de-la-Facultad-de-Estudios-Generales.pdf\" target=\"_blank\" rel=\"noopener noreferrer\">Reglamento de la Facultad de Estudios Generales<\/a><\/li>\n<li><a href=\"https:\/\/generales.uprrp.edu\/espanol\/wp-content\/uploads\/sites\/2\/2019\/08\/Reglamento-del-Depto-de-Espan\u0303ol.pdf\" target=\"_blank\" rel=\"noopener noreferrer\">Reglamento del Departamento de Espa\u00f1ol<\/a><\/li>\n<li><a href=\"https:\/\/generales.uprrp.edu\/espanol\/wp-content\/uploads\/sites\/2\/2019\/08\/Manual-del-Profesor-UPR.pdf\" target=\"_blank\" rel=\"noopener noreferrer\">Manual del Profesor<\/a><\/li>\n<li><a href=\"https:\/\/generales.uprrp.edu\/espanol\/wp-content\/uploads\/sites\/2\/2019\/08\/CSA-113-2014-2015-Gui\u0301a-general-criterio-de-evaluacio\u0301n-docente.pdf\" target=\"_blank\" rel=\"noopener noreferrer\">Gui\u0301a general criterio de evaluacio\u0301n docente<\/a><\/li>\n<li><a href=\"https:\/\/generales.uprrp.edu\/espanol\/wp-content\/uploads\/sites\/2\/2019\/08\/Procedimiento-uniforme-de-revisio\u0301n-de-calificaciones-CSA-53-2016-2017.pdf\" target=\"_blank\" rel=\"noopener noreferrer\">Procedimiento uniforme de revisio\u0301n de calificaciones<\/a><\/li>\n<li><a href=\"https:\/\/generales.uprrp.edu\/espanol\/wp-content\/uploads\/sites\/2\/2019\/08\/Reclutamiento-evaluacio\u0301n-CSA-87-2018-2019.pdf\" target=\"_blank\" rel=\"noopener noreferrer\">Normas generales para la implantaci\u00f3n de los procesos de reclutamiento, nombramiento y evaluaci\u00f3n del personal docente<\/a><\/li>\n<li>Circular-10-Notificacion de aprobacion del Reglamento interno para atencio\u0301n, investigacio\u0301n y manejo de quejas Ti\u0301tulo IX<\/li>\n<\/ul>\n","protected":false},"excerpt":{"rendered":"<p>Reglamento General de la Universidad de Puerto Rico Reglamento General de Estudiantes (Seg\u00fan enmendado hasta el 28 de julio de 2011) Reglamento de Estudiantes Interno del Recinto Universitario de R\u00edo Piedras Reglamento de la Facultad de Estudios Generales Reglamento del Departamento de Espa\u00f1ol Manual del Profesor Gui\u0301a general criterio de evaluacio\u0301n docente Procedimiento uniforme de<\/p>\n","protected":false},"author":11,"featured_media":0,"parent":0,"menu_order":0,"comment_status":"closed","ping_status":"closed","template":"","meta":{"footnotes":""},"class_list":["post-304","page","type-page","status-publish"],"amp_enabled":true,"_links":{"self":[{"href":"https:\/\/generales.uprrp.edu\/espanol\/wp-json\/wp\/v2\/pages\/304","targetHints":{"allow":["GET"]}}],"collection":[{"href":"https:\/\/generales.uprrp.edu\/espanol\/wp-json\/wp\/v2\/pages"}],"about":[{"href":"https:\/\/generales.uprrp.edu\/espanol\/wp-json\/wp\/v2\/types\/page"}],"author":[{"embeddable":true,"href":"https:\/\/generales.uprrp.edu\/espanol\/wp-json\/wp\/v2\/users\/11"}],"replies":[{"embeddable":true,"href":"https:\/\/generales.uprrp.edu\/espanol\/wp-json\/wp\/v2\/comments?post=304"}],"version-history":[{"count":1,"href":"https:\/\/generales.uprrp.edu\/espanol\/wp-json\/wp\/v2\/pages\/304\/revisions"}],"predecessor-version":[{"id":318,"href":"https:\/\/generales.uprrp.edu\/espanol\/wp-json\/wp\/v2\/pages\/304\/revisions\/318"}],"wp:attachment":[{"href":"https:\/\/generales.uprrp.edu\/espanol\/wp-json\/wp\/v2\/media?parent=304"}],"curies":[{"name":"wp","href":"https:\/\/api.w.org\/{rel}","templated":true}]}}