{"id":231,"date":"2017-03-01T14:33:20","date_gmt":"2017-03-01T14:33:20","guid":{"rendered":"http:\/\/generalesdv.uprrp.edu\/espanol\/?page_id=231"},"modified":"2023-05-25T18:44:54","modified_gmt":"2023-05-25T18:44:54","slug":"el-curso-de-espanol","status":"publish","type":"page","link":"https:\/\/generales.uprrp.edu\/espanol\/el-curso-de-espanol\/","title":{"rendered":"El Curso de Espa\u00f1ol"},"content":{"rendered":"<p align=\"justify\">El curso de espa\u00f1ol de la Facultad de Estudios Generales trata del estudio de la lengua y del discurso en el contexto de un programa de educaci\u00f3n general. Su especificidad, el estudio de la lengua y del texto hisp\u00e1nico o en espa\u00f1ol, es el fundamento para la integraci\u00f3n del conocimiento. El desarrollo del curso tiene una perspectiva interdisciplinaria. El curso se centra en el estudio del discurso oral y escrito: el desarrollo de su comprensi\u00f3n, apreciaci\u00f3n y producci\u00f3n a trav\u00e9s de la lectura, el comentario y el an\u00e1lisis de texto en espa\u00f1ol.<\/p>\n<p align=\"justify\">El curso se divide en tres niveles: Primer nivel regular con talleres (3003, 3004) lo complementan tres horas de talleres. Segundo nivel regular (3101, 3102), y superior (3111, 3112).<\/p>\n<p align=\"justify\">Es un curso unitario, pero no uniforme. Su unidad da espacio a variaciones en cada nivel, las cuales se intensifican entre los niveles. El nivel regular y el de honor se diferencian esencialmente en grados de intensidad acad\u00e9mica.<\/p>\n<p align=\"justify\">La lengua y el discurso constituyen una unidad integrada de estudio. Se estudia la lengua en su realidad discursiva, oral y escrita, y en sus funciones comunicativa y est\u00e9tica. La consideraci\u00f3n de lenguajes y discursos no verbales, tales como el visual y el cin\u00e9sico, o h\u00edbridos, como el cine, ampl\u00edan la experiencia comunicativa y est\u00e9tica del curso.<\/p>\n<p align=\"justify\">En la base conceptual del curso est\u00e1 el estudio de la lengua y el lenguaje desde diversas perspectivas te\u00f3ricas: semiol\u00f3gica, ling\u00fc\u00edstica, sociol\u00f3gica y psicol\u00f3gica; y el conocimiento y la conciencia hist\u00f3rica, social y pol\u00edtica de la lengua.<\/p>\n<p align=\"justify\">El an\u00e1lisis de texto tiene un enfoque ling\u00fc\u00edstico y ret\u00f3rico al que se suman enfoques metodol\u00f3gicos varios que ampl\u00edan aspectos de la funci\u00f3n comunicativa y la funci\u00f3n est\u00e9tica del texto. Los textos son principalmente literarios. Se estudia el uso literario de la lengua en sus dos formas: prosa y verso, y su realizaci\u00f3n en diversos tipos de discurso literario. Al estudio del texto literario se suma el de textos de \u00edndole diversa, tales como human\u00edsticos, cient\u00edficos, jur\u00eddicos, period\u00edsticos, entre otros, y el de sus respectivos usos ling\u00fc\u00edsticos y ret\u00f3ricos. Se incluyen tambi\u00e9n textos en otros lenguajes no verbales y textos en lenguajes m\u00faltiples.<\/p>\n","protected":false},"excerpt":{"rendered":"<p>El curso de espa\u00f1ol de la Facultad de Estudios Generales trata del estudio de la lengua y del discurso en el contexto de un programa de educaci\u00f3n general. Su especificidad, el estudio de la lengua y del texto hisp\u00e1nico o en espa\u00f1ol, es el fundamento para la integraci\u00f3n del conocimiento. El desarrollo del curso tiene<\/p>\n","protected":false},"author":11,"featured_media":0,"parent":0,"menu_order":0,"comment_status":"closed","ping_status":"closed","template":"","meta":{"footnotes":""},"class_list":["post-231","page","type-page","status-publish"],"amp_enabled":true,"_links":{"self":[{"href":"https:\/\/generales.uprrp.edu\/espanol\/wp-json\/wp\/v2\/pages\/231","targetHints":{"allow":["GET"]}}],"collection":[{"href":"https:\/\/generales.uprrp.edu\/espanol\/wp-json\/wp\/v2\/pages"}],"about":[{"href":"https:\/\/generales.uprrp.edu\/espanol\/wp-json\/wp\/v2\/types\/page"}],"author":[{"embeddable":true,"href":"https:\/\/generales.uprrp.edu\/espanol\/wp-json\/wp\/v2\/users\/11"}],"replies":[{"embeddable":true,"href":"https:\/\/generales.uprrp.edu\/espanol\/wp-json\/wp\/v2\/comments?post=231"}],"version-history":[{"count":7,"href":"https:\/\/generales.uprrp.edu\/espanol\/wp-json\/wp\/v2\/pages\/231\/revisions"}],"predecessor-version":[{"id":409,"href":"https:\/\/generales.uprrp.edu\/espanol\/wp-json\/wp\/v2\/pages\/231\/revisions\/409"}],"wp:attachment":[{"href":"https:\/\/generales.uprrp.edu\/espanol\/wp-json\/wp\/v2\/media?parent=231"}],"curies":[{"name":"wp","href":"https:\/\/api.w.org\/{rel}","templated":true}]}}