{"id":162,"date":"2017-02-27T17:59:29","date_gmt":"2017-02-27T17:59:29","guid":{"rendered":"http:\/\/generalesdv.uprrp.edu\/espanol\/?page_id=162"},"modified":"2023-05-25T18:47:45","modified_gmt":"2023-05-25T18:47:45","slug":"objetivos-generales","status":"publish","type":"page","link":"https:\/\/generales.uprrp.edu\/espanol\/objetivos-generales\/","title":{"rendered":"Objetivos generales"},"content":{"rendered":"<ul>\n<li>Desarrollar la comprensi\u00f3n y producci\u00f3n del discurso.<\/li>\n<li>Desarrollar la competencia y ejecuci\u00f3n ling\u00fc\u00edstica (el conocimiento y el uso de la lengua).<\/li>\n<li>Desarrollar los aspectos de la observaci\u00f3n, la percepci\u00f3n, la conceptuaci\u00f3n, la organizaci\u00f3n, la expresi\u00f3n y el an\u00e1lisis.<\/li>\n<li>Desarrollar la capacidad comunicativa y anal\u00edtica en un contexto de responsabilidad \u00e9tico-social.<\/li>\n<li>Valorar la imaginaci\u00f3n.<\/li>\n<li>Examinar las diferentes funciones del lenguaje y sus discursos, con especial atenci\u00f3n a la funci\u00f3n est\u00e9tica o po\u00e9tica.<\/li>\n<li>Desarrollar el conocimiento ling\u00fc\u00edstico, human\u00edstico y est\u00e9tico.<\/li>\n<li>Valorar la conciencia y la sensibilidad ling\u00fc\u00edstica, human\u00edstica y est\u00e9tica.<\/li>\n<li>Identificar la lengua propia como instrumento de integraci\u00f3n del conocimiento.<\/li>\n<\/ul>\n","protected":false},"excerpt":{"rendered":"<p>Desarrollar la comprensi\u00f3n y producci\u00f3n del discurso. Desarrollar la competencia y ejecuci\u00f3n ling\u00fc\u00edstica (el conocimiento y el uso de la lengua). Desarrollar los aspectos de la observaci\u00f3n, la percepci\u00f3n, la conceptuaci\u00f3n, la organizaci\u00f3n, la expresi\u00f3n y el an\u00e1lisis. Desarrollar la capacidad comunicativa y anal\u00edtica en un contexto de responsabilidad \u00e9tico-social. Valorar la imaginaci\u00f3n. Examinar las<\/p>\n","protected":false},"author":11,"featured_media":0,"parent":0,"menu_order":0,"comment_status":"closed","ping_status":"closed","template":"","meta":{"footnotes":""},"class_list":["post-162","page","type-page","status-publish"],"amp_enabled":true,"_links":{"self":[{"href":"https:\/\/generales.uprrp.edu\/espanol\/wp-json\/wp\/v2\/pages\/162","targetHints":{"allow":["GET"]}}],"collection":[{"href":"https:\/\/generales.uprrp.edu\/espanol\/wp-json\/wp\/v2\/pages"}],"about":[{"href":"https:\/\/generales.uprrp.edu\/espanol\/wp-json\/wp\/v2\/types\/page"}],"author":[{"embeddable":true,"href":"https:\/\/generales.uprrp.edu\/espanol\/wp-json\/wp\/v2\/users\/11"}],"replies":[{"embeddable":true,"href":"https:\/\/generales.uprrp.edu\/espanol\/wp-json\/wp\/v2\/comments?post=162"}],"version-history":[{"count":4,"href":"https:\/\/generales.uprrp.edu\/espanol\/wp-json\/wp\/v2\/pages\/162\/revisions"}],"predecessor-version":[{"id":411,"href":"https:\/\/generales.uprrp.edu\/espanol\/wp-json\/wp\/v2\/pages\/162\/revisions\/411"}],"wp:attachment":[{"href":"https:\/\/generales.uprrp.edu\/espanol\/wp-json\/wp\/v2\/media?parent=162"}],"curies":[{"name":"wp","href":"https:\/\/api.w.org\/{rel}","templated":true}]}}