{"id":44,"date":"2020-01-03T18:58:09","date_gmt":"2020-01-03T22:58:09","guid":{"rendered":"http:\/\/generales.uprrp.edu\/divulgacionfeg\/?page_id=44"},"modified":"2022-05-16T15:31:17","modified_gmt":"2022-05-16T19:31:17","slug":"iau-noc-puerto-rico-2","status":"publish","type":"page","link":"https:\/\/generales.uprrp.edu\/divulgacionfeg\/iau-noc-puerto-rico-2\/","title":{"rendered":"IAU NOC &#8211; Puerto Rico"},"content":{"rendered":"<p><a href=\"https:\/\/generales.uprrp.edu\/divulgacionfeg\/wp-content\/uploads\/sites\/23\/2020\/11\/NOC_logo_PuertoRico.png\"><img loading=\"lazy\" decoding=\"async\" src=\"https:\/\/generales.uprrp.edu\/divulgacionfeg\/wp-content\/uploads\/sites\/23\/2020\/11\/NOC_logo_PuertoRico-300x148.png\" alt=\"LOGO noc-PR\" width=\"300\" height=\"148\" \/><\/a>La Oficina de Divulgaci\u00f3n de la Astron\u00f3mica de la Uni\u00f3n Astron\u00f3mica Internacional (conocida como IAU-OAO por sus siglas en ingl\u00e9s) est\u00e1 al centro de la coordinaci\u00f3n para las actividades de divulgaci\u00f3n de la astronom\u00eda que se llevan a cabo en todo el mundo. Para apoyar proyectos a nivel nacional, la IAU-OAO ha creado una red de Coordinadores Nacionales de Divulgaci\u00f3n (NOC) de la IAU: voluntarios con amplia experiencia en divulgaci\u00f3n p\u00fablica, que act\u00faan como un \u00fanico punto de contacto para un pa\u00eds. En el 2018 el NOC-Puerto Rico fue designado a la Dra. Mayra E. Lebr\u00f3n Santos.<\/p>\n<figure>\n\t\t\t\t\t\t\t\t\t\t\t<a href=\"https:\/\/www.iau.org\/public\/telescopecollaboration\/\"><br \/>\n\t\t\t\t\t\t\t<img decoding=\"async\" width=\"708\" height=\"372\" src=\"https:\/\/generales.uprrp.edu\/divulgacionfeg\/wp-content\/uploads\/sites\/23\/2022\/05\/telescopeforall-2-1024x538.jpg\" alt=\"\" loading=\"lazy\" \/>\t\t\t\t\t\t\t\t<\/a><figcaption>Telescopios para todos 2022 (fecha l\u00edmite 1 de junio 2022)<\/figcaption><\/figure>\n<figure>\n\t\t\t\t\t\t\t\t\t\t\t<a href=\"https:\/\/www.iau.org\/public\/darkskiesawareness\/\"><br \/>\n\t\t\t\t\t\t\t<img decoding=\"async\" width=\"708\" height=\"270\" src=\"https:\/\/generales.uprrp.edu\/divulgacionfeg\/wp-content\/uploads\/sites\/23\/2022\/05\/darksky-1024x390.jpeg\" alt=\"\" loading=\"lazy\" \/>\t\t\t\t\t\t\t\t<\/a><figcaption>Cielos oscuros y silenciosos<\/figcaption><\/figure>\n<figure>\n\t\t\t\t\t\t\t\t\t\t\t<a href=\"https:\/\/generales.uprrp.edu\/divulgacionfeg\/dia-de-la-astronomia-en-las-escuelas-experimento-de-eratostenes\/\"><br \/>\n\t\t\t\t\t\t\t<img decoding=\"async\" width=\"708\" height=\"281\" src=\"https:\/\/generales.uprrp.edu\/divulgacionfeg\/wp-content\/uploads\/sites\/23\/2021\/09\/Astronomy_Day_in_School_300dpi-e1630610418439-1024x407.png\" alt=\"\" loading=\"lazy\" \/>\t\t\t\t\t\t\t\t<\/a><figcaption>D\u00eda de la Astronom\u00eda en las Escuelas- 22 de septiembre 2021<\/figcaption><\/figure>\n<figure>\n\t\t\t\t\t\t\t\t\t\t\t<a href=\"https:\/\/www.iau.org\/public\/oao\/100-hours-of-astronomy\/\"><br \/>\n\t\t\t\t\t\t\t<img decoding=\"async\" width=\"708\" height=\"269\" src=\"https:\/\/generales.uprrp.edu\/divulgacionfeg\/wp-content\/uploads\/sites\/23\/2021\/09\/banner_100hours2021-1024x389.jpg\" alt=\"\" loading=\"lazy\" \/>\t\t\t\t\t\t\t\t<\/a><figcaption>100 Horas de Astronom\u00eda 1-4 de octubre 2021<\/figcaption><\/figure>\n<figure>\n\t\t\t\t\t\t\t\t\t\t\t<a href=\"https:\/\/moon.nasa.gov\/observe-the-moon-night\/\"><br \/>\n\t\t\t\t\t\t\t<img decoding=\"async\" width=\"708\" height=\"371\" src=\"https:\/\/generales.uprrp.edu\/divulgacionfeg\/wp-content\/uploads\/sites\/23\/2021\/09\/516_SaveTheDateSpanish-1024x536.jpg\" alt=\"\" loading=\"lazy\" \/>\t\t\t\t\t\t\t\t<\/a><figcaption>Noche Internacional de Observaci\u00f3n de la Luna &#8211; 16 de octubre 2021<\/figcaption><\/figure>\n<figure>\n\t\t\t\t\t\t\t\t\t\t\t<a href=\"https:\/\/www.iau.org\/news\/announcements\/detail\/ann21052\/\"><br \/>\n\t\t\t\t\t\t\t<img decoding=\"async\" width=\"708\" height=\"290\" src=\"https:\/\/generales.uprrp.edu\/divulgacionfeg\/wp-content\/uploads\/sites\/23\/2021\/09\/iau2105a.jpg\" alt=\"\" loading=\"lazy\" \/>\t\t\t\t\t\t\t\t<\/a><figcaption>Oportunidad- Llamado a presentar propuerta de Simposio sobre Clima y Cambio Clim\u00e1tico. Iniciativa de la IAU-Kavli<\/figcaption><\/figure>\n","protected":false},"excerpt":{"rendered":"<p>La Oficina de Divulgaci\u00f3n de la Astron\u00f3mica de la Uni\u00f3n Astron\u00f3mica Internacional (conocida como IAU-OAO por sus siglas en ingl\u00e9s) est\u00e1 al centro de la coordinaci\u00f3n para las actividades de divulgaci\u00f3n de la astronom\u00eda que se llevan a cabo en todo el mundo. Para apoyar proyectos a nivel nacional, la IAU-OAO ha creado una red<\/p>\n","protected":false},"author":28,"featured_media":0,"parent":0,"menu_order":0,"comment_status":"closed","ping_status":"closed","template":"page-templates\/blocks.php","meta":{"footnotes":""},"class_list":["post-44","page","type-page","status-publish"],"_links":{"self":[{"href":"https:\/\/generales.uprrp.edu\/divulgacionfeg\/wp-json\/wp\/v2\/pages\/44","targetHints":{"allow":["GET"]}}],"collection":[{"href":"https:\/\/generales.uprrp.edu\/divulgacionfeg\/wp-json\/wp\/v2\/pages"}],"about":[{"href":"https:\/\/generales.uprrp.edu\/divulgacionfeg\/wp-json\/wp\/v2\/types\/page"}],"author":[{"embeddable":true,"href":"https:\/\/generales.uprrp.edu\/divulgacionfeg\/wp-json\/wp\/v2\/users\/28"}],"replies":[{"embeddable":true,"href":"https:\/\/generales.uprrp.edu\/divulgacionfeg\/wp-json\/wp\/v2\/comments?post=44"}],"version-history":[{"count":52,"href":"https:\/\/generales.uprrp.edu\/divulgacionfeg\/wp-json\/wp\/v2\/pages\/44\/revisions"}],"predecessor-version":[{"id":668,"href":"https:\/\/generales.uprrp.edu\/divulgacionfeg\/wp-json\/wp\/v2\/pages\/44\/revisions\/668"}],"wp:attachment":[{"href":"https:\/\/generales.uprrp.edu\/divulgacionfeg\/wp-json\/wp\/v2\/media?parent=44"}],"curies":[{"name":"wp","href":"https:\/\/api.w.org\/{rel}","templated":true}]}}