{"id":353,"date":"2021-09-02T16:50:55","date_gmt":"2021-09-02T20:50:55","guid":{"rendered":"https:\/\/generales.uprrp.edu\/divulgacionfeg\/?page_id=353"},"modified":"2021-10-26T16:03:35","modified_gmt":"2021-10-26T20:03:35","slug":"dia-de-la-astronomia-en-las-escuelas-experimento-de-eratostenes","status":"publish","type":"page","link":"https:\/\/generales.uprrp.edu\/divulgacionfeg\/dia-de-la-astronomia-en-las-escuelas-experimento-de-eratostenes\/","title":{"rendered":"D\u00eda de la Astronom\u00eda en las Escuelas"},"content":{"rendered":"<h1 style=\"text-align: center\"><a href=\"https:\/\/generales.uprrp.edu\/divulgacionfeg\/wp-content\/uploads\/sites\/23\/2021\/09\/Astronomy_Day_in_School_300dpi-e1630610418439.png\"><img loading=\"lazy\" decoding=\"async\" src=\"https:\/\/generales.uprrp.edu\/divulgacionfeg\/wp-content\/uploads\/sites\/23\/2021\/09\/Astronomy_Day_in_School_300dpi-e1630610418439.png\" alt=\"\" width=\"5334\" height=\"2120\" \/><\/a><\/h1>\n<h1 style=\"text-align: center\"><img loading=\"lazy\" decoding=\"async\" src=\"https:\/\/generales.uprrp.edu\/divulgacionfeg\/wp-content\/uploads\/sites\/23\/2020\/11\/NOC_logo_PuertoRico.png\" alt=\"LOGO noc-PR\" width=\"100\" height=\"49\" \/><\/h1>\n<h1 style=\"text-align: center\">D\u00cdA DE LA ASTRONOM\u00cdA EN LAS ESCUELAS<\/h1>\n<p style=\"text-align: center\">22 DE SEPTIEMBRE 2021<\/p>\n<p>La Comisi\u00f3n C1 de la Uni\u00f3n Astron\u00f3mica Internacional promueve la educaci\u00f3n de las astronom\u00eda en las escuelas. La C1-IAU desea que las diversas pr\u00e1cticas de ense\u00f1anza de la astronom\u00eda se compartan de forma global. En particular este a\u00f1o se desea celebrar durante el equinoccio en septiembre el <strong>D\u00eda de la Astronom\u00eda en las Escuelas<\/strong>. Es por esto que la actividad se llevar\u00e1 a cabo el <strong>mi\u00e9rcoles 22 de septiembre 2021<\/strong>, una fecha de importancia para la astronom\u00eda, el equinoccio de septiembre.<\/p>\n<p>Se promueve que en el <strong>D\u00eda de la Astronom\u00eda en las Escuelas<\/strong> se realicen actividades con buenas pr\u00e1cticas educativas y aprendizaje activo con el tema de la astronom\u00eda. Actividades que motiven a los estudiantes a pensar y a compartir sus ideas en la clase. Con ese esp\u00edritu estamos invitando a los <a href=\"http:\/\/eratosthenes.ea.gr\/\" target=\"_blank\" rel=\"noopener\"><img loading=\"lazy\" decoding=\"async\" src=\"https:\/\/generales.uprrp.edu\/divulgacionfeg\/wp-content\/uploads\/sites\/23\/2021\/09\/logo.png\" alt=\"Enlace a la p\u00e1gina del Experimento de Erat\u00f3stenes\" width=\"300\" height=\"85\" \/><\/a>maestros, estudiantes, clubes y organizaciones a unirse a la medici\u00f3n de la Tierra repitiendo en experimento de Erat\u00f3stenes, cuando por primera vez se determin\u00f3 la circunferencia de la Tierra. El Experimento de Erat\u00f3stenes es una actividad que se lleva acabo desde el a\u00f1o 2015, y grupos en Puerto Rico han participado de forma regular.<\/p>\n<p>El s\u00e1bado 11 de septiembre del 2021 a las 5:00 p.m. la Dra. Carmen Pantoja y la Dra. Mayra Lebr\u00f3n llevaon a cabo un <strong>taller para maestros sobre el experimento de Erat\u00f3stenes<\/strong>. Al taller asistieron\u00a0 22 maestros y el mismo tuvo una duraci\u00f3n de 2 horas.<\/p>\n<p>Durante este a\u00f1o 2021, Puerto Rico colabor\u00f3 con el maestro Jorge M. Mu\u00f1oz y estudiantes del<br \/>Liceo Talagante en Chile.<\/p>\n<figure><img decoding=\"async\" src=\"https:\/\/generales.uprrp.edu\/divulgacionfeg\/wp-content\/uploads\/sites\/23\/elementor\/thumbs\/foto1-pdr0a04mxasvmaaoxh2d07y63e4syzsbvakmnpkmxg.jpg\" alt=\"Caribbean University\" \/><\/figure>\n<figure><img decoding=\"async\" src=\"https:\/\/generales.uprrp.edu\/divulgacionfeg\/wp-content\/uploads\/sites\/23\/elementor\/thumbs\/foto2-pdr0b4jp36c7hinzdgjbhfqzmyll5z8scumialwphw.jpg\" alt=\"Caribbean University\" \/><\/figure>\n<figure><img decoding=\"async\" src=\"https:\/\/generales.uprrp.edu\/divulgacionfeg\/wp-content\/uploads\/sites\/23\/elementor\/thumbs\/foto3-pdr0bvt0lddiu7kdyabhzqvcv4v8d7904ljl7msahg.jpg\" alt=\"Caribbean University\" \/><\/figure>\n<figure><img decoding=\"async\" src=\"https:\/\/generales.uprrp.edu\/divulgacionfeg\/wp-content\/uploads\/sites\/23\/elementor\/thumbs\/foto4-pdr0c8yr91vjcr19tg09ynjt6j2dcyp8ueodxi8s2c.jpg\" alt=\"Caribbean University\" \/><\/figure>\n<figure><img decoding=\"async\" src=\"https:\/\/generales.uprrp.edu\/divulgacionfeg\/wp-content\/uploads\/sites\/23\/elementor\/thumbs\/foto5-pdr0cqtouwjzhcbbx5q6s11kgumcf7o58v2m1rias4.jpg\" alt=\"Caribbean University\" \/><\/figure>\n<figure><img decoding=\"async\" src=\"https:\/\/generales.uprrp.edu\/divulgacionfeg\/wp-content\/uploads\/sites\/23\/elementor\/thumbs\/foto6-pdr0d23r4wzfcnuy3alply73lh2qzkwxaewft31kpg.jpg\" alt=\"Caribbean University\" \/><\/figure>\n<figure><img decoding=\"async\" src=\"https:\/\/generales.uprrp.edu\/divulgacionfeg\/wp-content\/uploads\/sites\/23\/elementor\/thumbs\/foto7-pdr0dv8r0s3bckomd57598ue0f34m74lqf4honudck.jpg\" alt=\"Caribbean University\" \/><\/figure>\n<figure><img decoding=\"async\" src=\"https:\/\/generales.uprrp.edu\/divulgacionfeg\/wp-content\/uploads\/sites\/23\/elementor\/thumbs\/foto6-1-pdr0dg7bzfiq6tagsyp45cn0i95971gwccoq08go44.jpg\" alt=\"Caribbean University\" \/><\/figure>\n<figure><img decoding=\"async\" src=\"https:\/\/generales.uprrp.edu\/divulgacionfeg\/wp-content\/uploads\/sites\/23\/elementor\/thumbs\/foto8-pdr0eiqprmzhetqhjxcthkwwv1vaympw5nfmokvj10.jpg\" alt=\"Caribbean University\" \/><\/figure>\n<figure><img decoding=\"async\" src=\"https:\/\/generales.uprrp.edu\/divulgacionfeg\/wp-content\/uploads\/sites\/23\/elementor\/thumbs\/foto9-pdr0ewuam5is8z609lg80zctrtxt639v7l7wvqamfo.jpg\" alt=\"Caribbean University\" \/><\/figure>\n<figure><img decoding=\"async\" src=\"https:\/\/generales.uprrp.edu\/divulgacionfeg\/wp-content\/uploads\/sites\/23\/elementor\/thumbs\/foto10-pdr0fbvpni3deqk5try94vk79zvol8xklnnok5obo4.jpg\" alt=\"Caribbean University\" \/><\/figure>\n<figure><img decoding=\"async\" src=\"https:\/\/generales.uprrp.edu\/divulgacionfeg\/wp-content\/uploads\/sites\/23\/elementor\/thumbs\/foto11-pdr0fo3m4ck3lo2euf8ejah7007gdba2zc4zsr67f8.jpg\" alt=\"Caribbean University\" \/><\/figure>\n<figure><img decoding=\"async\" src=\"https:\/\/generales.uprrp.edu\/divulgacionfeg\/wp-content\/uploads\/sites\/23\/elementor\/thumbs\/foto12-pdr0g276yv3efthxk3bt2ox3ws9ykru219x9zwlatw.jpg\" alt=\"Caribbean University\" \/><\/figure>\n<figure><img decoding=\"async\" src=\"https:\/\/generales.uprrp.edu\/divulgacionfeg\/wp-content\/uploads\/sites\/23\/elementor\/thumbs\/foto14-pdr0glxsyduf7mp9ctuz11xsdvko2f0f3zmh2ps178.jpg\" alt=\"Caribbean University\" \/><\/figure>\n<figure><img decoding=\"async\" src=\"https:\/\/generales.uprrp.edu\/divulgacionfeg\/wp-content\/uploads\/sites\/23\/elementor\/thumbs\/foto15-pdr0h01dswdq1s4s2hydkgdpann69vke5xer9v74lw.jpg\" alt=\"Caribbean University\" \/><\/figure>\n<figure><img decoding=\"async\" src=\"https:\/\/generales.uprrp.edu\/divulgacionfeg\/wp-content\/uploads\/sites\/23\/elementor\/thumbs\/foto16-pdr0hf2su8yb7jixmogeocl2stl1p183jzuiyaktuc.jpg\" alt=\"OCCAE\" \/><\/figure>\n<figure><img decoding=\"async\" src=\"https:\/\/generales.uprrp.edu\/divulgacionfeg\/wp-content\/uploads\/sites\/23\/elementor\/thumbs\/foto17-pdr0hxvkmxo1nqrmkwky27uaoj0dyzaqakw8jtsydw.jpg\" alt=\"OCCAE\" \/><\/figure>\n<figure><img decoding=\"async\" src=\"https:\/\/generales.uprrp.edu\/divulgacionfeg\/wp-content\/uploads\/sites\/23\/elementor\/thumbs\/foto18-pdr0ihm6mgf2fjyydn440kuz5mb3gmh3dalfmmzor8.jpg\" alt=\"OCCAE\" \/><\/figure>\n<figure><img decoding=\"async\" src=\"https:\/\/generales.uprrp.edu\/divulgacionfeg\/wp-content\/uploads\/sites\/23\/elementor\/thumbs\/foto19-pdr0j2amst7diz4x0w1wjfn483h65yr6s4y46q50yc.jpg\" alt=\"OCCAE\" \/><\/figure>\n<figure><img decoding=\"async\" src=\"https:\/\/generales.uprrp.edu\/divulgacionfeg\/wp-content\/uploads\/sites\/23\/elementor\/thumbs\/foto20-pdr0ji9w0zt90chpfkyk7tlybnaestimic1dcfhc0k.jpg\" alt=\"OCCAE\" \/><\/figure>\n<figure><img decoding=\"async\" src=\"https:\/\/generales.uprrp.edu\/divulgacionfeg\/wp-content\/uploads\/sites\/23\/elementor\/thumbs\/foto21-pdr0jxbb2cdu63vuzrglbptbtt8a7z6bweh50uv190.jpg\" alt=\"OCCAE\" \/><\/figure>\n<figure><img decoding=\"async\" src=\"https:\/\/generales.uprrp.edu\/divulgacionfeg\/wp-content\/uploads\/sites\/23\/elementor\/thumbs\/foto22-pdr0kf68o72aap5x3h6i53b344s9a858auvd544jys.jpg\" alt=\"OCCAE\" \/><\/figure>\n<figure><img decoding=\"async\" src=\"https:\/\/generales.uprrp.edu\/divulgacionfeg\/wp-content\/uploads\/sites\/23\/elementor\/thumbs\/foto27-pdr0ltxix8zrpn46v34cvqhz6xu2tvqqhu3l221ams.jpg\" alt=\"OCCAE\" \/><\/figure>\n<figure><img decoding=\"async\" src=\"https:\/\/generales.uprrp.edu\/divulgacionfeg\/wp-content\/uploads\/sites\/23\/elementor\/thumbs\/9215EC6A-CC53-4E14-A734-1821FA8B0FA2-Jose-Torres-scaled-pf5bf5ej9y98alzs110qexsf1dzbtjthj082k36ln8.jpg\" alt=\"CROEV\" \/><\/figure>\n<figure><img decoding=\"async\" src=\"https:\/\/generales.uprrp.edu\/divulgacionfeg\/wp-content\/uploads\/sites\/23\/elementor\/thumbs\/IMG_20210922_132854-Carmen-A-Pantoja-Pantoja-pf5bhx1fee1mh9z1v836r8na08c8hgt18pdjff2vbo.jpg\" alt=\"Liceo Talagante, Chile\" \/><\/figure>\n<figure><img decoding=\"async\" src=\"https:\/\/generales.uprrp.edu\/divulgacionfeg\/wp-content\/uploads\/sites\/23\/elementor\/thumbs\/IMG_20210922_140446-Carmen-A-Pantoja-Pantoja-pf5bi1qmck823bs83s4blpgkz5p2jyboxcmytsvwgk.jpg\" alt=\"Liceo Talagante, Chile\" \/><\/figure>\n<figure><img decoding=\"async\" src=\"https:\/\/generales.uprrp.edu\/divulgacionfeg\/wp-content\/uploads\/sites\/23\/elementor\/thumbs\/IMG_20210922_140702-Carmen-A-Pantoja-Pantoja-pf5bi6ftaqehpdlecc5gg69vy31wmfuclzwe86oxlg.jpg\" alt=\"Liceo Talagante, Chile\" \/><\/figure>\n<figure><img decoding=\"async\" src=\"https:\/\/generales.uprrp.edu\/divulgacionfeg\/wp-content\/uploads\/sites\/23\/elementor\/thumbs\/IMG_20210922_140941-Carmen-A-Pantoja-Pantoja-pf5bi8bhoeh2clio1cypl5st4usn1u1ta97d6qm590.jpg\" alt=\"Liceo Talagante, Chile\" \/><\/figure>\n<figure><img decoding=\"async\" src=\"https:\/\/generales.uprrp.edu\/divulgacionfeg\/wp-content\/uploads\/sites\/23\/elementor\/thumbs\/IMG_20210922_141347-Carmen-A-Pantoja-Pantoja-pf5bib508wkxbfekkw6lan36x0eqoxd0an5tmkhyqc.jpg\" alt=\"Liceo Talagante, Chile\" \/><\/figure>\n<figure><img decoding=\"async\" src=\"https:\/\/generales.uprrp.edu\/divulgacionfeg\/wp-content\/uploads\/sites\/23\/elementor\/thumbs\/IMG_20210922_141721-Carmen-A-Pantoja-Pantoja-pf5bid0omknhynbu9wzufmm43s5h4bkgywgsl4f6dw.jpg\" alt=\"Liceo Talagante, Chile\" \/><\/figure>\n<figure><img decoding=\"async\" src=\"https:\/\/generales.uprrp.edu\/divulgacionfeg\/wp-content\/uploads\/sites\/23\/elementor\/thumbs\/IMG_20210922_212541-Carmen-A-Pantoja-Pantoja-pf5bihpvkqtxkp50ih0za3ff2pib6t34njq7zi87is.jpg\" alt=\"Liceo Talagante, Chile\" \/><\/figure>\n<figure><img decoding=\"async\" src=\"https:\/\/generales.uprrp.edu\/divulgacionfeg\/wp-content\/uploads\/sites\/23\/elementor\/thumbs\/20210922_121727_HDR-Annette-Ayala-pf5bgfgmku0a3i4vk2xgb46059obapwc1c6v2nab6c.jpg\" alt=\"Cacique Agueybana\" \/><\/figure>\n<figure><img decoding=\"async\" src=\"https:\/\/generales.uprrp.edu\/divulgacionfeg\/wp-content\/uploads\/sites\/23\/elementor\/thumbs\/Screenshot_20210930-135315-Annette-Ayala-pf5bkubcnu1qllq4shleii2wjdxcfkeyz6fx6eqrys.png\" alt=\"Cacique Agueybana\" \/><\/figure>\n<figure><img decoding=\"async\" src=\"https:\/\/generales.uprrp.edu\/divulgacionfeg\/wp-content\/uploads\/sites\/23\/elementor\/thumbs\/Screenshot_20210930-135329-Annette-Ayala1-pf5bl3pqk6eltpch9lno7fpih8n0kjgacgyrz6cu8k.png\" alt=\"Cacique Agueybana\" \/><\/figure>\n<figure><img decoding=\"async\" src=\"https:\/\/generales.uprrp.edu\/divulgacionfeg\/wp-content\/uploads\/sites\/23\/elementor\/thumbs\/Screenshot_20210930-135404-Annette-Ayala-pf5bl8exicl1fr5ni5ot1witg5zun0yy1487dk5vdg.png\" alt=\"Cacique Agueybana\" \/><\/figure>\n<p>\t\t\t\t\t\tPrevious<br \/>\n\t\t\t\t\t\tNext<\/p>\n<h4>Informaci\u00f3n \u00fatil para llevar a cabo el experimento, conocer m\u00e1s sobre Erat\u00f3stenes y registrar su escuela.<\/h4>\n<p><a href=\"https:\/\/adis.narit.or.th\/\">D\u00eda de la Astronom\u00eda en las Escuelas<\/a> &#8211; Informaci\u00f3n y p\u00e1gina de registro de la C1-IAU. (ingl\u00e9s)<\/p>\n<p><a href=\"http:\/\/eratosthenes.ea.gr\/\">Experimento de Erat\u00f3stenes<\/a> &#8211; P\u00e1gina y registro para evento coordinado en Grecia. (ingl\u00e9s)<\/p>\n<p><a href=\"https:\/\/df.uba.ar\/es\/difusion\/102-difusion-eventos\/8220-eratostenes-2021\">Proyecto Erat\u00f3stenes<\/a> &#8211; P\u00e1gina y registro para evento coordinado en Argentina. (espa\u00f1ol)<\/p>\n<p><a href=\"https:\/\/www.youtube.com\/watch?v=nT8ef6YI3Pk\">Cosmos cap\u00edtulo 1<\/a> &#8211; Carl Sagan explica el experimento (desde el minuto 19 al minuto 22). (espa\u00f1ol)<\/p>\n<p><a href=\"https:\/\/www.youtube.com\/watch?v=bcWWoXo37IQ\">Date un Voltio<\/a> &#8211; Javier Santaolalla nos explica c\u00f3mo hacer el experimento de Erat\u00f3stenes. (espa\u00f1ol)<\/p>\n<p><a href=\"https:\/\/www.youtube.com\/watch?v=rIF6Vj6pVNg\">MITK12Videos<\/a> &#8211; Video de MIT sobre los c\u00e1clulos de Erat\u00f3stenes para la circunferencia de la Tierra. (ingl\u00e9s)<\/p>\n<p><a href=\"https:\/\/www.youtube.com\/watch?v=8On7yCU1EjQ\"> IBM film &#8220;Mathematics Peepshow&#8221;<\/a> &#8211; video sobre Erathostenes (ingl\u00e9s)<\/p>\n<p><a href=\"http:\/\/www.esrl.noaa.gov\/gmd\/grad\/solcalc\/\">NOAA Sol sobre el Cenit<\/a> &#8211; Calcula la hora en la que el Sol estar\u00e1 en el cenit para tu localidad.<\/p>\n<p><a href=\"https:\/\/alokm.com\/zsd.html\">Zero Shadow Days<\/a> &#8211; Calcula los d\u00edas y horas del d\u00eda del Sol Cenital en el mundo.<\/p>\n<h4>Instituciones y organizaciones participantes al D\u00eda de la Astronom\u00eda en las Escuelas en Puerto Rico 2021 realizando el Experimento de Erat\u00f3stenes.<\/h4>\n<p>1. Esc. Superior Ileana de Gracia, Vega Alta<br \/>2. Esc. Superior Lola Rodr\u00edguez de Ti\u00f3<br \/>3. Esc. Superior Luis Negr\u00f3n L\u00f3pez<br \/>4. Esc. Superior Monserrate Le\u00f3n de Irizarry<br \/>5. Escuela Superior de la Universidad de Puerto Rico<br \/>6. Esc. Superior El Faro Christian Academy<br \/>7. Esc. Superior Manuel M\u00e9ndez Liciaga<br \/>8. Esc. Elemental Abelardo Diaz Morales<br \/>9. Esc. Superior Dr. Heriberto Domenech<br \/>10. Esc. Superior Cacique Agueybana<br \/>11. Esc. Superior Tomas Maso Rivera<br \/>Universidad Interamericana San German<br \/>12. OCCAE Organizaci\u00f3n de Astronom\u00eda Aficionalda<br \/>13. Esc. Superior Tom\u00e1s Maso Rivera<br \/>14. Esc. Elemental American Military Academy<br \/>15. Esc. Superior Jos\u00e9 Emilio Lugo Ponce de Le\u00f3n<br \/>16. Esc. Superior Centro Residencial de Oportunidades Educativas de Villalba<br \/>17. Esc. Superior Ana Roque<br \/>18. Esc. Elemental Rafael Pont Flores<br \/>19. Esc. Superior Vocacional de Ponce<br \/>20. Esc. Intermedia y Superior Colegio C.E.T. Myrang<br \/>21. Universidad de Puerto Rico, Cayey<br \/>22. Colegio San Antonio de Padua, R\u00edo Piedras<br \/>23. Universidad de Puerto Rico, R\u00edo Piedras<br \/>24. Caribbean University. Bayam\u00f3n<\/p>\n","protected":false},"excerpt":{"rendered":"<p>D\u00cdA DE LA ASTRONOM\u00cdA EN LAS ESCUELAS 22 DE SEPTIEMBRE 2021 La Comisi\u00f3n C1 de la Uni\u00f3n Astron\u00f3mica Internacional promueve la educaci\u00f3n de las astronom\u00eda en las escuelas. La C1-IAU desea que las diversas pr\u00e1cticas de ense\u00f1anza de la astronom\u00eda se compartan de forma global. En particular este a\u00f1o se desea celebrar durante el equinoccio<\/p>\n","protected":false},"author":28,"featured_media":0,"parent":0,"menu_order":0,"comment_status":"closed","ping_status":"closed","template":"","meta":{"footnotes":""},"class_list":["post-353","page","type-page","status-publish"],"_links":{"self":[{"href":"https:\/\/generales.uprrp.edu\/divulgacionfeg\/wp-json\/wp\/v2\/pages\/353","targetHints":{"allow":["GET"]}}],"collection":[{"href":"https:\/\/generales.uprrp.edu\/divulgacionfeg\/wp-json\/wp\/v2\/pages"}],"about":[{"href":"https:\/\/generales.uprrp.edu\/divulgacionfeg\/wp-json\/wp\/v2\/types\/page"}],"author":[{"embeddable":true,"href":"https:\/\/generales.uprrp.edu\/divulgacionfeg\/wp-json\/wp\/v2\/users\/28"}],"replies":[{"embeddable":true,"href":"https:\/\/generales.uprrp.edu\/divulgacionfeg\/wp-json\/wp\/v2\/comments?post=353"}],"version-history":[{"count":57,"href":"https:\/\/generales.uprrp.edu\/divulgacionfeg\/wp-json\/wp\/v2\/pages\/353\/revisions"}],"predecessor-version":[{"id":603,"href":"https:\/\/generales.uprrp.edu\/divulgacionfeg\/wp-json\/wp\/v2\/pages\/353\/revisions\/603"}],"wp:attachment":[{"href":"https:\/\/generales.uprrp.edu\/divulgacionfeg\/wp-json\/wp\/v2\/media?parent=353"}],"curies":[{"name":"wp","href":"https:\/\/api.w.org\/{rel}","templated":true}]}}