{"id":23,"date":"2020-01-03T18:40:36","date_gmt":"2020-01-03T22:40:36","guid":{"rendered":"http:\/\/generales.uprrp.edu\/divulgacionfeg\/?page_id=23"},"modified":"2020-04-18T17:29:54","modified_gmt":"2020-04-18T21:29:54","slug":"contacto","status":"publish","type":"page","link":"https:\/\/generales.uprrp.edu\/divulgacionfeg\/contacto\/","title":{"rendered":"Contacto"},"content":{"rendered":"<p>Dra. Mayra E. Lebr\u00f3n Santos<br \/>\nCoordinadora<\/p>\n<p><strong>Direcci\u00f3n postal:<\/strong><br \/>\nProyecto de Divulgaci\u00f3n Cient\u00edfica<br \/>\nCIFI-FEG<br \/>\nUniversidad de Puerto Rico Recinto de R\u00edo Piedras<br \/>\n14 Ave. Universidad Ste. 1401<br \/>\nSan Juan, PR 00925-253<\/p>\n<p><strong>Tel\u00e9fono:<\/strong><br \/>\n787-764-0000 ext. 88704<\/p>\n<p><strong>Correo electr\u00f3nico:<\/strong><br \/>\ndivulgacion.cientifica@upr.edu<\/p>\n","protected":false},"excerpt":{"rendered":"<p>Dra. Mayra E. Lebr\u00f3n Santos Coordinadora Direcci\u00f3n postal: Proyecto de Divulgaci\u00f3n Cient\u00edfica CIFI-FEG Universidad de Puerto Rico Recinto de R\u00edo Piedras 14 Ave. Universidad Ste. 1401 San Juan, PR 00925-253 Tel\u00e9fono: 787-764-0000 ext. 88704 Correo electr\u00f3nico: divulgacion.cientifica@upr.edu<\/p>\n","protected":false},"author":28,"featured_media":0,"parent":0,"menu_order":0,"comment_status":"closed","ping_status":"closed","template":"","meta":{"footnotes":""},"class_list":["post-23","page","type-page","status-publish"],"_links":{"self":[{"href":"https:\/\/generales.uprrp.edu\/divulgacionfeg\/wp-json\/wp\/v2\/pages\/23","targetHints":{"allow":["GET"]}}],"collection":[{"href":"https:\/\/generales.uprrp.edu\/divulgacionfeg\/wp-json\/wp\/v2\/pages"}],"about":[{"href":"https:\/\/generales.uprrp.edu\/divulgacionfeg\/wp-json\/wp\/v2\/types\/page"}],"author":[{"embeddable":true,"href":"https:\/\/generales.uprrp.edu\/divulgacionfeg\/wp-json\/wp\/v2\/users\/28"}],"replies":[{"embeddable":true,"href":"https:\/\/generales.uprrp.edu\/divulgacionfeg\/wp-json\/wp\/v2\/comments?post=23"}],"version-history":[{"count":4,"href":"https:\/\/generales.uprrp.edu\/divulgacionfeg\/wp-json\/wp\/v2\/pages\/23\/revisions"}],"predecessor-version":[{"id":238,"href":"https:\/\/generales.uprrp.edu\/divulgacionfeg\/wp-json\/wp\/v2\/pages\/23\/revisions\/238"}],"wp:attachment":[{"href":"https:\/\/generales.uprrp.edu\/divulgacionfeg\/wp-json\/wp\/v2\/media?parent=23"}],"curies":[{"name":"wp","href":"https:\/\/api.w.org\/{rel}","templated":true}]}}