{"id":20,"date":"2020-01-03T18:40:36","date_gmt":"2020-01-03T22:40:36","guid":{"rendered":"http:\/\/generales.uprrp.edu\/divulgacionfeg\/?page_id=20"},"modified":"2021-10-26T16:30:36","modified_gmt":"2021-10-26T20:30:36","slug":"noticias","status":"publish","type":"page","link":"https:\/\/generales.uprrp.edu\/divulgacionfeg\/noticias\/","title":{"rendered":"Noticias"},"content":{"rendered":"<p><a href=\"https:\/\/docs.google.com\/forms\/d\/e\/1FAIpQLSfshN5AZ0efRZzYtZeilWET6hY-GZc0-8VMmn_j2glS_PnEJg\/viewform\"><br \/>\n\t\t\t\t\t\t\t<img decoding=\"async\" width=\"708\" height=\"917\" src=\"https:\/\/generales.uprrp.edu\/divulgacionfeg\/wp-content\/uploads\/sites\/23\/2021\/10\/Dia-Poster-2021-791x1024.jpg\" alt=\"\" loading=\"lazy\" \/>\t\t\t\t\t\t\t\t<\/a><\/p>\n<h3>D\u00eda de la F\u00edsica &#8211; 30 de octubre 2021<\/h3>\n<p>La Sociedad Nacional de F\u00edsicos Hispanos (NSHP, siglas en ingl\u00e9s) celebra el 30 de octubre el D\u00eda de la F\u00edsica. Para ello llevar\u00e1n acabo conferncias y paneles informativos. El programa de la actividad est\u00e1 <a href=\"http:\/\/hispanicphysicists.org\/dia_agenda\/\"><strong>aqu\u00ed.<\/strong><\/a> La actividad es gratiuta y en l\u00ednea. Requiere <a href=\"https:\/\/docs.google.com\/forms\/d\/e\/1FAIpQLSfshN5AZ0efRZzYtZeilWET6hY-GZc0-8VMmn_j2glS_PnEJg\/viewform\"><strong>registro<\/strong><\/a>.<\/p>\n","protected":false},"excerpt":{"rendered":"<p>D\u00eda de la F\u00edsica &#8211; 30 de octubre 2021 La Sociedad Nacional de F\u00edsicos Hispanos (NSHP, siglas en ingl\u00e9s) celebra el 30 de octubre el D\u00eda de la F\u00edsica. Para ello llevar\u00e1n acabo conferncias y paneles informativos. El programa de la actividad est\u00e1 aqu\u00ed. La actividad es gratiuta y en l\u00ednea. Requiere registro.<\/p>\n","protected":false},"author":28,"featured_media":0,"parent":0,"menu_order":0,"comment_status":"closed","ping_status":"closed","template":"","meta":{"footnotes":""},"class_list":["post-20","page","type-page","status-publish"],"_links":{"self":[{"href":"https:\/\/generales.uprrp.edu\/divulgacionfeg\/wp-json\/wp\/v2\/pages\/20","targetHints":{"allow":["GET"]}}],"collection":[{"href":"https:\/\/generales.uprrp.edu\/divulgacionfeg\/wp-json\/wp\/v2\/pages"}],"about":[{"href":"https:\/\/generales.uprrp.edu\/divulgacionfeg\/wp-json\/wp\/v2\/types\/page"}],"author":[{"embeddable":true,"href":"https:\/\/generales.uprrp.edu\/divulgacionfeg\/wp-json\/wp\/v2\/users\/28"}],"replies":[{"embeddable":true,"href":"https:\/\/generales.uprrp.edu\/divulgacionfeg\/wp-json\/wp\/v2\/comments?post=20"}],"version-history":[{"count":10,"href":"https:\/\/generales.uprrp.edu\/divulgacionfeg\/wp-json\/wp\/v2\/pages\/20\/revisions"}],"predecessor-version":[{"id":615,"href":"https:\/\/generales.uprrp.edu\/divulgacionfeg\/wp-json\/wp\/v2\/pages\/20\/revisions\/615"}],"wp:attachment":[{"href":"https:\/\/generales.uprrp.edu\/divulgacionfeg\/wp-json\/wp\/v2\/media?parent=20"}],"curies":[{"name":"wp","href":"https:\/\/api.w.org\/{rel}","templated":true}]}}