{"id":19,"date":"2020-01-03T18:40:36","date_gmt":"2020-01-03T22:40:36","guid":{"rendered":"http:\/\/generales.uprrp.edu\/divulgacionfeg\/?page_id=19"},"modified":"2021-10-29T15:47:36","modified_gmt":"2021-10-29T19:47:36","slug":"nosotros","status":"publish","type":"page","link":"https:\/\/generales.uprrp.edu\/divulgacionfeg\/nosotros\/","title":{"rendered":"Nosotros"},"content":{"rendered":"<p>Proyecto de Divulgaci\u00f3n Cient\u00edfica del Departamento de Ciencias F\u00edsicas de la\u00a0 FEG<\/p>\n<p>El Departamento de Ciencias F\u00edsicas tiene como parte de su misi\u00f3n &#8220;Promover la divulgaci\u00f3n del conocimiento cient\u00edfico mediante actividades espec\u00edficas cuyo prop\u00f3sito es elevar el nivel cient\u00edfico tecnol\u00f3gico de la poblaci\u00f3n en general, as\u00ed como cerrar la brecha entre el quehacer de la comunidad cient\u00edfica y el p\u00fablico.&#8221;<\/p>\n<p>Con ese esp\u00edritu es que el Proyecto de Divulgaci\u00f3n Cient\u00edfica enfoca sus esfuerzos.<\/p>\n<p>Objetivos<\/p>\n<p>1. Fortalecer la cultura cient\u00edfica de los habitantes de Puerto Rico.<br \/>\n2. Generar actividades para el p\u00fablico general que promuevan la comprensi\u00f3n del mundo desde una perspectiva cient\u00edfica.<br \/>\n3. Estimular la toma de decisiones informada.<br \/>\n4. Fomentar el inter\u00e9s y aprecio por la ciencia.<br \/>\n5. Generar contenido de calidad y relevancia para las comunidades.<br \/>\n6. Ser el eje de la formaci\u00f3n de los divulgadores cient\u00edficos en Puerto Rico.<br \/>\n7. Promover las iniciativas de divulgaci\u00f3n cient\u00edfica en Puerto Rico.<br \/>\n8. Propiciar la participaci\u00f3n de Puerto Rico en eventos globales de divulgaci\u00f3n cient\u00edfica.<br \/>\n9. Establecer y mantener v\u00ednculos de colaboraci\u00f3n con instituciones en y fuera de Puerto Rico.<br \/>\n10. Propiciar el di\u00e1logo y la colaboraci\u00f3n entre las diversas organizaciones locales que contribuyen a la divulgaci\u00f3n de la ciencia.<br \/>\n11. Promover la responsabilidad social de nuestros estudiantes.<\/p>\n<p>&nbsp;<\/p>\n","protected":false},"excerpt":{"rendered":"<p>Proyecto de Divulgaci\u00f3n Cient\u00edfica del Departamento de Ciencias F\u00edsicas de la\u00a0 FEG El Departamento de Ciencias F\u00edsicas tiene como parte de su misi\u00f3n &#8220;Promover la divulgaci\u00f3n del conocimiento cient\u00edfico mediante actividades espec\u00edficas cuyo prop\u00f3sito es elevar el nivel cient\u00edfico tecnol\u00f3gico de la poblaci\u00f3n en general, as\u00ed como cerrar la brecha entre el quehacer de la<\/p>\n","protected":false},"author":28,"featured_media":0,"parent":0,"menu_order":0,"comment_status":"closed","ping_status":"closed","template":"","meta":{"footnotes":""},"class_list":["post-19","page","type-page","status-publish"],"_links":{"self":[{"href":"https:\/\/generales.uprrp.edu\/divulgacionfeg\/wp-json\/wp\/v2\/pages\/19","targetHints":{"allow":["GET"]}}],"collection":[{"href":"https:\/\/generales.uprrp.edu\/divulgacionfeg\/wp-json\/wp\/v2\/pages"}],"about":[{"href":"https:\/\/generales.uprrp.edu\/divulgacionfeg\/wp-json\/wp\/v2\/types\/page"}],"author":[{"embeddable":true,"href":"https:\/\/generales.uprrp.edu\/divulgacionfeg\/wp-json\/wp\/v2\/users\/28"}],"replies":[{"embeddable":true,"href":"https:\/\/generales.uprrp.edu\/divulgacionfeg\/wp-json\/wp\/v2\/comments?post=19"}],"version-history":[{"count":4,"href":"https:\/\/generales.uprrp.edu\/divulgacionfeg\/wp-json\/wp\/v2\/pages\/19\/revisions"}],"predecessor-version":[{"id":635,"href":"https:\/\/generales.uprrp.edu\/divulgacionfeg\/wp-json\/wp\/v2\/pages\/19\/revisions\/635"}],"wp:attachment":[{"href":"https:\/\/generales.uprrp.edu\/divulgacionfeg\/wp-json\/wp\/v2\/media?parent=19"}],"curies":[{"name":"wp","href":"https:\/\/api.w.org\/{rel}","templated":true}]}}