{"id":188,"date":"2020-01-15T10:18:40","date_gmt":"2020-01-15T14:18:40","guid":{"rendered":"http:\/\/generales.uprrp.edu\/divulgacionfeg\/?page_id=188"},"modified":"2021-09-16T18:19:20","modified_gmt":"2021-09-16T22:19:20","slug":"charlas-publica","status":"publish","type":"page","link":"https:\/\/generales.uprrp.edu\/divulgacionfeg\/charlas-publica\/","title":{"rendered":"Charlas p\u00fablica"},"content":{"rendered":"<p>El Departamento de Ciencias F\u00edsicas organiza charlas p\u00fablicas para el p\u00fablico general. La ciencia es cultura. La cultura cient\u00edfica de los pueblos solo se puede aumentar manteniendo un di\u00e1logo continuo sobre ella.<\/p>\n<p>Debido a la emergencia del covid-19 no estaremos llevando a cabo charlas p\u00fablicas presenciales hasta nuevo aviso.<\/p>\n<h2>Charlas 2019<\/h2>\n<figure><img decoding=\"async\" src=\"https:\/\/generales.uprrp.edu\/divulgacionfeg\/wp-content\/uploads\/sites\/23\/2020\/01\/invitacion_flyer-791x1024.jpg\" alt=\"invitacion_flyer\" \/><\/figure>\n<figure><img decoding=\"async\" src=\"https:\/\/generales.uprrp.edu\/divulgacionfeg\/wp-content\/uploads\/sites\/23\/2020\/01\/Poster_Dale_Ferguson_4feb2019-663x1024.jpg\" alt=\"Poster_Dale_Ferguson_4feb2019\" \/><\/figure>\n<figure><img decoding=\"async\" src=\"https:\/\/generales.uprrp.edu\/divulgacionfeg\/wp-content\/uploads\/sites\/23\/2020\/01\/conversatorio-planetas-724x1024.jpg\" alt=\"conversatorio-planetas\" \/><\/figure>\n<figure><img decoding=\"async\" src=\"https:\/\/generales.uprrp.edu\/divulgacionfeg\/wp-content\/uploads\/sites\/23\/2020\/01\/IMG_0005-5.jpg\" alt=\"IMG_0005 (5)\" \/><\/figure>\n<figure><img decoding=\"async\" src=\"https:\/\/generales.uprrp.edu\/divulgacionfeg\/wp-content\/uploads\/sites\/23\/2020\/01\/Afiche-Exoplanetas-extraterrestres-y-la-paradoja-de-Fermi-small2-663x1024.jpg\" alt=\"Afiche Exoplanetas, extraterrestres y la paradoja de Fermi-small2\" \/><\/figure>\n<figure><img decoding=\"async\" src=\"https:\/\/generales.uprrp.edu\/divulgacionfeg\/wp-content\/uploads\/sites\/23\/2020\/01\/Cartel-La-Tabla-Peri\u00f3dica-150-A\u00f1os-05-Noviembre-2019-662x1024.jpg\" alt=\"Cartel - La Tabla Peri\u00f3dica 150 A\u00f1os - 05 Noviembre 2019\" \/><\/figure>\n<p>\t\t\t\t\t\tPrevious<br \/>\n\t\t\t\t\t\tNext<\/p>\n<h2>Charlas 2018<\/h2>\n<figure><img decoding=\"async\" src=\"https:\/\/generales.uprrp.edu\/divulgacionfeg\/wp-content\/uploads\/sites\/23\/2020\/01\/GW-Kalogera-Ledger-Paper-Size-663x1024.jpg\" alt=\"GW-Kalogera-Ledger-Paper-Size\" \/><\/figure>\n<figure><img decoding=\"async\" src=\"https:\/\/generales.uprrp.edu\/divulgacionfeg\/wp-content\/uploads\/sites\/23\/2020\/04\/TERREMOTO-en-PR-1918_edited-r1-1024x696.jpg\" alt=\"TERREMOTO en PR 1918_edited-r1\" \/><\/figure>\n<figure><img decoding=\"async\" src=\"https:\/\/generales.uprrp.edu\/divulgacionfeg\/wp-content\/uploads\/sites\/23\/2020\/04\/Invitaci\u00f3n-Jornada-en-Conservaci\u00f3n-11-de-octubre-2018A.jpg\" alt=\"Invitaci\u00f3n Jornada en Conservaci\u00f3n 11 de octubre 2018A\" \/><\/figure>\n<figure><img decoding=\"async\" src=\"https:\/\/generales.uprrp.edu\/divulgacionfeg\/wp-content\/uploads\/sites\/23\/2020\/04\/Invitaci\u00f3n-Jornada-en-Conservaci\u00f3n-11-de-octubre-2018B.jpg\" alt=\"Invitaci\u00f3n Jornada en Conservaci\u00f3n 11 de octubre 2018B\" \/><\/figure>\n<p>\t\t\t\t\t\tPrevious<br \/>\n\t\t\t\t\t\tNext<\/p>\n<h2>Charlas 2016<\/h2>\n<p>\t\t\t\t\t\t\t\t\t\t\t\t\t\t\t<img decoding=\"async\" width=\"480\" height=\"360\" src=\"https:\/\/generales.uprrp.edu\/divulgacionfeg\/wp-content\/uploads\/sites\/23\/2020\/04\/image.png\" alt=\"\" loading=\"lazy\" \/>\t\t\t\t\t\t\t\t\t\t\t\t\t\t\t<\/p>\n<h2>Charlas 2015<\/h2>\n<figure><img decoding=\"async\" src=\"https:\/\/generales.uprrp.edu\/divulgacionfeg\/wp-content\/uploads\/sites\/23\/2020\/01\/HitoshiAJBR306-791x1024.jpg\" alt=\"HitoshiAJBR306\" \/><\/figure>\n<figure><img decoding=\"async\" src=\"https:\/\/generales.uprrp.edu\/divulgacionfeg\/wp-content\/uploads\/sites\/23\/2020\/01\/InesRodriguez-791x1024.jpg\" alt=\"InesRodriguez\" \/><\/figure>\n<figure><img decoding=\"async\" src=\"https:\/\/generales.uprrp.edu\/divulgacionfeg\/wp-content\/uploads\/sites\/23\/2020\/01\/JulietaFierro-791x1024.jpg\" alt=\"JulietaFierro\" \/><\/figure>\n<figure><img decoding=\"async\" src=\"https:\/\/generales.uprrp.edu\/divulgacionfeg\/wp-content\/uploads\/sites\/23\/2020\/04\/PROMO-GaN2015vBH-1024x791.jpg\" alt=\"PROMO-GaN2015vBH\" \/><\/figure>\n<figure><img decoding=\"async\" src=\"https:\/\/generales.uprrp.edu\/divulgacionfeg\/wp-content\/uploads\/sites\/23\/2020\/04\/flyeroficial-663x1024.jpg\" alt=\"flyeroficial\" \/><\/figure>\n<figure><img decoding=\"async\" src=\"https:\/\/generales.uprrp.edu\/divulgacionfeg\/wp-content\/uploads\/sites\/23\/2020\/04\/Einstein-1915-teoria-de-la-relatividad-663x1024.jpg\" alt=\"Einstein 1915 teoria de la relatividad\" \/><\/figure>\n<p>\t\t\t\t\t\tPrevious<br \/>\n\t\t\t\t\t\tNext<\/p>\n<h2>Charlas 2014<\/h2>\n<figure><img decoding=\"async\" src=\"https:\/\/generales.uprrp.edu\/divulgacionfeg\/wp-content\/uploads\/sites\/23\/2020\/04\/cofi-662x1024.jpg\" alt=\"cofi\" \/><\/figure>\n<figure><img decoding=\"async\" src=\"https:\/\/generales.uprrp.edu\/divulgacionfeg\/wp-content\/uploads\/sites\/23\/2020\/04\/Preservacio\u0301n-cascos-urbanos2014-663x1024.jpg\" alt=\"Preservacio\u0301n cascos urbanos2014\" \/><\/figure>\n<figure><img decoding=\"async\" src=\"https:\/\/generales.uprrp.edu\/divulgacionfeg\/wp-content\/uploads\/sites\/23\/2020\/04\/Discovering-the-oldest-piece-of-Earth-1-622x1024.jpg\" alt=\"Discovering the oldest piece of Earth-1\" \/><\/figure>\n<figure><img decoding=\"async\" src=\"https:\/\/generales.uprrp.edu\/divulgacionfeg\/wp-content\/uploads\/sites\/23\/2020\/04\/Flyersample4fuego-805x1024.jpg\" alt=\"Flyersample4fuego\" \/><\/figure>\n<figure><img decoding=\"async\" src=\"https:\/\/generales.uprrp.edu\/divulgacionfeg\/wp-content\/uploads\/sites\/23\/2021\/09\/CambioClimaticoGlobal-2014-small-1.jpg\" alt=\"CambioClimaticoGlobal-2014-small\" \/><\/figure>\n<figure><img decoding=\"async\" src=\"https:\/\/generales.uprrp.edu\/divulgacionfeg\/wp-content\/uploads\/sites\/23\/2020\/04\/CartelLasSupernovas-663x1024.jpg\" alt=\"CartelLasSupernovas\" \/><\/figure>\n<p>\t\t\t\t\t\tPrevious<br \/>\n\t\t\t\t\t\tNext<\/p>\n<h2>Charlas 3013<\/h2>\n<p>\t\t\t\t\t\t\t\t\t\t\t\t\t\t\t<img decoding=\"async\" width=\"663\" height=\"1024\" src=\"https:\/\/generales.uprrp.edu\/divulgacionfeg\/wp-content\/uploads\/sites\/23\/2020\/04\/100-a\u00f1os-del-\u00c1tomo-de-Bohr-663x1024.jpg\" alt=\"\" loading=\"lazy\" \/><\/p>\n","protected":false},"excerpt":{"rendered":"<p>El Departamento de Ciencias F\u00edsicas organiza charlas p\u00fablicas para el p\u00fablico general. La ciencia es cultura. La cultura cient\u00edfica de los pueblos solo se puede aumentar manteniendo un di\u00e1logo continuo sobre ella. Debido a la emergencia del covid-19 no estaremos llevando a cabo charlas p\u00fablicas presenciales hasta nuevo aviso. Charlas 2019 Previous Next Charlas 2018<\/p>\n","protected":false},"author":28,"featured_media":0,"parent":0,"menu_order":0,"comment_status":"closed","ping_status":"closed","template":"page-blocks.php","meta":{"footnotes":""},"class_list":["post-188","page","type-page","status-publish"],"_links":{"self":[{"href":"https:\/\/generales.uprrp.edu\/divulgacionfeg\/wp-json\/wp\/v2\/pages\/188","targetHints":{"allow":["GET"]}}],"collection":[{"href":"https:\/\/generales.uprrp.edu\/divulgacionfeg\/wp-json\/wp\/v2\/pages"}],"about":[{"href":"https:\/\/generales.uprrp.edu\/divulgacionfeg\/wp-json\/wp\/v2\/types\/page"}],"author":[{"embeddable":true,"href":"https:\/\/generales.uprrp.edu\/divulgacionfeg\/wp-json\/wp\/v2\/users\/28"}],"replies":[{"embeddable":true,"href":"https:\/\/generales.uprrp.edu\/divulgacionfeg\/wp-json\/wp\/v2\/comments?post=188"}],"version-history":[{"count":76,"href":"https:\/\/generales.uprrp.edu\/divulgacionfeg\/wp-json\/wp\/v2\/pages\/188\/revisions"}],"predecessor-version":[{"id":511,"href":"https:\/\/generales.uprrp.edu\/divulgacionfeg\/wp-json\/wp\/v2\/pages\/188\/revisions\/511"}],"wp:attachment":[{"href":"https:\/\/generales.uprrp.edu\/divulgacionfeg\/wp-json\/wp\/v2\/media?parent=188"}],"curies":[{"name":"wp","href":"https:\/\/api.w.org\/{rel}","templated":true}]}}