{"id":18716,"date":"2025-07-03T19:12:46","date_gmt":"2025-07-03T19:12:46","guid":{"rendered":"https:\/\/generales.uprrp.edu\/cret\/?page_id=18716"},"modified":"2025-07-03T19:15:38","modified_gmt":"2025-07-03T19:15:38","slug":"vision-y-mision","status":"publish","type":"page","link":"https:\/\/generales.uprrp.edu\/cret\/vision-y-mision\/","title":{"rendered":"Visi\u00f3n y misi\u00f3n"},"content":{"rendered":"\t\t<div data-elementor-type=\"wp-page\" data-elementor-id=\"18716\" class=\"elementor elementor-18716\">\n\t\t\t\t\t\t<section class=\"elementor-section elementor-top-section elementor-element elementor-element-459f7bc elementor-section-boxed elementor-section-height-default elementor-section-height-default\" data-id=\"459f7bc\" data-element_type=\"section\" data-e-type=\"section\">\n\t\t\t\t\t\t<div class=\"elementor-container elementor-column-gap-default\">\n\t\t\t\t\t<div class=\"elementor-column elementor-col-100 elementor-top-column elementor-element elementor-element-e29fd44\" data-id=\"e29fd44\" data-element_type=\"column\" data-e-type=\"column\">\n\t\t\t<div class=\"elementor-widget-wrap elementor-element-populated\">\n\t\t\t\t\t\t<div class=\"elementor-element elementor-element-1d6b86f elementor-widget elementor-widget-text-editor\" data-id=\"1d6b86f\" data-element_type=\"widget\" data-e-type=\"widget\" data-widget_type=\"text-editor.default\">\n\t\t\t\t<div class=\"elementor-widget-container\">\n\t\t\t\t\t\t\t\t\t<h5 class=\"p1\">Visi\u00f3n:<\/h5><p class=\"p1\">El Centro de Recursos Educativos y Tecnol\u00f3gicos de la Facultad de Estudios Generales tiene como visi\u00f3n el contribuir al mejoramiento del proceso de ense\u00f1anza-aprendizaje mediante la integraci\u00f3n de diversos recursos tecnol\u00f3gicos a la experiencia educativa.<\/p><h5 class=\"p1\">Misi\u00f3n:<\/h5><p class=\"p1\">El Centro de Recursos Educativos y Tecnol\u00f3gicos de la Facultad de Estudios Generales tiene como misi\u00f3n aportar servicios y recursos esenciales para proveer una experiencia acad\u00e9mica de calidad, interdisciplinaria e integradora para sus estudiantes. Adem\u00e1s, en este esfuerzo genera iniciativas de desarrollo de los miembros de la facultad profundizando en su preparaci\u00f3n como docentes. Concebimos al Centro de Recursos Educativos y Tecnol\u00f3gicos como un centro de actividad acad\u00e9mica y de creaci\u00f3n educativa donde se ofrecen servicios esenciales para la efectividad del encuentro educativo.<\/p>\t\t\t\t\t\t\t\t<\/div>\n\t\t\t\t<\/div>\n\t\t\t\t\t<\/div>\n\t\t<\/div>\n\t\t\t\t\t<\/div>\n\t\t<\/section>\n\t\t\t\t<\/div>\n\t\t","protected":false},"excerpt":{"rendered":"<p>Visi\u00f3n: El Centro de Recursos Educativos y Tecnol\u00f3gicos de la Facultad de Estudios Generales tiene como visi\u00f3n el contribuir al mejoramiento del proceso de ense\u00f1anza-aprendizaje mediante la integraci\u00f3n de diversos recursos tecnol\u00f3gicos a la experiencia educativa. Misi\u00f3n: El Centro de &hellip; <\/p>\n","protected":false},"author":11,"featured_media":0,"parent":0,"menu_order":0,"comment_status":"closed","ping_status":"closed","template":"","meta":{"footnotes":""},"class_list":["post-18716","page","type-page","status-publish","hentry"],"_links":{"self":[{"href":"https:\/\/generales.uprrp.edu\/cret\/wp-json\/wp\/v2\/pages\/18716","targetHints":{"allow":["GET"]}}],"collection":[{"href":"https:\/\/generales.uprrp.edu\/cret\/wp-json\/wp\/v2\/pages"}],"about":[{"href":"https:\/\/generales.uprrp.edu\/cret\/wp-json\/wp\/v2\/types\/page"}],"author":[{"embeddable":true,"href":"https:\/\/generales.uprrp.edu\/cret\/wp-json\/wp\/v2\/users\/11"}],"replies":[{"embeddable":true,"href":"https:\/\/generales.uprrp.edu\/cret\/wp-json\/wp\/v2\/comments?post=18716"}],"version-history":[{"count":4,"href":"https:\/\/generales.uprrp.edu\/cret\/wp-json\/wp\/v2\/pages\/18716\/revisions"}],"predecessor-version":[{"id":18720,"href":"https:\/\/generales.uprrp.edu\/cret\/wp-json\/wp\/v2\/pages\/18716\/revisions\/18720"}],"wp:attachment":[{"href":"https:\/\/generales.uprrp.edu\/cret\/wp-json\/wp\/v2\/media?parent=18716"}],"curies":[{"name":"wp","href":"https:\/\/api.w.org\/{rel}","templated":true}]}}