{"id":18552,"date":"2023-09-21T19:34:33","date_gmt":"2023-09-21T19:34:33","guid":{"rendered":"https:\/\/generales.uprrp.edu\/cret\/?page_id=18552"},"modified":"2025-07-02T13:55:57","modified_gmt":"2025-07-02T13:55:57","slug":"personal-del-cret","status":"publish","type":"page","link":"https:\/\/generales.uprrp.edu\/cret\/personal-del-cret\/","title":{"rendered":"Personal del CRET"},"content":{"rendered":"\t\t<div data-elementor-type=\"wp-page\" data-elementor-id=\"18552\" class=\"elementor elementor-18552\">\n\t\t\t\t\t\t<section class=\"elementor-section elementor-top-section elementor-element elementor-element-bd06a93 elementor-section-boxed elementor-section-height-default elementor-section-height-default\" data-id=\"bd06a93\" data-element_type=\"section\" data-e-type=\"section\">\n\t\t\t\t\t\t<div class=\"elementor-container elementor-column-gap-default\">\n\t\t\t\t\t<div class=\"elementor-column elementor-col-33 elementor-top-column elementor-element elementor-element-d35b10c\" data-id=\"d35b10c\" data-element_type=\"column\" data-e-type=\"column\">\n\t\t\t<div class=\"elementor-widget-wrap elementor-element-populated\">\n\t\t\t\t\t\t<div class=\"elementor-element elementor-element-e4f2436 elementor-widget elementor-widget-image\" data-id=\"e4f2436\" data-element_type=\"widget\" data-e-type=\"widget\" data-widget_type=\"image.default\">\n\t\t\t\t<div class=\"elementor-widget-container\">\n\t\t\t\t\t\t\t\t\t\t\t\t\t\t\t<img fetchpriority=\"high\" decoding=\"async\" width=\"640\" height=\"640\" src=\"https:\/\/generales.uprrp.edu\/cret\/wp-content\/uploads\/sites\/30\/2024\/02\/AdobeStock_728148075-1024x1024.jpeg\" class=\"attachment-large size-large wp-image-18614\" alt=\"\" srcset=\"https:\/\/generales.uprrp.edu\/cret\/wp-content\/uploads\/sites\/30\/2024\/02\/AdobeStock_728148075-1024x1024.jpeg 1024w, https:\/\/generales.uprrp.edu\/cret\/wp-content\/uploads\/sites\/30\/2024\/02\/AdobeStock_728148075-300x300.jpeg 300w, https:\/\/generales.uprrp.edu\/cret\/wp-content\/uploads\/sites\/30\/2024\/02\/AdobeStock_728148075-150x150.jpeg 150w, https:\/\/generales.uprrp.edu\/cret\/wp-content\/uploads\/sites\/30\/2024\/02\/AdobeStock_728148075-768x768.jpeg 768w, https:\/\/generales.uprrp.edu\/cret\/wp-content\/uploads\/sites\/30\/2024\/02\/AdobeStock_728148075-1536x1536.jpeg 1536w, https:\/\/generales.uprrp.edu\/cret\/wp-content\/uploads\/sites\/30\/2024\/02\/AdobeStock_728148075.jpeg 2048w\" sizes=\"(max-width: 640px) 100vw, 640px\" \/>\t\t\t\t\t\t\t\t\t\t\t\t\t\t\t<\/div>\n\t\t\t\t<\/div>\n\t\t\t\t\t<\/div>\n\t\t<\/div>\n\t\t\t\t<div class=\"elementor-column elementor-col-33 elementor-top-column elementor-element elementor-element-90618d5\" data-id=\"90618d5\" data-element_type=\"column\" data-e-type=\"column\">\n\t\t\t<div class=\"elementor-widget-wrap elementor-element-populated\">\n\t\t\t\t\t\t<div class=\"elementor-element elementor-element-4e20550 elementor-widget__width-initial elementor-widget elementor-widget-text-editor\" data-id=\"4e20550\" data-element_type=\"widget\" data-e-type=\"widget\" data-widget_type=\"text-editor.default\">\n\t\t\t\t<div class=\"elementor-widget-container\">\n\t\t\t\t\t\t\t\t\t<h4>\u00c1rea de Recursos Tecnol\u00f3gicos, Circulaci\u00f3n y Reproducci\u00f3n<\/h4><p><em>Gilberto Mojica Garc\u00eda<\/em><br \/>Director del CRET<br \/>(787) 764-0000, Ext. 88642<br \/>gilberto.mojica@upr.edu<\/p><p><em>Gustavo F. Rosario Rosario<\/em><br \/>Asistente Administrativo III<br \/>(787) 764-0000, Ext. 88646<br \/>gustavo.rosario@upr.edu<\/p><h4>Servicios al Usuario<\/h4><p><em>Jos\u00e9 J. Rodr\u00edguez Col\u00f3n<\/em><br \/>T\u00e9cnico de Laboratorio I<br \/>(787) 764-0000, Ext. 88643<br \/>jose.rodriguez148@upr.edu<\/p>\t\t\t\t\t\t\t\t<\/div>\n\t\t\t\t<\/div>\n\t\t\t\t\t<\/div>\n\t\t<\/div>\n\t\t\t\t<div class=\"elementor-column elementor-col-33 elementor-top-column elementor-element elementor-element-5204098\" data-id=\"5204098\" data-element_type=\"column\" data-e-type=\"column\">\n\t\t\t<div class=\"elementor-widget-wrap elementor-element-populated\">\n\t\t\t\t\t\t<div class=\"elementor-element elementor-element-30a8a3f elementor-widget elementor-widget-text-editor\" data-id=\"30a8a3f\" data-element_type=\"widget\" data-e-type=\"widget\" data-widget_type=\"text-editor.default\">\n\t\t\t\t<div class=\"elementor-widget-container\">\n\t\t\t\t\t\t\t\t\t<h4>\u00c1rea de Producci\u00f3n y Artes Gr\u00e1ficas<\/h4><p><em>Edwin T. P\u00e9rez Castro\u00a0<\/em><br \/>T\u00e9cnico de Artes Gr\u00e1ficas<br \/>edwin.perez18@upr.edu<br \/>(787) 764-0000, Ext. 88645<\/p><p><em>Carlos R. Echevarr\u00eda Tirado, M.A.<\/em><br \/>T\u00e9cnico de Producci\u00f3n Audiovisual<br \/>carlos.echevarria5@upr.edu<br \/>(787) 764-0000, Ext. 88644<\/p>\t\t\t\t\t\t\t\t<\/div>\n\t\t\t\t<\/div>\n\t\t\t\t\t<\/div>\n\t\t<\/div>\n\t\t\t\t\t<\/div>\n\t\t<\/section>\n\t\t\t\t<\/div>\n\t\t","protected":false},"excerpt":{"rendered":"<p>\u00c1rea de Recursos Tecnol\u00f3gicos, Circulaci\u00f3n y Reproducci\u00f3n Gilberto Mojica Garc\u00eda Director del CRET (787) 764-0000, Ext. 88642 gilberto.mojica@upr.edu Gustavo F. Rosario Rosario Asistente Administrativo III (787) 764-0000, Ext. 88646 gustavo.rosario@upr.edu Servicios al Usuario Jos\u00e9 J. Rodr\u00edguez Col\u00f3n T\u00e9cnico de Laboratorio &hellip; <\/p>\n","protected":false},"author":11,"featured_media":0,"parent":0,"menu_order":0,"comment_status":"closed","ping_status":"closed","template":"","meta":{"footnotes":""},"class_list":["post-18552","page","type-page","status-publish","hentry"],"_links":{"self":[{"href":"https:\/\/generales.uprrp.edu\/cret\/wp-json\/wp\/v2\/pages\/18552","targetHints":{"allow":["GET"]}}],"collection":[{"href":"https:\/\/generales.uprrp.edu\/cret\/wp-json\/wp\/v2\/pages"}],"about":[{"href":"https:\/\/generales.uprrp.edu\/cret\/wp-json\/wp\/v2\/types\/page"}],"author":[{"embeddable":true,"href":"https:\/\/generales.uprrp.edu\/cret\/wp-json\/wp\/v2\/users\/11"}],"replies":[{"embeddable":true,"href":"https:\/\/generales.uprrp.edu\/cret\/wp-json\/wp\/v2\/comments?post=18552"}],"version-history":[{"count":26,"href":"https:\/\/generales.uprrp.edu\/cret\/wp-json\/wp\/v2\/pages\/18552\/revisions"}],"predecessor-version":[{"id":18691,"href":"https:\/\/generales.uprrp.edu\/cret\/wp-json\/wp\/v2\/pages\/18552\/revisions\/18691"}],"wp:attachment":[{"href":"https:\/\/generales.uprrp.edu\/cret\/wp-json\/wp\/v2\/media?parent=18552"}],"curies":[{"name":"wp","href":"https:\/\/api.w.org\/{rel}","templated":true}]}}