{"id":18544,"date":"2023-09-21T19:31:21","date_gmt":"2023-09-21T19:31:21","guid":{"rendered":"https:\/\/generales.uprrp.edu\/cret\/?page_id=18544"},"modified":"2025-07-03T13:51:38","modified_gmt":"2025-07-03T13:51:38","slug":"servicios-del-cret","status":"publish","type":"page","link":"https:\/\/generales.uprrp.edu\/cret\/servicios-del-cret\/","title":{"rendered":"Servicios del CRET"},"content":{"rendered":"\t\t<div data-elementor-type=\"wp-page\" data-elementor-id=\"18544\" class=\"elementor elementor-18544\">\n\t\t\t\t\t\t<section class=\"elementor-section elementor-top-section elementor-element elementor-element-744c2fa elementor-section-boxed elementor-section-height-default elementor-section-height-default\" data-id=\"744c2fa\" data-element_type=\"section\" data-e-type=\"section\">\n\t\t\t\t\t\t<div class=\"elementor-container elementor-column-gap-default\">\n\t\t\t\t\t<div class=\"elementor-column elementor-col-66 elementor-top-column elementor-element elementor-element-246a50f\" data-id=\"246a50f\" data-element_type=\"column\" data-e-type=\"column\">\n\t\t\t<div class=\"elementor-widget-wrap elementor-element-populated\">\n\t\t\t\t\t\t<div class=\"elementor-element elementor-element-732fa77 elementor-widget elementor-widget-text-editor\" data-id=\"732fa77\" data-element_type=\"widget\" data-e-type=\"widget\" data-widget_type=\"text-editor.default\">\n\t\t\t\t<div class=\"elementor-widget-container\">\n\t\t\t\t\t\t\t\t\t<p>El CRET se divide en tres \u00e1reas de servicio: Recursos Tecnol\u00f3gicos, Circulaci\u00f3n y Reproducci\u00f3n, Producci\u00f3n y Artes Gr\u00e1ficas, y Servicios t\u00e9cnicos al usuario.<\/p><p><strong>\u00c1rea de Recursos Tecnol\u00f3gicos, Circulaci\u00f3n y Reproducci\u00f3n.\u00a0<\/strong>Localizada en DMN 226, segundo piso de la Facultad. Provee servicios de circulaci\u00f3n de equipo y material did\u00e1ctico en la sala de clases. Su prop\u00f3sito primordial es hacer accesibles las instalaciones f\u00edsicas, los equipos y materiales de aprendizaje, es decir, los recursos educativos adecuados. Estos servicios son los m\u00e1s solicitados de toda la Facultad, ya que est\u00e1n vinculados directamente a la sala de clases. Administra y mantiene un inventario b\u00e1sico de equipos, entre los que se incluyen laptops, video proyectores, grabadoras, sistemas de amplificaci\u00f3n de sonido, entre otros.<\/p><p><strong>Ofrece los servicios de:<\/strong><\/p><ul><li>Pr\u00e9stamo de equipo audiovisual<\/li><li>Asesoramiento y servicios de referencia a los usuarios sobre los materiales y equipos disponibles, y su utilizaci\u00f3n correcta<\/li><li>Digitalizaci\u00f3n de documentos e im\u00e1genes.<\/li><li>Reproducci\u00f3n de documentos acad\u00e9micos<\/li><\/ul><p><strong>\u00a0<\/strong><\/p><p><strong>\u00c1rea de Producci\u00f3n de Artes Gr\u00e1ficas y Multimedios.\u00a0<\/strong>&#8211; Ubicada en DMN 225, segundo piso de la Facultad. Desde aqu\u00ed se administran los servicios de artes gr\u00e1ficas, la producci\u00f3n de materiales multimedios y el asesoramiento en el desarrollo de proyectos especiales con la Facultad. Los servicios de artes gr\u00e1ficas deben solicitarse utilizando el formulario para estos prop\u00f3sitos. Los proyectos especiales se coordinar\u00e1n con la oficina del CRET.<\/p><p><strong>Ofrece los servicios de:<\/strong><\/p><ul><li>Dise\u00f1o, planificaci\u00f3n y producci\u00f3n de una variedad de materiales instruccionales, gr\u00e1ficos, fotogr\u00e1ficos y multimedios para prop\u00f3sitos acad\u00e9micos y de divulgaci\u00f3n. Ej.: afiches promocionales, ilustraciones, op\u00fasculos informativos, hojas sueltas, folletos, artes para p\u00e1ginas electr\u00f3nicas, programas para actividades acad\u00e9micas, entre otros.<\/li><li>Dise\u00f1o y actualizaci\u00f3n de portales electr\u00f3nicos y espacios virtuales<\/li><li>Grabaciones de video y audio<\/li><li>Fotograf\u00eda digital<\/li><li>Ofrece servicios a los profesores de acuerdo con las necesidades de sus cursos.<\/li><li>En coordinaci\u00f3n con los profesores, el personal ofrece orientaciones a grupos de estudiantes, seg\u00fan la naturaleza del proyecto que est\u00e9n desarrollando, y colaboran en la preparaci\u00f3n de sus presentaciones en la sala de clases.<\/li><\/ul><p><strong>\u00a0<\/strong><\/p><p><strong>Servicios al Usuario<\/strong>\u00a0\u2013 Localizada en DMN 250, Segundo piso de la Facultad. Ofrece diferentes servicios al usuario en los que se destacan instalaci\u00f3n de programados, problemas t\u00e9cnicos que confronten los usuarios con computadoras y periferales, configuraciones, procesar el pedido de correos electr\u00f3nicos, entre otros. Adem\u00e1s, ofrece apoyo t\u00e9cnico al personal docente y al estudiantado de la Facultad en los cursos que integran el uso de las computadoras para desarrollar la escritura acad\u00e9mica y las competencias de investigaci\u00f3n.<\/p>\t\t\t\t\t\t\t\t<\/div>\n\t\t\t\t<\/div>\n\t\t\t\t\t<\/div>\n\t\t<\/div>\n\t\t\t\t<div class=\"elementor-column elementor-col-33 elementor-top-column elementor-element elementor-element-909775f\" data-id=\"909775f\" data-element_type=\"column\" data-e-type=\"column\">\n\t\t\t<div class=\"elementor-widget-wrap elementor-element-populated\">\n\t\t\t\t\t\t<div class=\"elementor-element elementor-element-785dbd6 elementor-widget elementor-widget-image\" data-id=\"785dbd6\" data-element_type=\"widget\" data-e-type=\"widget\" data-widget_type=\"image.default\">\n\t\t\t\t<div class=\"elementor-widget-container\">\n\t\t\t\t\t\t\t\t\t\t\t\t\t\t\t<img fetchpriority=\"high\" decoding=\"async\" width=\"640\" height=\"640\" src=\"https:\/\/generales.uprrp.edu\/cret\/wp-content\/uploads\/sites\/30\/2024\/02\/technology-1024x1024.png\" class=\"attachment-large size-large wp-image-18615\" alt=\"\" srcset=\"https:\/\/generales.uprrp.edu\/cret\/wp-content\/uploads\/sites\/30\/2024\/02\/technology-1024x1024.png 1024w, https:\/\/generales.uprrp.edu\/cret\/wp-content\/uploads\/sites\/30\/2024\/02\/technology-300x300.png 300w, https:\/\/generales.uprrp.edu\/cret\/wp-content\/uploads\/sites\/30\/2024\/02\/technology-150x150.png 150w, https:\/\/generales.uprrp.edu\/cret\/wp-content\/uploads\/sites\/30\/2024\/02\/technology-768x768.png 768w, https:\/\/generales.uprrp.edu\/cret\/wp-content\/uploads\/sites\/30\/2024\/02\/technology-1536x1536.png 1536w, https:\/\/generales.uprrp.edu\/cret\/wp-content\/uploads\/sites\/30\/2024\/02\/technology.png 2048w\" sizes=\"(max-width: 640px) 100vw, 640px\" \/>\t\t\t\t\t\t\t\t\t\t\t\t\t\t\t<\/div>\n\t\t\t\t<\/div>\n\t\t\t\t\t<\/div>\n\t\t<\/div>\n\t\t\t\t\t<\/div>\n\t\t<\/section>\n\t\t\t\t<\/div>\n\t\t","protected":false},"excerpt":{"rendered":"<p>El CRET se divide en tres \u00e1reas de servicio: Recursos Tecnol\u00f3gicos, Circulaci\u00f3n y Reproducci\u00f3n, Producci\u00f3n y Artes Gr\u00e1ficas, y Servicios t\u00e9cnicos al usuario. \u00c1rea de Recursos Tecnol\u00f3gicos, Circulaci\u00f3n y Reproducci\u00f3n.\u00a0Localizada en DMN 226, segundo piso de la Facultad. Provee servicios &hellip; <\/p>\n","protected":false},"author":11,"featured_media":0,"parent":0,"menu_order":0,"comment_status":"closed","ping_status":"closed","template":"","meta":{"footnotes":""},"class_list":["post-18544","page","type-page","status-publish","hentry"],"_links":{"self":[{"href":"https:\/\/generales.uprrp.edu\/cret\/wp-json\/wp\/v2\/pages\/18544","targetHints":{"allow":["GET"]}}],"collection":[{"href":"https:\/\/generales.uprrp.edu\/cret\/wp-json\/wp\/v2\/pages"}],"about":[{"href":"https:\/\/generales.uprrp.edu\/cret\/wp-json\/wp\/v2\/types\/page"}],"author":[{"embeddable":true,"href":"https:\/\/generales.uprrp.edu\/cret\/wp-json\/wp\/v2\/users\/11"}],"replies":[{"embeddable":true,"href":"https:\/\/generales.uprrp.edu\/cret\/wp-json\/wp\/v2\/comments?post=18544"}],"version-history":[{"count":22,"href":"https:\/\/generales.uprrp.edu\/cret\/wp-json\/wp\/v2\/pages\/18544\/revisions"}],"predecessor-version":[{"id":18711,"href":"https:\/\/generales.uprrp.edu\/cret\/wp-json\/wp\/v2\/pages\/18544\/revisions\/18711"}],"wp:attachment":[{"href":"https:\/\/generales.uprrp.edu\/cret\/wp-json\/wp\/v2\/media?parent=18544"}],"curies":[{"name":"wp","href":"https:\/\/api.w.org\/{rel}","templated":true}]}}