{"id":15509,"date":"2022-07-04T05:00:32","date_gmt":"2022-07-04T05:00:32","guid":{"rendered":"https:\/\/eduma.thimpress.com\/?page_id=15509"},"modified":"2025-07-03T19:57:30","modified_gmt":"2025-07-03T19:57:30","slug":"demo-university","status":"publish","type":"page","link":"https:\/\/generales.uprrp.edu\/cret\/","title":{"rendered":"Inicio"},"content":{"rendered":"\t\t<div data-elementor-type=\"wp-page\" data-elementor-id=\"15509\" class=\"elementor elementor-15509\">\n\t\t\t\t\t\t<section class=\"elementor-section elementor-top-section elementor-element elementor-element-37082a8 elementor-section-stretched elementor-section-full_width elementor-section-height-default elementor-section-height-default\" data-id=\"37082a8\" data-element_type=\"section\" data-e-type=\"section\" data-settings=\"{&quot;stretch_section&quot;:&quot;section-stretched&quot;}\">\n\t\t\t\t\t\t<div class=\"elementor-container elementor-column-gap-no\">\n\t\t\t\t\t<div class=\"elementor-column elementor-col-100 elementor-top-column elementor-element elementor-element-2a0920a\" data-id=\"2a0920a\" data-element_type=\"column\" data-e-type=\"column\">\n\t\t\t<div class=\"elementor-widget-wrap elementor-element-populated\">\n\t\t\t\t\t\t<div class=\"elementor-element elementor-element-53cad69 elementor-widget elementor-widget-shortcode\" data-id=\"53cad69\" data-element_type=\"widget\" data-e-type=\"widget\" data-widget_type=\"shortcode.default\">\n\t\t\t\t<div class=\"elementor-widget-container\">\n\t\t\t\t\t\t\t<div class=\"elementor-shortcode\">\n\t\t\t<!-- START Home University REVOLUTION SLIDER 6.7.36 --><p class=\"rs-p-wp-fix\"><\/p>\n\t\t\t<rs-module-wrap id=\"rev_slider_1_1_wrapper\" data-source=\"gallery\" style=\"visibility:hidden;background:transparent;padding:0;margin:0px auto;margin-top:0;margin-bottom:0;\">\n\t\t\t\t<rs-module id=\"rev_slider_1_1\" style=\"\" data-version=\"6.7.36\">\n\t\t\t\t\t<rs-slides style=\"overflow: hidden; position: absolute;\">\n\t\t\t\t\t\t<rs-slide style=\"position: absolute;\" data-key=\"rs-1\" data-title=\"Slide\" data-anim=\"adpr:false;\" data-in=\"o:0;\" data-out=\"a:false;\">\n\t\t\t\t\t\t\t<img fetchpriority=\"high\" decoding=\"async\" src=\"\/\/generales.uprrp.edu\/cret\/wp-content\/plugins\/revslider\/sr6\/assets\/assets\/dummy.png\" alt=\"\" title=\"Cloud,Technologies,For,Download,,Servers,And,Service.,Big,Data,Storage.\" width=\"2560\" height=\"1197\" class=\"rev-slidebg tp-rs-img rs-lazyload\" data-lazyload=\"\/\/generales.uprrp.edu\/cret\/wp-content\/uploads\/sites\/30\/2023\/03\/shutterstock_2135947491-scaled.jpg\" data-no-retina>\n<!--\n\t\t\t\t\t\t\t--><rs-layer\n\t\t\t\t\t\t\t\tid=\"slider-1-slide-1-layer-0\" \n\t\t\t\t\t\t\t\tdata-type=\"shape\"\n\t\t\t\t\t\t\t\tdata-rsp_ch=\"on\"\n\t\t\t\t\t\t\t\tdata-xy=\"yo:-5px,-5px,-5px,-1px;\"\n\t\t\t\t\t\t\t\tdata-text=\"w:normal;s:20,20,20,7;l:0,0,0,9;\"\n\t\t\t\t\t\t\t\tdata-dim=\"w:100%;h:100%;\"\n\t\t\t\t\t\t\t\tdata-basealign=\"slide\"\n\t\t\t\t\t\t\t\tdata-frame_1=\"st:250;sp:2000;\"\n\t\t\t\t\t\t\t\tdata-frame_999=\"o:0;st:w;\"\n\t\t\t\t\t\t\t\tstyle=\"z-index:8;background-color:rgba(0,0,0,0.3);\"\n\t\t\t\t\t\t\t> \n\t\t\t\t\t\t\t<\/rs-layer><!--\n\n\t\t\t\t\t\t\t--><rs-layer\n\t\t\t\t\t\t\t\tid=\"slider-1-slide-1-layer-1\" \n\t\t\t\t\t\t\t\tclass=\"thim-slider-sub-heading\"\n\t\t\t\t\t\t\t\tdata-type=\"text\"\n\t\t\t\t\t\t\t\tdata-color=\"rgba(252,252,252,1)\"\n\t\t\t\t\t\t\t\tdata-xy=\"x:l,l,l,c;xo:8px,8px,8px,0;y:m;yo:72px,72px,72px,-50px;\"\n\t\t\t\t\t\t\t\tdata-text=\"s:20,20,20,16;l:30;\"\n\t\t\t\t\t\t\t\tdata-dim=\"w:375.609px,375.609px,375.609px,auto;\"\n\t\t\t\t\t\t\t\tdata-rsp_o=\"off\"\n\t\t\t\t\t\t\t\tdata-rsp_bd=\"off\"\n\t\t\t\t\t\t\t\tdata-frame_0=\"o:1;\"\n\t\t\t\t\t\t\t\tdata-frame_0_chars=\"d:5;y:100%;o:1;rZ:-35deg;\"\n\t\t\t\t\t\t\t\tdata-frame_0_mask=\"u:t;\"\n\t\t\t\t\t\t\t\tdata-frame_1=\"e:power4.inOut;st:300;sp:1800;\"\n\t\t\t\t\t\t\t\tdata-frame_1_chars=\"d:5;\"\n\t\t\t\t\t\t\t\tdata-frame_1_mask=\"u:t;\"\n\t\t\t\t\t\t\t\tdata-frame_999=\"o:0;e:power2.in;st:w;sp:100;\"\n\t\t\t\t\t\t\t\tstyle=\"z-index:12;font-family:'Roboto';\"\n\t\t\t\t\t\t\t>FACULTAD DE ESTUDIOS GENERALES \n\t\t\t\t\t\t\t<\/rs-layer><!--\n\n\t\t\t\t\t\t\t--><h4\n\t\t\t\t\t\t\t\tid=\"slider-1-slide-1-layer-2\" \n\t\t\t\t\t\t\t\tclass=\"rs-layer thim-slider-heading\"\n\t\t\t\t\t\t\t\tdata-type=\"text\"\n\t\t\t\t\t\t\t\tdata-color=\"rgba(255,255,255,1)\"\n\t\t\t\t\t\t\t\tdata-xy=\"x:l,l,l,c;xo:7px,7px,7px,0;y:m;yo:37px,37px,37px,-5px;\"\n\t\t\t\t\t\t\t\tdata-text=\"s:50,50,50,40;l:70,70,70,50;fw:700,700,700,600;\"\n\t\t\t\t\t\t\t\tdata-rsp_o=\"off\"\n\t\t\t\t\t\t\t\tdata-rsp_bd=\"off\"\n\t\t\t\t\t\t\t\tdata-frame_0=\"o:1;\"\n\t\t\t\t\t\t\t\tdata-frame_0_chars=\"d:5;x:105%;o:1;rX:45deg;rY:0deg;rZ:90deg;\"\n\t\t\t\t\t\t\t\tdata-frame_0_mask=\"u:t;\"\n\t\t\t\t\t\t\t\tdata-frame_1=\"e:power4.inOut;st:201.875;sp:2000;\"\n\t\t\t\t\t\t\t\tdata-frame_1_chars=\"d:5;\"\n\t\t\t\t\t\t\t\tdata-frame_1_mask=\"u:t;\"\n\t\t\t\t\t\t\t\tdata-frame_999=\"o:0;e:power2.in;st:w;sp:100;\"\n\t\t\t\t\t\t\t\tstyle=\"z-index:9;font-family:'Roboto Slab';\"\n\t\t\t\t\t\t\t>Centro de Recursos Educativos y Tecnol\u00f3gicos \n\t\t\t\t\t\t\t<\/h4><!--\n\n\t\t\t\t\t\t\t--><rs-layer\n\t\t\t\t\t\t\t\tid=\"slider-1-slide-1-layer-4\" \n\t\t\t\t\t\t\t\tdata-type=\"text\"\n\t\t\t\t\t\t\t\tdata-color=\"rgba(191,185,184,1)\"\n\t\t\t\t\t\t\t\tdata-xy=\"x:c;y:b;yo:40px,40px,40px,50px;\"\n\t\t\t\t\t\t\t\tdata-text=\"s:16,16,16,14;l:16,16,16,14;\"\n\t\t\t\t\t\t\t\tdata-basealign=\"slide\"\n\t\t\t\t\t\t\t\tdata-rsp_o=\"off\"\n\t\t\t\t\t\t\t\tdata-rsp_bd=\"off\"\n\t\t\t\t\t\t\t\tdata-frame_1=\"e:power2.inOut;st:500;\"\n\t\t\t\t\t\t\t\tdata-frame_999=\"o:0;e:nothing;st:w;sp:100;\"\n\t\t\t\t\t\t\t\tstyle=\"z-index:11;font-family:'Roboto';cursor:pointer;\"\n\t\t\t\t\t\t\t><div class=\"thim-click-to-bottom\"><i class=\"fa  fa-chevron-down\"><\/i><\/div> \n\t\t\t\t\t\t\t<\/rs-layer><!--\n\n\t\t\t\t\t\t\t--><h4\n\t\t\t\t\t\t\t\tid=\"slider-1-slide-1-layer-10\" \n\t\t\t\t\t\t\t\tclass=\"rs-layer thim-slider-heading\"\n\t\t\t\t\t\t\t\tdata-type=\"text\"\n\t\t\t\t\t\t\t\tdata-color=\"rgba(255,255,255,1)\"\n\t\t\t\t\t\t\t\tdata-xy=\"x:l,l,l,c;y:m;yo:-18px,-18px,-18px,-5px;\"\n\t\t\t\t\t\t\t\tdata-text=\"s:100,100,100,40;l:70,70,70,50;fw:700,700,700,600;\"\n\t\t\t\t\t\t\t\tdata-rsp_o=\"off\"\n\t\t\t\t\t\t\t\tdata-rsp_bd=\"off\"\n\t\t\t\t\t\t\t\tdata-frame_0=\"o:1;\"\n\t\t\t\t\t\t\t\tdata-frame_0_chars=\"d:5;x:105%;o:1;rX:45deg;rY:0deg;rZ:90deg;\"\n\t\t\t\t\t\t\t\tdata-frame_0_mask=\"u:t;\"\n\t\t\t\t\t\t\t\tdata-frame_1=\"e:power4.inOut;st:201.875;sp:2000;\"\n\t\t\t\t\t\t\t\tdata-frame_1_chars=\"d:5;\"\n\t\t\t\t\t\t\t\tdata-frame_1_mask=\"u:t;\"\n\t\t\t\t\t\t\t\tdata-frame_999=\"o:0;e:power2.in;st:w;sp:100;\"\n\t\t\t\t\t\t\t\tstyle=\"z-index:9;font-family:'Roboto Slab';\"\n\t\t\t\t\t\t\t>CRET \n\t\t\t\t\t\t\t<\/h4><!--\n-->\t\t\t\t\t<\/rs-slide>\n\t\t\t\t\t<\/rs-slides>\n\t\t\t\t<\/rs-module>\n\t\t\t\t<script>\n\t\t\t\t\tsetREVStartSize({c: 'rev_slider_1_1',rl:[1240,1240,1240,480],el:[500,500,500,320],gw:[1240,1240,1240,481],gh:[500,500,500,320],type:'standard',justify:'',layout:'fullwidth',mh:\"0\"});if (window.RS_MODULES!==undefined && window.RS_MODULES.modules!==undefined && window.RS_MODULES.modules[\"revslider11\"]!==undefined) {window.RS_MODULES.modules[\"revslider11\"].once = false;window.revapi1 = undefined;if (window.RS_MODULES.checkMinimal!==undefined) window.RS_MODULES.checkMinimal()}\n\t\t\t\t<\/script>\n\t\t\t<\/rs-module-wrap>\n\t\t\t<!-- END REVOLUTION SLIDER -->\n<\/div>\n\t\t\t\t\t\t<\/div>\n\t\t\t\t<\/div>\n\t\t\t\t\t<\/div>\n\t\t<\/div>\n\t\t\t\t\t<\/div>\n\t\t<\/section>\n\t\t\t\t<section class=\"elementor-section elementor-top-section elementor-element elementor-element-507ea9b elementor-section-stretched elementor-section-boxed elementor-section-height-default elementor-section-height-default\" data-id=\"507ea9b\" data-element_type=\"section\" data-e-type=\"section\" data-settings=\"{&quot;stretch_section&quot;:&quot;section-stretched&quot;,&quot;background_background&quot;:&quot;classic&quot;}\">\n\t\t\t\t\t\t<div class=\"elementor-container elementor-column-gap-no\">\n\t\t\t\t\t<div class=\"elementor-column elementor-col-20 elementor-top-column elementor-element elementor-element-add1004\" data-id=\"add1004\" data-element_type=\"column\" data-e-type=\"column\">\n\t\t\t<div class=\"elementor-widget-wrap elementor-element-populated\">\n\t\t\t\t\t\t<div class=\"elementor-element elementor-element-ff94200 elementor-widget elementor-widget-thim-icon-box\" data-id=\"ff94200\" data-element_type=\"widget\" data-e-type=\"widget\" data-widget_type=\"thim-icon-box.default\">\n\t\t\t\t<div class=\"elementor-widget-container\">\n\t\t\t\t\t<div class=\"thim-widget-icon-box template-base\"><div class=\"wrapper-box-icon has_custom_image text-center \"   data-icon=\"#FFFFFF\"><div class=\"smicon-box iconbox-top\"><div class=\"boxes-icon\" style=\"height: 70px;\"><span class=\"inner-icon\"><span class=\"icon\"><i class=\"flaticon-technology-2\" style=\"color:#FFFFFF; font-size:45px; line-height:45px; vertical-align: middle;\"><\/i><\/span><\/span><\/div><div class=\"content-inner\" ><div class=\"sc-heading article_heading\"><h3 class = \"heading__primary\" style=\"color: #FFFFFF;font-size: 18px; line-height: 18px;font-weight: 700;\">Solicitudes de servicio<\/h3><\/div><\/div><\/div><!--end smicon-box--><\/div><\/div>\t\t\t\t<\/div>\n\t\t\t\t<\/div>\n\t\t\t\t\t<\/div>\n\t\t<\/div>\n\t\t\t\t<div class=\"elementor-column elementor-col-20 elementor-top-column elementor-element elementor-element-124a2cb\" data-id=\"124a2cb\" data-element_type=\"column\" data-e-type=\"column\">\n\t\t\t<div class=\"elementor-widget-wrap elementor-element-populated\">\n\t\t\t\t\t\t<div class=\"elementor-element elementor-element-ec4dbb9 elementor-widget elementor-widget-thim-icon-box\" data-id=\"ec4dbb9\" data-element_type=\"widget\" data-e-type=\"widget\" data-widget_type=\"thim-icon-box.default\">\n\t\t\t\t<div class=\"elementor-widget-container\">\n\t\t\t\t\t<div class=\"thim-widget-icon-box template-base\"><div class=\"wrapper-box-icon has_custom_image text-center \"   data-icon=\"#FFF\"><div class=\"smicon-box iconbox-top\"><div class=\"boxes-icon\" style=\"height: 70px;\"><a class=\"icon-box-link\" target=\"_self\" href=\"https:\/\/generales.uprrp.edu\/cret\/elementor-18649\/\" style=\"color: #FFFFFF;font-size: 18px; line-height: 18px;font-weight: 700;margin-bottom: 0px;\"><span class=\"inner-icon\"><span class=\"icon\"><i class=\"flaticon-learning-1\" style=\"color:#FFFFFF; font-size:45px; line-height:45px; vertical-align: middle;\"><\/i><\/span><\/span><\/a><\/div><div class=\"content-inner\" ><div class=\"sc-heading article_heading\"><h3 class = \"heading__primary\" style=\"color: #FFFFFF;font-size: 18px; line-height: 18px;font-weight: 700;margin-bottom: 0px;\"><a class=\"icon-box-link\" target=\"_self\" href=\"https:\/\/generales.uprrp.edu\/cret\/elementor-18649\/\" style=\"color: #FFFFFF;font-size: 18px; line-height: 18px;font-weight: 700;margin-bottom: 0px;\">Tutoriales<\/a><\/h3><\/div><\/div><\/div><!--end smicon-box--><\/div><\/div>\t\t\t\t<\/div>\n\t\t\t\t<\/div>\n\t\t\t\t\t<\/div>\n\t\t<\/div>\n\t\t\t\t<div class=\"elementor-column elementor-col-20 elementor-top-column elementor-element elementor-element-32533d9\" data-id=\"32533d9\" data-element_type=\"column\" data-e-type=\"column\">\n\t\t\t<div class=\"elementor-widget-wrap elementor-element-populated\">\n\t\t\t\t\t\t<div class=\"elementor-element elementor-element-19889f8 elementor-widget elementor-widget-thim-icon-box\" data-id=\"19889f8\" data-element_type=\"widget\" data-e-type=\"widget\" data-widget_type=\"thim-icon-box.default\">\n\t\t\t\t<div class=\"elementor-widget-container\">\n\t\t\t\t\t<div class=\"thim-widget-icon-box template-base\"><div class=\"wrapper-box-icon has_custom_image text-center \"   data-icon=\"#FFF\"><div class=\"smicon-box iconbox-top\"><div class=\"boxes-icon\" style=\"height: 70px;\"><a class=\"icon-box-link\" target=\"_blank\" href=\"https:\/\/www.canva.com\/design\/DAEnA-UY5hY\/DnMzpjE2yE_TetFBrbwk2A\/view?website#2\" style=\"color: #FFFFFF;font-size: 18px; line-height: 18px;font-weight: 700;margin-bottom: 0px;\"><span class=\"inner-icon\"><span class=\"icon\"><i class=\"flaticon-internet\" style=\"color:#FFFFFF; font-size:45px; line-height:45px; vertical-align: middle;\"><\/i><\/span><\/span><\/a><\/div><div class=\"content-inner\" ><div class=\"sc-heading article_heading\"><h3 class = \"heading__primary\" style=\"color: #FFFFFF;font-size: 18px; line-height: 18px;font-weight: 700;margin-bottom: 0px;\"><a class=\"icon-box-link\" target=\"_blank\" href=\"https:\/\/www.canva.com\/design\/DAEnA-UY5hY\/DnMzpjE2yE_TetFBrbwk2A\/view?website#2\" style=\"color: #FFFFFF;font-size: 18px; line-height: 18px;font-weight: 700;margin-bottom: 0px;\">C\u00f3mo autenticar tu cuenta de Microsoft<\/a><\/h3><\/div><\/div><\/div><!--end smicon-box--><\/div><\/div>\t\t\t\t<\/div>\n\t\t\t\t<\/div>\n\t\t\t\t\t<\/div>\n\t\t<\/div>\n\t\t\t\t<div class=\"elementor-column elementor-col-20 elementor-top-column elementor-element elementor-element-5df1688\" data-id=\"5df1688\" data-element_type=\"column\" data-e-type=\"column\">\n\t\t\t<div class=\"elementor-widget-wrap elementor-element-populated\">\n\t\t\t\t\t\t<div class=\"elementor-element elementor-element-b0e2fdb elementor-widget__width-initial elementor-widget elementor-widget-thim-icon-box\" data-id=\"b0e2fdb\" data-element_type=\"widget\" data-e-type=\"widget\" data-widget_type=\"thim-icon-box.default\">\n\t\t\t\t<div class=\"elementor-widget-container\">\n\t\t\t\t\t<div class=\"thim-widget-icon-box template-base\"><div class=\"wrapper-box-icon has_custom_image text-center \"   data-icon=\"#FFF\"><div class=\"smicon-box iconbox-top\"><div class=\"boxes-icon\" style=\"height: 70px;\"><a class=\"icon-box-link\" target=\"_blank\" href=\"https:\/\/support.microsoft.com\/es-es\/office\/aprendizaje-de-outlook-8a5b816d-9052-4190-a5eb-494512343cca?wt.mc_id=otc_home&ui=es-es&rs=es-es&ad=es\" style=\"color: #FFFFFF;font-size: 18px; line-height: 18px;font-weight: 700;margin-bottom: 0px;\"><span class=\"inner-icon\"><span class=\"icon\"><i class=\"flaticon-login\" style=\"color:#FFFFFF; font-size:45px; line-height:45px; vertical-align: middle;\"><\/i><\/span><\/span><\/a><\/div><div class=\"content-inner\" ><div class=\"sc-heading article_heading\"><h3 class = \"heading__primary\" style=\"color: #FFFFFF;font-size: 18px; line-height: 18px;font-weight: 700;margin-bottom: 0px;\"><a class=\"icon-box-link\" target=\"_blank\" href=\"https:\/\/support.microsoft.com\/es-es\/office\/aprendizaje-de-outlook-8a5b816d-9052-4190-a5eb-494512343cca?wt.mc_id=otc_home&ui=es-es&rs=es-es&ad=es\" style=\"color: #FFFFFF;font-size: 18px; line-height: 18px;font-weight: 700;margin-bottom: 0px;\">Tutoriales Outlook<\/a><\/h3><\/div><\/div><\/div><!--end smicon-box--><\/div><\/div>\t\t\t\t<\/div>\n\t\t\t\t<\/div>\n\t\t\t\t\t<\/div>\n\t\t<\/div>\n\t\t\t\t<div class=\"elementor-column elementor-col-20 elementor-top-column elementor-element elementor-element-e1c0237\" data-id=\"e1c0237\" data-element_type=\"column\" data-e-type=\"column\">\n\t\t\t<div class=\"elementor-widget-wrap elementor-element-populated\">\n\t\t\t\t\t\t<div class=\"elementor-element elementor-element-34bd759 elementor-widget__width-initial elementor-widget elementor-widget-thim-icon-box\" data-id=\"34bd759\" data-element_type=\"widget\" data-e-type=\"widget\" data-widget_type=\"thim-icon-box.default\">\n\t\t\t\t<div class=\"elementor-widget-container\">\n\t\t\t\t\t<div class=\"thim-widget-icon-box template-base\"><div class=\"wrapper-box-icon has_custom_image text-center \"   data-icon=\"#FFF\"><div class=\"smicon-box iconbox-top\"><div class=\"boxes-icon\" style=\"height: 70px;\"><a class=\"icon-box-link\" target=\"_blank\" href=\"https:\/\/uprrpmesadeayuda.on.spiceworks.com\/portal\/registrations\" style=\"color: #FFFFFF;font-size: 18px; line-height: 18px;font-weight: 700;margin-bottom: 0px;\"><span class=\"inner-icon\"><span class=\"icon\"><i class=\"flaticon-networking\" style=\"color:#FFFFFF; font-size:45px; line-height:45px; vertical-align: middle;\"><\/i><\/span><\/span><\/a><\/div><div class=\"content-inner\" ><div class=\"sc-heading article_heading\"><h3 class = \"heading__primary\" style=\"color: #FFFFFF;font-size: 18px; line-height: 18px;font-weight: 700;margin-bottom: 0px;\"><a class=\"icon-box-link\" target=\"_blank\" href=\"https:\/\/uprrpmesadeayuda.on.spiceworks.com\/portal\/registrations\" style=\"color: #FFFFFF;font-size: 18px; line-height: 18px;font-weight: 700;margin-bottom: 0px;\">asistencia recuperando clave wifi<\/a><\/h3><\/div><\/div><\/div><!--end smicon-box--><\/div><\/div>\t\t\t\t<\/div>\n\t\t\t\t<\/div>\n\t\t\t\t\t<\/div>\n\t\t<\/div>\n\t\t\t\t\t<\/div>\n\t\t<\/section>\n\t\t\t\t<section class=\"elementor-section elementor-top-section elementor-element elementor-element-dde11b6 elementor-section-boxed elementor-section-height-default elementor-section-height-default\" data-id=\"dde11b6\" data-element_type=\"section\" data-e-type=\"section\">\n\t\t\t\t\t\t<div class=\"elementor-container elementor-column-gap-default\">\n\t\t\t\t\t<div class=\"elementor-column elementor-col-100 elementor-top-column elementor-element elementor-element-5ee0246\" data-id=\"5ee0246\" data-element_type=\"column\" data-e-type=\"column\">\n\t\t\t<div class=\"elementor-widget-wrap elementor-element-populated\">\n\t\t\t\t\t\t<div class=\"elementor-element elementor-element-653a803 elementor-widget elementor-widget-spacer\" data-id=\"653a803\" data-element_type=\"widget\" data-e-type=\"widget\" data-widget_type=\"spacer.default\">\n\t\t\t\t<div class=\"elementor-widget-container\">\n\t\t\t\t\t\t\t<div class=\"elementor-spacer\">\n\t\t\t<div class=\"elementor-spacer-inner\"><\/div>\n\t\t<\/div>\n\t\t\t\t\t\t<\/div>\n\t\t\t\t<\/div>\n\t\t\t\t\t<\/div>\n\t\t<\/div>\n\t\t\t\t\t<\/div>\n\t\t<\/section>\n\t\t\t\t<section class=\"elementor-section elementor-top-section elementor-element elementor-element-da8d261 elementor-section-boxed elementor-section-height-default elementor-section-height-default\" data-id=\"da8d261\" data-element_type=\"section\" data-e-type=\"section\">\n\t\t\t\t\t\t<div class=\"elementor-container elementor-column-gap-default\">\n\t\t\t\t\t<div class=\"elementor-column elementor-col-33 elementor-top-column elementor-element elementor-element-3e3f8bf\" data-id=\"3e3f8bf\" data-element_type=\"column\" data-e-type=\"column\">\n\t\t\t<div class=\"elementor-widget-wrap elementor-element-populated\">\n\t\t\t\t\t\t<div class=\"elementor-element elementor-element-034ca16 elementor-widget elementor-widget-image\" data-id=\"034ca16\" data-element_type=\"widget\" data-e-type=\"widget\" data-widget_type=\"image.default\">\n\t\t\t\t<div class=\"elementor-widget-container\">\n\t\t\t\t\t\t\t\t\t\t\t\t\t\t\t<img decoding=\"async\" width=\"640\" height=\"349\" src=\"https:\/\/generales.uprrp.edu\/cret\/wp-content\/uploads\/sites\/30\/2025\/07\/logo-CRET-azul-oscuro-1024x559.png\" class=\"attachment-large size-large wp-image-18730\" alt=\"\" srcset=\"https:\/\/generales.uprrp.edu\/cret\/wp-content\/uploads\/sites\/30\/2025\/07\/logo-CRET-azul-oscuro-1024x559.png 1024w, https:\/\/generales.uprrp.edu\/cret\/wp-content\/uploads\/sites\/30\/2025\/07\/logo-CRET-azul-oscuro-300x164.png 300w, https:\/\/generales.uprrp.edu\/cret\/wp-content\/uploads\/sites\/30\/2025\/07\/logo-CRET-azul-oscuro-768x419.png 768w, https:\/\/generales.uprrp.edu\/cret\/wp-content\/uploads\/sites\/30\/2025\/07\/logo-CRET-azul-oscuro.png 1379w\" sizes=\"(max-width: 640px) 100vw, 640px\" \/>\t\t\t\t\t\t\t\t\t\t\t\t\t\t\t<\/div>\n\t\t\t\t<\/div>\n\t\t\t\t\t<\/div>\n\t\t<\/div>\n\t\t\t\t<div class=\"elementor-column elementor-col-66 elementor-top-column elementor-element elementor-element-9089950\" data-id=\"9089950\" data-element_type=\"column\" data-e-type=\"column\">\n\t\t\t<div class=\"elementor-widget-wrap elementor-element-populated\">\n\t\t\t\t\t\t<div class=\"elementor-element elementor-element-fecf0ec elementor-widget elementor-widget-text-editor\" data-id=\"fecf0ec\" data-element_type=\"widget\" data-e-type=\"widget\" data-widget_type=\"text-editor.default\">\n\t\t\t\t<div class=\"elementor-widget-container\">\n\t\t\t\t\t\t\t\t\t<p>El Centro de Recursos Educativos y Tecnol\u00f3gicos (CRET) se cre\u00f3 en el 1984 y es un mecanismo de apoyo a los programas acad\u00e9micos de la Facultad de Estudios Generales. Nuestro prop\u00f3sito principal es proveer servicio de apoyo a la docencia y a la investigaci\u00f3n de la Facultad que sirve a profesores, empleados, estudiantes y organizaciones estudiantiles.<\/p><p class=\"p1\">El CRET se conceptualiza como una comunidad de aprendizaje din\u00e1mico donde, a trav\u00e9s de diferentes ambientes educativos y variadas experiencias, se fortalecen los procesos de instrucci\u00f3n y de aprendizaje.<\/p>\t\t\t\t\t\t\t\t<\/div>\n\t\t\t\t<\/div>\n\t\t\t\t\t<\/div>\n\t\t<\/div>\n\t\t\t\t\t<\/div>\n\t\t<\/section>\n\t\t\t\t<section class=\"elementor-section elementor-top-section elementor-element elementor-element-28ed026 elementor-section-boxed elementor-section-height-default elementor-section-height-default\" data-id=\"28ed026\" data-element_type=\"section\" data-e-type=\"section\">\n\t\t\t\t\t\t<div class=\"elementor-container elementor-column-gap-default\">\n\t\t\t\t\t<div class=\"elementor-column elementor-col-100 elementor-top-column elementor-element elementor-element-d3bfb34\" data-id=\"d3bfb34\" data-element_type=\"column\" data-e-type=\"column\">\n\t\t\t<div class=\"elementor-widget-wrap elementor-element-populated\">\n\t\t\t\t\t\t<div class=\"elementor-element elementor-element-2b751cd elementor-widget elementor-widget-spacer\" data-id=\"2b751cd\" data-element_type=\"widget\" data-e-type=\"widget\" data-widget_type=\"spacer.default\">\n\t\t\t\t<div class=\"elementor-widget-container\">\n\t\t\t\t\t\t\t<div class=\"elementor-spacer\">\n\t\t\t<div class=\"elementor-spacer-inner\"><\/div>\n\t\t<\/div>\n\t\t\t\t\t\t<\/div>\n\t\t\t\t<\/div>\n\t\t\t\t\t<\/div>\n\t\t<\/div>\n\t\t\t\t\t<\/div>\n\t\t<\/section>\n\t\t\t\t<\/div>\n\t\t","protected":false},"excerpt":{"rendered":"<p>Solicitudes de servicio Tutoriales C\u00f3mo autenticar tu cuenta de Microsoft Tutoriales Outlook asistencia recuperando clave wifi El Centro de Recursos Educativos y Tecnol\u00f3gicos (CRET) se cre\u00f3 en el 1984 y es un mecanismo de apoyo a los programas acad\u00e9micos de &hellip; <\/p>\n","protected":false},"author":35,"featured_media":0,"parent":0,"menu_order":0,"comment_status":"closed","ping_status":"closed","template":"elementor_header_footer","meta":{"footnotes":""},"class_list":["post-15509","page","type-page","status-publish","hentry"],"_links":{"self":[{"href":"https:\/\/generales.uprrp.edu\/cret\/wp-json\/wp\/v2\/pages\/15509","targetHints":{"allow":["GET"]}}],"collection":[{"href":"https:\/\/generales.uprrp.edu\/cret\/wp-json\/wp\/v2\/pages"}],"about":[{"href":"https:\/\/generales.uprrp.edu\/cret\/wp-json\/wp\/v2\/types\/page"}],"author":[{"embeddable":true,"href":"https:\/\/generales.uprrp.edu\/cret\/wp-json\/wp\/v2\/users\/35"}],"replies":[{"embeddable":true,"href":"https:\/\/generales.uprrp.edu\/cret\/wp-json\/wp\/v2\/comments?post=15509"}],"version-history":[{"count":88,"href":"https:\/\/generales.uprrp.edu\/cret\/wp-json\/wp\/v2\/pages\/15509\/revisions"}],"predecessor-version":[{"id":18739,"href":"https:\/\/generales.uprrp.edu\/cret\/wp-json\/wp\/v2\/pages\/15509\/revisions\/18739"}],"wp:attachment":[{"href":"https:\/\/generales.uprrp.edu\/cret\/wp-json\/wp\/v2\/media?parent=15509"}],"curies":[{"name":"wp","href":"https:\/\/api.w.org\/{rel}","templated":true}]}}