{"id":994,"date":"2018-05-17T16:01:59","date_gmt":"2018-05-17T16:01:59","guid":{"rendered":"http:\/\/generales.uprrp.edu\/programa-mujer-genero\/?page_id=994"},"modified":"2023-09-01T17:32:08","modified_gmt":"2023-09-01T17:32:08","slug":"conferencia-magistral-nilita-vientos-gaston","status":"publish","type":"page","link":"https:\/\/generales.uprrp.edu\/concentracion-mujer-genero\/conferencia-magistral-nilita-vientos-gaston\/","title":{"rendered":"Conferencia Magistral Nilita Vient\u00f3s Gast\u00f3n"},"content":{"rendered":"<p style=\"text-align: right;\"><cite>Desde mis tiempos de estudiante, mi vida se ha regido por tres principios de tal calidad que los califico de virtudes: inconformidad con todo lo que debe mejorarse. Disidencia con todo lo que ofenda la dignidad humana y deba cambiarse. Entusiasmo sin l\u00edmites para luchar por los inconformes y los disidentes.<\/cite><\/p>\n<p style=\"text-align: right;\"><cite>Nilita Vient\u00f3s Gast\u00f3n<\/cite><\/p>\n<p style=\"text-align: center;\"><b><span lang=\"ES-TRAD\">Conferencia Distinguida Nilita Vient\u00f3s Gast\u00f3n<\/span><\/b><\/p>\n<p>El Comit\u00e9 Interfacultativo de la Concentraci\u00f3n Menor en Estudios de Mujer y G\u00e9nero aprob\u00f3 en su reuni\u00f3n del 7 de febrero de 2013 la instauraci\u00f3n de la C\u00e1tedra Nilita Vient\u00f3s Gast\u00f3n para honrar a investigadores e investigadoras, creadoras y creadores de las diversas disciplinas cuya obra incida en el campo de los estudios de g\u00e9nero. Por razones institucionales, a partir de su segunda edici\u00f3n, el nombre de la actividad ha sido Conferencia Distinguida Nilita Vient\u00f3s Gast\u00f3n.<\/p>\n<p style=\"padding-left: 30px;\">Con esta distinci\u00f3n celebramos el legado de una de nuestras m\u00e1s distinguidas intelectuales. L\u00facida y radical en su pensamiento, polifac\u00e9tica e interdisciplinaria en su practica e inconforme por vocaci\u00f3n, Nilita Vient\u00f3s Gast\u00f3n naci\u00f3 en San Sebasti\u00e1n en 1903 y muri\u00f3 en San Juan en 1989. En 1926 se gradu\u00f3 de Derecho en la Universidad de Puerto Rico y en 1948 obtuvo una beca de la Fundaci\u00f3n Rockefeller para estudiar literatura en Kenyon College, Ohio. Fue escritora, periodista, abogada y profesora. Impuls\u00f3 activamente el quehacer cultural en Puerto Rico, as\u00ed como el fortalecimiento del di\u00e1logo intelectual con el exterior. Se distingui\u00f3 por su est\u00edmulo activo a las nuevas generaciones de escritores, artistas pl\u00e1sticos e intelectuales.<\/p>\n<p style=\"padding-left: 30px;\">Fue una de las primeras mujeres abogadas de Puerto Rico y la primera contratada para trabajar en el Departamento de Estado. Como Procuradora General Auxiliar represent\u00f3, en 1965, al pueblo de Puerto Rico ante el Tribunal Supremo en uno de los casos de mayor trascendencia del siglo XX en Puerto Rico, el llamado \u201cPleito de la lengua\u201d, que garantiz\u00f3 el uso del espa\u00f1ol en los tribunales.<\/p>\n<p style=\"padding-left: 30px;\">A lo largo de su vida public\u00f3 seis libros \u2013<em>Introducci\u00f3n a Henry James<\/em> (1956), <em>Impresiones de un viaje<\/em> (1957), <em>\u00cdndice Cultural<\/em> (1962),<em> Comentarios a un ensayo sobre Puerto Rico<\/em> (1964), <em>El mundo de la infancia<\/em> (1984), y, p\u00f3stumamente, <em>Apuntes sobre teatro<\/em> (1989)\u2013 y m\u00faltiples art\u00edculos en peri\u00f3dicos y revistas de Puerto Rico y Am\u00e9rica Latina. Profunda amante de la ense\u00f1anza, imparti\u00f3 cursos y seminarios sobre teor\u00eda de la novela, sobre Proust, Henry James y Virginia Wolf en el Departamento Literatura Comparada. En 1986 la Universidad de Puerto Rico le confiri\u00f3 el Doctorado Honoris Causa.<\/p>\n<p style=\"padding-left: 30px;\">Entre sus innumerables contribuciones a la promoci\u00f3n de la actividad cultural en Puerto Rico, sobresale el que haya sido la primera mujer presidenta del Ateneo Puertorrique\u00f1o, puesto que ocup\u00f3 de 1946 a 1961, a\u00f1os durante los que esa instituci\u00f3n estuvo a la vanguardia de la actividad cultural en el pa\u00eds. Asimismo, fund\u00f3 y fue la primera presidenta del Pen Club de Puerto Rico y de ProArte Musical.<\/p>\n<p style=\"padding-left: 30px;\">No obstante, su contribuci\u00f3n m\u00e1s perdurable se encuentra en la revista<em> Asomante<\/em>, de la que se hizo cargo en 1945 convirti\u00e9ndola en un referente intelectual dentro y fuera de Puerto Rico. En 1970, imposibilitada de continuar utilizando ese nombre, retom\u00f3 su trabajo fundando una nueva revista, <em>Sin Nombre<\/em>, que dirigi\u00f3 hasta 1985. Durante cuarenta a\u00f1os estuvieron en sus manos dos de las revistas de cr\u00edtica literaria m\u00e1s prestigiosas de Am\u00e9rica Latina.<\/p>\n<p>La Concentraci\u00f3n Menor en Estudios de Mujer y G\u00e9nero honrar\u00e1 el legado de Nilita confiriendo la distinci\u00f3n que lleva su nombre e invitando a ofrecer una conferencia a una persona cuya obra se haya distinguido por su excelencia y por su relevancia para los estudios de g\u00e9nero.<\/p>\n<p><img fetchpriority=\"high\" decoding=\"async\" class=\"alignnone wp-image-1961\" src=\"https:\/\/generales.uprrp.edu\/concentracion-mujer-genero\/wp-content\/uploads\/sites\/10\/2023\/09\/Activismo-como-herramienta.jpeg\" alt=\"\" width=\"386\" height=\"289\" srcset=\"https:\/\/generales.uprrp.edu\/concentracion-mujer-genero\/wp-content\/uploads\/sites\/10\/2023\/09\/Activismo-como-herramienta.jpeg 1024w, https:\/\/generales.uprrp.edu\/concentracion-mujer-genero\/wp-content\/uploads\/sites\/10\/2023\/09\/Activismo-como-herramienta-300x225.jpeg 300w, https:\/\/generales.uprrp.edu\/concentracion-mujer-genero\/wp-content\/uploads\/sites\/10\/2023\/09\/Activismo-como-herramienta-150x112.jpeg 150w, https:\/\/generales.uprrp.edu\/concentracion-mujer-genero\/wp-content\/uploads\/sites\/10\/2023\/09\/Activismo-como-herramienta-450x337.jpeg 450w, https:\/\/generales.uprrp.edu\/concentracion-mujer-genero\/wp-content\/uploads\/sites\/10\/2023\/09\/Activismo-como-herramienta-768x575.jpeg 768w, https:\/\/generales.uprrp.edu\/concentracion-mujer-genero\/wp-content\/uploads\/sites\/10\/2023\/09\/Activismo-como-herramienta-300x225@2x.jpeg 600w\" sizes=\"(max-width: 386px) 100vw, 386px\" \/><\/p>\n<p style=\"text-align: center;\"><a href=\"https:\/\/drive.google.com\/open?id=16hx4g9oYzsgaocxYGVh1lGCANp8OEv7_\">Conferencia Distinguida 2018 Lic. Josefina &#8220;Josie&#8221; Pantoja Oquendo &#8211; &#8220;El activismo como herramienta para alcanzar la equidad de g\u00e9nero&#8221;<\/a><\/p>\n<p><img decoding=\"async\" class=\"alignnone wp-image-1963\" src=\"https:\/\/generales.uprrp.edu\/concentracion-mujer-genero\/wp-content\/uploads\/sites\/10\/2023\/09\/Cartografi\u0301as.png\" alt=\"\" width=\"325\" height=\"216\" srcset=\"https:\/\/generales.uprrp.edu\/concentracion-mujer-genero\/wp-content\/uploads\/sites\/10\/2023\/09\/Cartografi\u0301as.png 727w, https:\/\/generales.uprrp.edu\/concentracion-mujer-genero\/wp-content\/uploads\/sites\/10\/2023\/09\/Cartografi\u0301as-300x200.png 300w, https:\/\/generales.uprrp.edu\/concentracion-mujer-genero\/wp-content\/uploads\/sites\/10\/2023\/09\/Cartografi\u0301as-150x100.png 150w, https:\/\/generales.uprrp.edu\/concentracion-mujer-genero\/wp-content\/uploads\/sites\/10\/2023\/09\/Cartografi\u0301as-450x300.png 450w, https:\/\/generales.uprrp.edu\/concentracion-mujer-genero\/wp-content\/uploads\/sites\/10\/2023\/09\/Cartografi\u0301as-300x200@2x.png 600w\" sizes=\"(max-width: 325px) 100vw, 325px\" \/>\u00a0<img decoding=\"async\" class=\"wp-image-1007 aligncenter\" src=\"https:\/\/generales.uprrp.edu\/programa-mujer-genero\/wp-content\/uploads\/sites\/10\/2018\/05\/Screen-Shot-2018-05-17-at-1.06.51-PM-723x1024.png\" alt=\"\" width=\"372\" height=\"527\" srcset=\"https:\/\/generales.uprrp.edu\/concentracion-mujer-genero\/wp-content\/uploads\/sites\/10\/2018\/05\/Screen-Shot-2018-05-17-at-1.06.51-PM-723x1024.png 723w, https:\/\/generales.uprrp.edu\/concentracion-mujer-genero\/wp-content\/uploads\/sites\/10\/2018\/05\/Screen-Shot-2018-05-17-at-1.06.51-PM-212x300.png 212w, https:\/\/generales.uprrp.edu\/concentracion-mujer-genero\/wp-content\/uploads\/sites\/10\/2018\/05\/Screen-Shot-2018-05-17-at-1.06.51-PM.png 898w, https:\/\/generales.uprrp.edu\/concentracion-mujer-genero\/wp-content\/uploads\/sites\/10\/2018\/05\/Screen-Shot-2018-05-17-at-1.06.51-PM-212x300@2x.png 424w\" sizes=\"(max-width: 372px) 100vw, 372px\" \/><\/p>\n<p style=\"text-align: center;\"><a href=\"https:\/\/drive.google.com\/open?id=11fXl1WT-jn1fluzjlahkrTc5IOIZAded\">Conferencia Distinguida 2014 Marta Aponte Alsina &#8211; &#8220;Madre del fuego: la identidad caribe\u00f1a de William Carlos Williams&#8221;<\/a><\/p>\n<p>&nbsp;<\/p>\n<p>&nbsp;<\/p>\n","protected":false},"excerpt":{"rendered":"<p>Desde mis tiempos de estudiante, mi vida se ha regido por tres principios de tal calidad que los califico de virtudes: inconformidad con todo lo que debe mejorarse. Disidencia con todo lo que ofenda la dignidad humana y deba cambiarse. Entusiasmo sin l\u00edmites para luchar por los inconformes y los disidentes. Nilita Vient\u00f3s Gast\u00f3n Conferencia<\/p>\n","protected":false},"author":18,"featured_media":0,"parent":0,"menu_order":0,"comment_status":"closed","ping_status":"closed","template":"","meta":{"footnotes":""},"class_list":["post-994","page","type-page","status-publish"],"_links":{"self":[{"href":"https:\/\/generales.uprrp.edu\/concentracion-mujer-genero\/wp-json\/wp\/v2\/pages\/994","targetHints":{"allow":["GET"]}}],"collection":[{"href":"https:\/\/generales.uprrp.edu\/concentracion-mujer-genero\/wp-json\/wp\/v2\/pages"}],"about":[{"href":"https:\/\/generales.uprrp.edu\/concentracion-mujer-genero\/wp-json\/wp\/v2\/types\/page"}],"author":[{"embeddable":true,"href":"https:\/\/generales.uprrp.edu\/concentracion-mujer-genero\/wp-json\/wp\/v2\/users\/18"}],"replies":[{"embeddable":true,"href":"https:\/\/generales.uprrp.edu\/concentracion-mujer-genero\/wp-json\/wp\/v2\/comments?post=994"}],"version-history":[{"count":9,"href":"https:\/\/generales.uprrp.edu\/concentracion-mujer-genero\/wp-json\/wp\/v2\/pages\/994\/revisions"}],"predecessor-version":[{"id":1964,"href":"https:\/\/generales.uprrp.edu\/concentracion-mujer-genero\/wp-json\/wp\/v2\/pages\/994\/revisions\/1964"}],"wp:attachment":[{"href":"https:\/\/generales.uprrp.edu\/concentracion-mujer-genero\/wp-json\/wp\/v2\/media?parent=994"}],"curies":[{"name":"wp","href":"https:\/\/api.w.org\/{rel}","templated":true}]}}