{"id":930,"date":"2018-04-06T16:45:33","date_gmt":"2018-04-06T16:45:33","guid":{"rendered":"http:\/\/generales.uprrp.edu\/programa-mujer-genero\/?page_id=930"},"modified":"2025-09-10T18:36:07","modified_gmt":"2025-09-10T18:36:07","slug":"linea-de-tiempo-de-la-concentracion-en-estudios-de-mujer-y-genero","status":"publish","type":"page","link":"https:\/\/generales.uprrp.edu\/concentracion-mujer-genero\/datos-sobre-la-concentracion\/linea-de-tiempo-de-la-concentracion-en-estudios-de-mujer-y-genero\/","title":{"rendered":"L\u00ednea de Tiempo de la Concentraci\u00f3n en Estudios de Mujer y G\u00e9nero"},"content":{"rendered":"<p style=\"text-align: center;\">Puedes pulsar en algunas im\u00e1genes para redirigirte a los documentos.<\/p>\n<p>&nbsp;<\/p>\n<p style=\"text-align: center;\"><span style=\"color: #ff6600;\"><strong><a style=\"color: #ff6600;\" href=\"https:\/\/generales.uprrp.edu\/programa-mujer-genero\/wp-content\/uploads\/sites\/10\/2020\/11\/CTconCSA-64-2019-2020.pdf.pdf\">Propuesta de Concentraci\u00f3n Menor en Estudios de Mujer y G\u00e9nero <\/a><\/strong><\/span><span style=\"color: #ff6600;\"><strong><a style=\"color: #ff6600;\" href=\"https:\/\/generales.uprrp.edu\/programa-mujer-genero\/wp-content\/uploads\/sites\/10\/2020\/11\/CTconCSA-64-2019-2020.pdf.pdf\">del Bachillerato en Artes en Estudios Generales<\/a><\/strong><\/span><\/p>\n<p style=\"text-align: center;\"><a href=\"http:\/\/twitter.com\/grupogenero\"><img decoding=\"async\" class=\" wp-image-1444 aligncenter\" src=\"https:\/\/generales.uprrp.edu\/programa-mujer-genero\/wp-content\/uploads\/sites\/10\/2020\/11\/Screen-Shot-2020-11-18-at-10.55.04-AM.png\" alt=\"\" width=\"39\" height=\"25\" \/><\/a><a href=\"http:\/\/twitter.com\/grupogenero\"><br \/>\n<img fetchpriority=\"high\" decoding=\"async\" class=\"aligncenter wp-image-976 size-large\" src=\"https:\/\/generales.uprrp.edu\/programa-mujer-genero\/wp-content\/uploads\/sites\/10\/2018\/04\/Screen-Shot-2018-04-10-at-2.41.17-PM-1024x317.png\" alt=\"\" width=\"702\" height=\"217\" srcset=\"https:\/\/generales.uprrp.edu\/concentracion-mujer-genero\/wp-content\/uploads\/sites\/10\/2018\/04\/Screen-Shot-2018-04-10-at-2.41.17-PM-1024x317.png 1024w, https:\/\/generales.uprrp.edu\/concentracion-mujer-genero\/wp-content\/uploads\/sites\/10\/2018\/04\/Screen-Shot-2018-04-10-at-2.41.17-PM-300x93.png 300w, https:\/\/generales.uprrp.edu\/concentracion-mujer-genero\/wp-content\/uploads\/sites\/10\/2018\/04\/Screen-Shot-2018-04-10-at-2.41.17-PM.png 1524w, https:\/\/generales.uprrp.edu\/concentracion-mujer-genero\/wp-content\/uploads\/sites\/10\/2018\/04\/Screen-Shot-2018-04-10-at-2.41.17-PM-300x93@2x.png 600w\" sizes=\"(max-width: 702px) 100vw, 702px\" \/><\/a><a href=\"https:\/\/drive.google.com\/file\/d\/1RAAp1dR-4NLQcTkeYAKb4qgJDAc5xd_m\/view\">\u00b7<br \/>\n<\/a><a href=\"http:\/\/twitter.com\/grupogenero\"><br \/>\n<\/a><a href=\"https:\/\/generales.uprrp.edu\/programa-mujer-genero\/datos-sobre-el-programa\/\"><img decoding=\"async\" class=\"aligncenter wp-image-977 size-large\" src=\"https:\/\/generales.uprrp.edu\/programa-mujer-genero\/wp-content\/uploads\/sites\/10\/2018\/04\/Screen-Shot-2018-04-10-at-2.41.22-PM-1024x295.png\" alt=\"\" width=\"702\" height=\"202\" srcset=\"https:\/\/generales.uprrp.edu\/concentracion-mujer-genero\/wp-content\/uploads\/sites\/10\/2018\/04\/Screen-Shot-2018-04-10-at-2.41.22-PM-1024x295.png 1024w, https:\/\/generales.uprrp.edu\/concentracion-mujer-genero\/wp-content\/uploads\/sites\/10\/2018\/04\/Screen-Shot-2018-04-10-at-2.41.22-PM-300x86.png 300w, https:\/\/generales.uprrp.edu\/concentracion-mujer-genero\/wp-content\/uploads\/sites\/10\/2018\/04\/Screen-Shot-2018-04-10-at-2.41.22-PM.png 1542w, https:\/\/generales.uprrp.edu\/concentracion-mujer-genero\/wp-content\/uploads\/sites\/10\/2018\/04\/Screen-Shot-2018-04-10-at-2.41.22-PM-300x86@2x.png 600w\" sizes=\"(max-width: 702px) 100vw, 702px\" \/><\/a><a href=\"https:\/\/drive.google.com\/file\/d\/0B-Xr-WTiPvNUV1BTLWxKQzM0dWM\/view\" target=\"_blank\" rel=\"noopener noreferrer\"><br \/>\n<\/a><a href=\"https:\/\/drive.google.com\/file\/d\/0B-Xr-WTiPvNUV1BTLWxKQzM0dWM\/view\" target=\"_blank\" rel=\"noopener noreferrer\"><img loading=\"lazy\" decoding=\"async\" class=\"aligncenter wp-image-978 size-large\" src=\"https:\/\/generales.uprrp.edu\/programa-mujer-genero\/wp-content\/uploads\/sites\/10\/2018\/04\/Screen-Shot-2018-04-10-at-2.41.29-PM-1024x229.png\" alt=\"\" width=\"702\" height=\"157\" srcset=\"https:\/\/generales.uprrp.edu\/concentracion-mujer-genero\/wp-content\/uploads\/sites\/10\/2018\/04\/Screen-Shot-2018-04-10-at-2.41.29-PM-1024x229.png 1024w, https:\/\/generales.uprrp.edu\/concentracion-mujer-genero\/wp-content\/uploads\/sites\/10\/2018\/04\/Screen-Shot-2018-04-10-at-2.41.29-PM-300x67.png 300w, https:\/\/generales.uprrp.edu\/concentracion-mujer-genero\/wp-content\/uploads\/sites\/10\/2018\/04\/Screen-Shot-2018-04-10-at-2.41.29-PM.png 1538w, https:\/\/generales.uprrp.edu\/concentracion-mujer-genero\/wp-content\/uploads\/sites\/10\/2018\/04\/Screen-Shot-2018-04-10-at-2.41.29-PM-300x67@2x.png 600w\" sizes=\"(max-width: 702px) 100vw, 702px\" \/><\/a><a href=\"https:\/\/drive.google.com\/file\/d\/1RAAp1dR-4NLQcTkeYAKb4qgJDAc5xd_m\/view\" target=\"_blank\" rel=\"noopener noreferrer\"><img loading=\"lazy\" decoding=\"async\" class=\"aligncenter wp-image-912 size-large\" src=\"https:\/\/generales.uprrp.edu\/programa-mujer-genero\/wp-content\/uploads\/sites\/10\/2018\/04\/Screen-Shot-2018-04-05-at-3.06.18-PM-1024x89.png\" alt=\"\" width=\"702\" height=\"61\" srcset=\"https:\/\/generales.uprrp.edu\/concentracion-mujer-genero\/wp-content\/uploads\/sites\/10\/2018\/04\/Screen-Shot-2018-04-05-at-3.06.18-PM-1024x89.png 1024w, https:\/\/generales.uprrp.edu\/concentracion-mujer-genero\/wp-content\/uploads\/sites\/10\/2018\/04\/Screen-Shot-2018-04-05-at-3.06.18-PM-300x26.png 300w, https:\/\/generales.uprrp.edu\/concentracion-mujer-genero\/wp-content\/uploads\/sites\/10\/2018\/04\/Screen-Shot-2018-04-05-at-3.06.18-PM.png 1502w, https:\/\/generales.uprrp.edu\/concentracion-mujer-genero\/wp-content\/uploads\/sites\/10\/2018\/04\/Screen-Shot-2018-04-05-at-3.06.18-PM-300x26@2x.png 600w\" sizes=\"(max-width: 702px) 100vw, 702px\" \/><br \/>\n<\/a><a href=\"https:\/\/drive.google.com\/file\/d\/1dknT20g3hICkne58SxWc7yHRmuL7ahyF\/view\" target=\"_blank\" rel=\"noopener noreferrer\"><img loading=\"lazy\" decoding=\"async\" class=\"aligncenter wp-image-979 size-large\" src=\"https:\/\/generales.uprrp.edu\/programa-mujer-genero\/wp-content\/uploads\/sites\/10\/2018\/04\/Screen-Shot-2018-04-10-at-2.41.06-PM-1024x304.png\" alt=\"\" width=\"702\" height=\"208\" srcset=\"https:\/\/generales.uprrp.edu\/concentracion-mujer-genero\/wp-content\/uploads\/sites\/10\/2018\/04\/Screen-Shot-2018-04-10-at-2.41.06-PM-1024x304.png 1024w, https:\/\/generales.uprrp.edu\/concentracion-mujer-genero\/wp-content\/uploads\/sites\/10\/2018\/04\/Screen-Shot-2018-04-10-at-2.41.06-PM-300x89.png 300w, https:\/\/generales.uprrp.edu\/concentracion-mujer-genero\/wp-content\/uploads\/sites\/10\/2018\/04\/Screen-Shot-2018-04-10-at-2.41.06-PM.png 1550w, https:\/\/generales.uprrp.edu\/concentracion-mujer-genero\/wp-content\/uploads\/sites\/10\/2018\/04\/Screen-Shot-2018-04-10-at-2.41.06-PM-300x89@2x.png 600w\" sizes=\"(max-width: 702px) 100vw, 702px\" \/><\/a><a href=\"https:\/\/drive.google.com\/file\/d\/1RAAp1dR-4NLQcTkeYAKb4qgJDAc5xd_m\/view\"><img loading=\"lazy\" decoding=\"async\" class=\"aligncenter wp-image-964 size-large\" src=\"https:\/\/generales.uprrp.edu\/programa-mujer-genero\/wp-content\/uploads\/sites\/10\/2018\/04\/Screen-Shot-2018-04-09-at-11.44.32-AM-1024x297.png\" alt=\"\" width=\"702\" height=\"204\" srcset=\"https:\/\/generales.uprrp.edu\/concentracion-mujer-genero\/wp-content\/uploads\/sites\/10\/2018\/04\/Screen-Shot-2018-04-09-at-11.44.32-AM-1024x297.png 1024w, https:\/\/generales.uprrp.edu\/concentracion-mujer-genero\/wp-content\/uploads\/sites\/10\/2018\/04\/Screen-Shot-2018-04-09-at-11.44.32-AM-300x87.png 300w, https:\/\/generales.uprrp.edu\/concentracion-mujer-genero\/wp-content\/uploads\/sites\/10\/2018\/04\/Screen-Shot-2018-04-09-at-11.44.32-AM.png 1532w, https:\/\/generales.uprrp.edu\/concentracion-mujer-genero\/wp-content\/uploads\/sites\/10\/2018\/04\/Screen-Shot-2018-04-09-at-11.44.32-AM-300x87@2x.png 600w\" sizes=\"(max-width: 702px) 100vw, 702px\" \/><\/a><a href=\"https:\/\/drive.google.com\/file\/d\/1yT7NehfLGJ0l24Y8GcW92Mf9_N6gOC31\/view\" target=\"_blank\" rel=\"noopener noreferrer\"><br \/>\n<\/a><a href=\"https:\/\/drive.google.com\/file\/d\/1yT7NehfLGJ0l24Y8GcW92Mf9_N6gOC31\/view\"><img loading=\"lazy\" decoding=\"async\" class=\"aligncenter wp-image-919 size-large\" src=\"https:\/\/generales.uprrp.edu\/programa-mujer-genero\/wp-content\/uploads\/sites\/10\/2018\/04\/Screen-Shot-2018-04-06-at-11.55.04-AM-1024x236.png\" alt=\"\" width=\"702\" height=\"162\" srcset=\"https:\/\/generales.uprrp.edu\/concentracion-mujer-genero\/wp-content\/uploads\/sites\/10\/2018\/04\/Screen-Shot-2018-04-06-at-11.55.04-AM-1024x236.png 1024w, https:\/\/generales.uprrp.edu\/concentracion-mujer-genero\/wp-content\/uploads\/sites\/10\/2018\/04\/Screen-Shot-2018-04-06-at-11.55.04-AM-300x69.png 300w, https:\/\/generales.uprrp.edu\/concentracion-mujer-genero\/wp-content\/uploads\/sites\/10\/2018\/04\/Screen-Shot-2018-04-06-at-11.55.04-AM.png 1538w, https:\/\/generales.uprrp.edu\/concentracion-mujer-genero\/wp-content\/uploads\/sites\/10\/2018\/04\/Screen-Shot-2018-04-06-at-11.55.04-AM-300x69@2x.png 600w\" sizes=\"(max-width: 702px) 100vw, 702px\" \/><\/a><\/p>\n<p><img loading=\"lazy\" decoding=\"async\" class=\"alignright wp-image-912 size-large\" src=\"https:\/\/generales.uprrp.edu\/programa-mujer-genero\/wp-content\/uploads\/sites\/10\/2018\/04\/Screen-Shot-2018-04-05-at-3.06.18-PM-1024x89.png\" alt=\"\" width=\"702\" height=\"61\" srcset=\"https:\/\/generales.uprrp.edu\/concentracion-mujer-genero\/wp-content\/uploads\/sites\/10\/2018\/04\/Screen-Shot-2018-04-05-at-3.06.18-PM-1024x89.png 1024w, https:\/\/generales.uprrp.edu\/concentracion-mujer-genero\/wp-content\/uploads\/sites\/10\/2018\/04\/Screen-Shot-2018-04-05-at-3.06.18-PM-300x26.png 300w, https:\/\/generales.uprrp.edu\/concentracion-mujer-genero\/wp-content\/uploads\/sites\/10\/2018\/04\/Screen-Shot-2018-04-05-at-3.06.18-PM.png 1502w, https:\/\/generales.uprrp.edu\/concentracion-mujer-genero\/wp-content\/uploads\/sites\/10\/2018\/04\/Screen-Shot-2018-04-05-at-3.06.18-PM-300x26@2x.png 600w\" sizes=\"(max-width: 702px) 100vw, 702px\" \/><\/p>\n<p>&nbsp;<\/p>\n<p><a href=\"https:\/\/drive.google.com\/file\/d\/1a3elBa1yt_xVC-J3qWbyTbH1jDQMiJwJ\/view\"><img loading=\"lazy\" decoding=\"async\" class=\"aligncenter wp-image-962 size-large\" src=\"https:\/\/generales.uprrp.edu\/programa-mujer-genero\/wp-content\/uploads\/sites\/10\/2018\/04\/Screen-Shot-2018-04-09-at-11.40.03-AM-1024x301.png\" alt=\"\" width=\"702\" height=\"206\" srcset=\"https:\/\/generales.uprrp.edu\/concentracion-mujer-genero\/wp-content\/uploads\/sites\/10\/2018\/04\/Screen-Shot-2018-04-09-at-11.40.03-AM-1024x301.png 1024w, https:\/\/generales.uprrp.edu\/concentracion-mujer-genero\/wp-content\/uploads\/sites\/10\/2018\/04\/Screen-Shot-2018-04-09-at-11.40.03-AM-300x88.png 300w, https:\/\/generales.uprrp.edu\/concentracion-mujer-genero\/wp-content\/uploads\/sites\/10\/2018\/04\/Screen-Shot-2018-04-09-at-11.40.03-AM.png 1526w, https:\/\/generales.uprrp.edu\/concentracion-mujer-genero\/wp-content\/uploads\/sites\/10\/2018\/04\/Screen-Shot-2018-04-09-at-11.40.03-AM-300x88@2x.png 600w\" sizes=\"(max-width: 702px) 100vw, 702px\" \/><\/a><\/p>\n<p><a href=\"https:\/\/drive.google.com\/file\/d\/1lyqfnv3oemmf9nHWDN4B_pRS_-W2X3UY\/view\"><img loading=\"lazy\" decoding=\"async\" class=\"aligncenter wp-image-968 size-large\" src=\"https:\/\/generales.uprrp.edu\/programa-mujer-genero\/wp-content\/uploads\/sites\/10\/2018\/04\/Screen-Shot-2018-04-09-at-12.17.07-PM-1024x297.png\" alt=\"\" width=\"702\" height=\"204\" srcset=\"https:\/\/generales.uprrp.edu\/concentracion-mujer-genero\/wp-content\/uploads\/sites\/10\/2018\/04\/Screen-Shot-2018-04-09-at-12.17.07-PM-1024x297.png 1024w, https:\/\/generales.uprrp.edu\/concentracion-mujer-genero\/wp-content\/uploads\/sites\/10\/2018\/04\/Screen-Shot-2018-04-09-at-12.17.07-PM-300x87.png 300w, https:\/\/generales.uprrp.edu\/concentracion-mujer-genero\/wp-content\/uploads\/sites\/10\/2018\/04\/Screen-Shot-2018-04-09-at-12.17.07-PM.png 1544w, https:\/\/generales.uprrp.edu\/concentracion-mujer-genero\/wp-content\/uploads\/sites\/10\/2018\/04\/Screen-Shot-2018-04-09-at-12.17.07-PM-300x87@2x.png 600w\" sizes=\"(max-width: 702px) 100vw, 702px\" \/><\/a><\/p>\n<p><a href=\"https:\/\/drive.google.com\/file\/d\/1xxTsZcOiPc9rM9lqCVh6kSW7Dtmd26j3\/view\"><img loading=\"lazy\" decoding=\"async\" class=\"aligncenter wp-image-967 size-large\" src=\"https:\/\/generales.uprrp.edu\/programa-mujer-genero\/wp-content\/uploads\/sites\/10\/2018\/04\/Screen-Shot-2018-04-09-at-11.44.50-AM-1024x250.png\" alt=\"\" width=\"702\" height=\"171\" srcset=\"https:\/\/generales.uprrp.edu\/concentracion-mujer-genero\/wp-content\/uploads\/sites\/10\/2018\/04\/Screen-Shot-2018-04-09-at-11.44.50-AM-1024x250.png 1024w, https:\/\/generales.uprrp.edu\/concentracion-mujer-genero\/wp-content\/uploads\/sites\/10\/2018\/04\/Screen-Shot-2018-04-09-at-11.44.50-AM-300x73.png 300w, https:\/\/generales.uprrp.edu\/concentracion-mujer-genero\/wp-content\/uploads\/sites\/10\/2018\/04\/Screen-Shot-2018-04-09-at-11.44.50-AM.png 1546w, https:\/\/generales.uprrp.edu\/concentracion-mujer-genero\/wp-content\/uploads\/sites\/10\/2018\/04\/Screen-Shot-2018-04-09-at-11.44.50-AM-300x73@2x.png 600w\" sizes=\"(max-width: 702px) 100vw, 702px\" \/><\/a><\/p>\n","protected":false},"excerpt":{"rendered":"<p>Puedes pulsar en algunas im\u00e1genes para redirigirte a los documentos. &nbsp; Propuesta de Concentraci\u00f3n Menor en Estudios de Mujer y G\u00e9nero del Bachillerato en Artes en Estudios Generales \u00b7 &nbsp;<\/p>\n","protected":false},"author":18,"featured_media":0,"parent":415,"menu_order":0,"comment_status":"closed","ping_status":"closed","template":"","meta":{"footnotes":""},"class_list":["post-930","page","type-page","status-publish"],"_links":{"self":[{"href":"https:\/\/generales.uprrp.edu\/concentracion-mujer-genero\/wp-json\/wp\/v2\/pages\/930","targetHints":{"allow":["GET"]}}],"collection":[{"href":"https:\/\/generales.uprrp.edu\/concentracion-mujer-genero\/wp-json\/wp\/v2\/pages"}],"about":[{"href":"https:\/\/generales.uprrp.edu\/concentracion-mujer-genero\/wp-json\/wp\/v2\/types\/page"}],"author":[{"embeddable":true,"href":"https:\/\/generales.uprrp.edu\/concentracion-mujer-genero\/wp-json\/wp\/v2\/users\/18"}],"replies":[{"embeddable":true,"href":"https:\/\/generales.uprrp.edu\/concentracion-mujer-genero\/wp-json\/wp\/v2\/comments?post=930"}],"version-history":[{"count":27,"href":"https:\/\/generales.uprrp.edu\/concentracion-mujer-genero\/wp-json\/wp\/v2\/pages\/930\/revisions"}],"predecessor-version":[{"id":2081,"href":"https:\/\/generales.uprrp.edu\/concentracion-mujer-genero\/wp-json\/wp\/v2\/pages\/930\/revisions\/2081"}],"up":[{"embeddable":true,"href":"https:\/\/generales.uprrp.edu\/concentracion-mujer-genero\/wp-json\/wp\/v2\/pages\/415"}],"wp:attachment":[{"href":"https:\/\/generales.uprrp.edu\/concentracion-mujer-genero\/wp-json\/wp\/v2\/media?parent=930"}],"curies":[{"name":"wp","href":"https:\/\/api.w.org\/{rel}","templated":true}]}}